{"id":5803,"date":"2022-07-13T22:47:34","date_gmt":"2022-07-13T22:47:34","guid":{"rendered":"http:\/\/hubertpietka.bialystok.pl\/?page_id=5803"},"modified":"2022-07-13T22:47:34","modified_gmt":"2022-07-13T22:47:34","slug":"podstep-sztandarem-roznych-obroncow-prawa","status":"publish","type":"page","link":"https:\/\/hubertpietka.bialystok.pl\/?page_id=5803","title":{"rendered":"Podst\u0119p \/ sztandarem r\u00f3\u017cnych obro\u0144c\u00f3w prawa"},"content":{"rendered":"<p><em><strong>Podst\u0119p \/ sztandarem r\u00f3\u017cnych obro\u0144c\u00f3w prawa\u00a0<\/strong><\/em><\/p>\n<p style=\"text-align: right;\"><em>A ca\u0142y lud sta\u0142 na brzegiem j\u0119z(i)ora\u00a0<\/em><\/p>\n<p>Jest taka metoda dzia\u0142ania<br \/>\nKt\u00f3ra si\u0119 podst\u0119p nazywa<\/p>\n<p>Czy\u017c nie podst\u0119pnie<br \/>\nMa przyj\u015b\u0107 wspania\u0142e bohaterstwo<br \/>\nCzy\u017c nie podst\u0119pnie dzia\u0142aj\u0105<br \/>\nR\u00f3\u017cne misie kolorowe tam czy siam<br \/>\nCzy\u017c pi\u0119knie te\u017c nie wpisuje si\u0119 w podst\u0119p wielki cz\u0142owiek<\/p>\n<p>Podst\u0119p i tu i tam<br \/>\nKto za tym stoi<br \/>\nJaka formacja<br \/>\nObro\u0144cy prawa<br \/>\nPodst\u0119pnie dzia\u0142aj\u0105?<\/p>\n<p>Podst\u0119p te\u017c w dzia\u0142aniu<br \/>\nR\u00f3\u017cnych zab\u00f3jc\u00f3w p\u0142atnych<br \/>\nCzy ja lub moja \u017cona<br \/>\nPewnie i kto\u015b jeszcze<br \/>\nMamy si\u0119 czu\u0107 jak \u017bele\u0144ski<br \/>\nKt\u00f3ry ma by\u0107 <em>fizycznie zlikwidowany<\/em><br \/>\nOn tam a my troch\u0119 inaczej<br \/>\nI pewnie kto\u015b jeszcze<br \/>\nNa gruncie polskim<br \/>\nSk\u0105d to si\u0119 bierze<\/p>\n<p>A co mo\u017ce tak nie jest<br \/>\nPewnie \u017ce nie<br \/>\nDop\u00f3ki kto\u015b z nas oczywi\u015bcie<br \/>\nW spos\u00f3b odpowiedni<br \/>\nNie zginie<\/p>\n<p style=\"text-align: right;\"><em>I wy\u015bmiewali go<\/em><\/p>\n<p style=\"text-align: left;\"><em><a href=\"http:\/\/hubertpietka.bialystok.pl\/wp-content\/uploads\/2022\/07\/IMG_20220714_004139.jpg\"><img loading=\"lazy\" decoding=\"async\" class=\"alignnone size-thumbnail wp-image-5804\" src=\"http:\/\/hubertpietka.bialystok.pl\/wp-content\/uploads\/2022\/07\/IMG_20220714_004139-150x150.jpg\" alt=\"\" width=\"150\" height=\"150\" srcset=\"https:\/\/hubertpietka.bialystok.pl\/wp-content\/uploads\/2022\/07\/IMG_20220714_004139-150x150.jpg 150w, https:\/\/hubertpietka.bialystok.pl\/wp-content\/uploads\/2022\/07\/IMG_20220714_004139-75x75.jpg 75w\" sizes=\"auto, (max-width: 150px) 100vw, 150px\" \/><\/a><\/em><\/p>\n<p><strong>Na zdj. \u015aw. Prokop na b\u0142oniach jasnog\u00f3rskich<\/strong><br \/>\n<strong> Czy\u017c *podst\u0119p* oznacza *post\u0119p*<\/strong><br \/>\n<strong> Imi\u0119 to te\u017c <em>rozw\u00f3j<\/em> znaczy<\/strong><br \/>\n<strong> Rzeczywi\u015bcie jest post\u0119p i rozw\u00f3j<\/strong><br \/>\n<strong> Od wspania\u0142ego bohaterstwa poprzez misie kolorowe do p\u0142atnych zab\u00f3jc\u00f3w<\/strong><br \/>\n<strong> Niemal nieustannie<\/strong><br \/>\n<strong> Rzeczywi\u015bcie pi\u0119kny rozw\u00f3j i post\u0119p<\/strong><br \/>\n<strong> Dzia\u0142a\u0144 podst\u0119pnie niemal doskona\u0142ych\u00a0<\/strong><\/p>\n<p><strong>Jutro \u015bw. Kamila de Lelis<\/strong><br \/>\n<strong> Patrona s\u0142u\u017cby zdrowia<\/strong><br \/>\n<strong> Niech si\u0119 goj\u0105 serca zranione<\/strong><\/p>\n<p><strong>I pozdrowienia z Bia\u0142o &#8211; do\u00a0 My\u015bli &#8211; borza \u015bl\u0119<\/strong><br \/>\n<strong> Tam obraz Jezusa Mi\u0142osiernego sprofanowano<\/strong><br \/>\n<strong> Czyst\u0105 my\u015bl intencji jasnych<\/strong><br \/>\n<strong> Dla si\u00f3str tam stacjonuj\u0105cych<\/strong><br \/>\n<strong> Si\u00f3str Jezusa Mi\u0142osiernego<\/strong><\/p>\n<p style=\"text-align: right;\"><em>Moja matka bracia siostry &#8230;<\/em><\/p>\n","protected":false},"excerpt":{"rendered":"<p>Podst\u0119p \/ sztandarem r\u00f3\u017cnych obro\u0144c\u00f3w prawa\u00a0 A ca\u0142y lud sta\u0142 na brzegiem j\u0119z(i)ora\u00a0 Jest taka metoda dzia\u0142ania Kt\u00f3ra si\u0119 podst\u0119p nazywa Czy\u017c nie podst\u0119pnie Ma&hellip; <\/p>\n","protected":false},"author":1,"featured_media":0,"parent":0,"menu_order":0,"comment_status":"closed","ping_status":"closed","template":"","meta":{"footnotes":""},"class_list":["post-5803","page","type-page","status-publish","hentry"],"_links":{"self":[{"href":"https:\/\/hubertpietka.bialystok.pl\/index.php?rest_route=\/wp\/v2\/pages\/5803","targetHints":{"allow":["GET"]}}],"collection":[{"href":"https:\/\/hubertpietka.bialystok.pl\/index.php?rest_route=\/wp\/v2\/pages"}],"about":[{"href":"https:\/\/hubertpietka.bialystok.pl\/index.php?rest_route=\/wp\/v2\/types\/page"}],"author":[{"embeddable":true,"href":"https:\/\/hubertpietka.bialystok.pl\/index.php?rest_route=\/wp\/v2\/users\/1"}],"replies":[{"embeddable":true,"href":"https:\/\/hubertpietka.bialystok.pl\/index.php?rest_route=%2Fwp%2Fv2%2Fcomments&post=5803"}],"version-history":[{"count":1,"href":"https:\/\/hubertpietka.bialystok.pl\/index.php?rest_route=\/wp\/v2\/pages\/5803\/revisions"}],"predecessor-version":[{"id":5805,"href":"https:\/\/hubertpietka.bialystok.pl\/index.php?rest_route=\/wp\/v2\/pages\/5803\/revisions\/5805"}],"wp:attachment":[{"href":"https:\/\/hubertpietka.bialystok.pl\/index.php?rest_route=%2Fwp%2Fv2%2Fmedia&parent=5803"}],"curies":[{"name":"wp","href":"https:\/\/api.w.org\/{rel}","templated":true}]}}