{"id":5815,"date":"2022-07-16T15:22:09","date_gmt":"2022-07-16T15:22:09","guid":{"rendered":"http:\/\/hubertpietka.bialystok.pl\/?page_id=5815"},"modified":"2022-07-16T15:22:09","modified_gmt":"2022-07-16T15:22:09","slug":"permanentne-i-koniunkturalne-sie-zasadzanie","status":"publish","type":"page","link":"https:\/\/hubertpietka.bialystok.pl\/?page_id=5815","title":{"rendered":"Permanentne i koniunkturalne \/ si\u0119 zasadzanie"},"content":{"rendered":"<p><em><strong>Permanentne i koniunkturalne \/ si\u0119 zasadzanie\u00a0<\/strong><\/em><\/p>\n<p>C\u00f3\u017c ja mam zrobi\u0107 biedny<br \/>\nZ tym wielkim cz\u0142owiekiem<br \/>\nI wspania\u0142ym bohaterstwem<\/p>\n<p>Tak jak cho\u0107by teraz<br \/>\nCz\u0142owieka wielkiego wyj\u015bcia i powroty<br \/>\nBardzo je lubi przecie\u017c wspania\u0142e bohaterstwo<\/p>\n<p>Poczynaj\u0105c od wielkiego cz\u0142owieka<br \/>\nPi\u0119knych <em>wychodk\u00f3w<\/em><br \/>\nPoprzez <em>zawrotki<\/em><br \/>\nKt\u00f3re maj\u0105 spowodowa\u0107 zawroty g\u0142owy g\u0142\u00f3wnie u mnie<br \/>\nA\u017c po powroty<br \/>\nNa kt\u00f3re przecie\u017c bohaterstwo wspania\u0142e<br \/>\nMa <em>wej\u015bci\u00f3wki<\/em> zawsze<br \/>\nI oczywi\u015bcie nigdy nie wiadomo<br \/>\nW jakim czasie<\/p>\n<p>I c\u00f3\u017c ja mam pocz\u0105\u0107<\/p>\n<p>A cz\u0142owiek wielki tak \u015bwi\u0119ty<br \/>\nPotrafi nawet zamieni\u0107 ko\u015bci\u00f3\u0142ek na pi\u0119kn\u0105 aferk\u0119<br \/>\nA w sumie to i mo\u017cna<br \/>\nI przed i po ko\u015bci\u00f3\u0142kiem<br \/>\nNie tylko zamiast<br \/>\nTu aferka a tam wielka \u015bwi\u0119to\u015b\u0107<br \/>\nA przecie\u017c zapewne mo\u017cna by\u0107 \u015bwi\u0119tym i bez Boga<br \/>\nA ju\u017c na pewno i bez ko\u015bci\u00f3\u0142ka tam jakiego\u015b<br \/>\nCz\u0142owiek wielki jak to zrobi\u0107 poka\u017ce na pewno<\/p>\n<p>I c\u00f3\u017c ja mam zrobi\u0107 i w domu<br \/>\nSkoro w z\u0142o-tych godzinach<br \/>\nGwiazda wielkiego cz\u0142owieka<br \/>\nZawsze \u015bwieci dla bohaterstwaterstwa wspania\u0142ego<br \/>\nNa podw\u00f3reczku no to musz\u0105 przyj\u015b\u0107 w ko\u0144cu<\/p>\n<p>A \u017ce to jest ca\u0142kiem weso\u0142e harcownictwo<br \/>\nTo ju\u017c nawet nie wspomn\u0119<br \/>\nPodobnie \u017ce misie kolorowe<br \/>\nTam czy siam czy po drodze<\/p>\n<p>A i z \u017con\u0105 moj\u0105<br \/>\nWsz\u0119dzie co\u015b sta\u0107 si\u0119 mo\u017ce<br \/>\nKto wie mo\u017ce i ze mn\u0105 i<br \/>\nZ tym psem nawet i z bliskimi pewnie<br \/>\nSzczeg\u00f3lnie tam gdzie nie jestem<\/p>\n<p style=\"text-align: center;\"><a href=\"https:\/\/youtu.be\/8Ca0qLZIlkY\"><em><strong>Luxtorpeda &#8211; Gimli<\/strong><\/em><\/a><\/p>\n<p><a href=\"http:\/\/hubertpietka.bialystok.pl\/wp-content\/uploads\/2022\/07\/IMG_20220716_170852.jpg\"><img loading=\"lazy\" decoding=\"async\" class=\"alignnone size-thumbnail wp-image-5816\" src=\"http:\/\/hubertpietka.bialystok.pl\/wp-content\/uploads\/2022\/07\/IMG_20220716_170852-150x150.jpg\" alt=\"\" width=\"150\" height=\"150\" srcset=\"https:\/\/hubertpietka.bialystok.pl\/wp-content\/uploads\/2022\/07\/IMG_20220716_170852-150x150.jpg 150w, https:\/\/hubertpietka.bialystok.pl\/wp-content\/uploads\/2022\/07\/IMG_20220716_170852-75x75.jpg 75w\" sizes=\"auto, (max-width: 150px) 100vw, 150px\" \/><\/a><\/p>\n<p><strong>Na zdj. Maryja w ofiarowanie ge\u015bcie<\/strong><br \/>\n<strong> W Solcu-Zdroju<\/strong><br \/>\n<strong> I c\u00f3\u017c ja mam pocz\u0105\u0107<\/strong><br \/>\n<strong> Z tak wielkim cz\u0142owiekiem<\/strong><br \/>\n<strong> Tak wspania\u0142ym bohaterstwem<\/strong><br \/>\n<strong> Tak pi\u0119knymi misiami kolorowymi<\/strong><br \/>\n<strong> Po prostu ofiarowuj\u0119 to tobie<\/strong><br \/>\n<strong> A ty Maryjo czuwaj<\/strong><br \/>\n<strong> Nad nami Ducha \u015awi\u0119tego przyzywaj<\/strong><br \/>\n<strong> I opieki Bo\u017cej Opatrzno\u015bci<\/strong><\/p>\n<p><strong>Tym bardziej \u017ce dzisiaj jest<\/strong><br \/>\n<strong> Szkaplerznej Matki z G\u00f3ry Karmel<\/strong><br \/>\n<strong> B\u0105d\u017a dla nas s\u0142odk\u0105 opiekunk\u0105 o Matko<\/strong><br \/>\n<strong> I dla wszystkich twoich dzieci<\/strong><br \/>\n<strong> Trwaj\u0105cych w prawdzie<\/strong><\/p>\n","protected":false},"excerpt":{"rendered":"<p>Permanentne i koniunkturalne \/ si\u0119 zasadzanie\u00a0 C\u00f3\u017c ja mam zrobi\u0107 biedny Z tym wielkim cz\u0142owiekiem I wspania\u0142ym bohaterstwem Tak jak cho\u0107by teraz Cz\u0142owieka wielkiego wyj\u015bcia&hellip; <\/p>\n","protected":false},"author":1,"featured_media":0,"parent":0,"menu_order":0,"comment_status":"closed","ping_status":"closed","template":"","meta":{"footnotes":""},"class_list":["post-5815","page","type-page","status-publish","hentry"],"_links":{"self":[{"href":"https:\/\/hubertpietka.bialystok.pl\/index.php?rest_route=\/wp\/v2\/pages\/5815","targetHints":{"allow":["GET"]}}],"collection":[{"href":"https:\/\/hubertpietka.bialystok.pl\/index.php?rest_route=\/wp\/v2\/pages"}],"about":[{"href":"https:\/\/hubertpietka.bialystok.pl\/index.php?rest_route=\/wp\/v2\/types\/page"}],"author":[{"embeddable":true,"href":"https:\/\/hubertpietka.bialystok.pl\/index.php?rest_route=\/wp\/v2\/users\/1"}],"replies":[{"embeddable":true,"href":"https:\/\/hubertpietka.bialystok.pl\/index.php?rest_route=%2Fwp%2Fv2%2Fcomments&post=5815"}],"version-history":[{"count":1,"href":"https:\/\/hubertpietka.bialystok.pl\/index.php?rest_route=\/wp\/v2\/pages\/5815\/revisions"}],"predecessor-version":[{"id":5817,"href":"https:\/\/hubertpietka.bialystok.pl\/index.php?rest_route=\/wp\/v2\/pages\/5815\/revisions\/5817"}],"wp:attachment":[{"href":"https:\/\/hubertpietka.bialystok.pl\/index.php?rest_route=%2Fwp%2Fv2%2Fmedia&parent=5815"}],"curies":[{"name":"wp","href":"https:\/\/api.w.org\/{rel}","templated":true}]}}