{"id":5822,"date":"2022-07-18T07:50:03","date_gmt":"2022-07-18T07:50:03","guid":{"rendered":"http:\/\/hubertpietka.bialystok.pl\/?page_id=5822"},"modified":"2022-07-18T07:55:21","modified_gmt":"2022-07-18T07:55:21","slug":"w-sluzbie-ideologii-i-bynajmniej-nie-prawdy","status":"publish","type":"page","link":"https:\/\/hubertpietka.bialystok.pl\/?page_id=5822","title":{"rendered":"W s\u0142u\u017cbie ideologii \/ i bynajmniej nie prawdy"},"content":{"rendered":"<p><em><strong>W s\u0142u\u017cbie ideologii \/ i bynajmniej nie prawdy<\/strong><\/em><\/p>\n<p>*Ideo-logia*<br \/>\n*Id\u0119 za logik\u0105* pewn\u0105<br \/>\nKt\u00f3ra nie ma nic wsp\u00f3lnego z prawd\u0105<br \/>\n*Logos* id\u0119 za s\u0142owem<\/p>\n<p>Czy\u017c nie tak wielki cz\u0142owiek<br \/>\nI bohaterstwo wspania\u0142e w\u0142a\u015bnie<\/p>\n<p><strong>Dzi\u015b jest \u015bw. Szymona z *Lipnicy* Murowanej<\/strong><br \/>\n<strong> Stworzono tu pi\u0119kn\u0105 *lip\u0119*<\/strong><br \/>\n<strong> I z ka\u017cdej strony j\u0105 tu zamurowano<\/strong><br \/>\n<strong> \u017be niby krzywdzony wielki cz\u0142owiek<\/strong><br \/>\n<strong> A tak naprawd\u0119 to chodzi tylko o to<\/strong><br \/>\n<strong> Aby nas st\u0105d usun\u0105\u0107<\/strong><br \/>\n<strong> I z \u017cycia te\u017c odpowiednio<\/strong><br \/>\n<strong> Stworzono ku temu ideologi\u0119 pi\u0119kn\u0105<\/strong><br \/>\n<strong> Kt\u00f3ra nie ma nic wsp\u00f3lnego z prawd\u0105<\/strong><\/p>\n<p>Ma by\u0107 spustoszona ta winnica<br \/>\nJak Winnica na Ukrainie<br \/>\n<em> Chro\u0144 Panie to co zasadzi\u0142a Twa prawica<\/em><br \/>\n<em> Latoro\u015bl kt\u00f3r\u0105 umocniasz dla Siebie<\/em><br \/>\nChro\u0144 i moj\u0105 \u017con\u0119 i naszych i nasze<br \/>\nBo w imi\u0119 ideologii<br \/>\nMa by\u0107 spustoszona<\/p>\n<p>A tak na marginesie<br \/>\nPi\u0119kne cz\u0142owieka wielkiego spacerki<br \/>\nDla wspania\u0142ego bohaterstwa<br \/>\nPi\u0119kne <em>wychodki<\/em> i <em>wej\u015bci\u00f3wki<\/em><br \/>\nDla wspania\u0142ego bohaterstwa aktualne zawsze<br \/>\nTe\u017c si\u0119 zawsze cz\u0142owiekowi wielkiemu przecie\u017c zdarza<br \/>\nNie zamkn\u0105\u0107 brameczki<br \/>\nDla bohaterstwo wspania\u0142ego to akurat<br \/>\nTakie zapominania si\u0119 pi\u0119kne<\/p>\n<p>S\u0142ucha si\u0119 pi\u0119knie Radia Maryja<br \/>\nA czy si\u0119 czyni co tam m\u00f3wi\u0105<br \/>\n<em>Nie ka\u017cdy kto mi m\u00f3wi<\/em><br \/>\n<em> Panie Panie<\/em> nie ka\u017cdy<\/p>\n<p>A swoj\u0105 drog\u0105 to mnie ju\u017c i troch\u0119 roz\u015bmiesza czasem<br \/>\nTo wszystko z tym wielkim cz\u0142owiekiem<br \/>\nI bohaterstwem wspania\u0142ym<br \/>\nByleby tylko<br \/>\nA to \u017ce grubymi ni\u0107mi szyte to c\u00f3\u017c tam<br \/>\nByleby tylko<\/p>\n<p><a href=\"http:\/\/hubertpietka.bialystok.pl\/wp-content\/uploads\/2022\/07\/IMG_20220718_091914.jpg\"><img loading=\"lazy\" decoding=\"async\" class=\"alignnone size-thumbnail wp-image-5826\" src=\"http:\/\/hubertpietka.bialystok.pl\/wp-content\/uploads\/2022\/07\/IMG_20220718_091914-150x150.jpg\" alt=\"\" width=\"150\" height=\"150\" srcset=\"https:\/\/hubertpietka.bialystok.pl\/wp-content\/uploads\/2022\/07\/IMG_20220718_091914-150x150.jpg 150w, https:\/\/hubertpietka.bialystok.pl\/wp-content\/uploads\/2022\/07\/IMG_20220718_091914-75x75.jpg 75w\" sizes=\"auto, (max-width: 150px) 100vw, 150px\" \/><\/a><\/p>\n<p><em><strong>Na zdj. Krzy\u017c \u015bw. Antoni \u015bw. Micha\u0142 Archanio\u0142<\/strong><\/em><br \/>\n<em> <strong> W drzwiach klasztoru stopnickiego sercan\u00f3w<\/strong><\/em><br \/>\n<em> <strong> Mam ja krzy\u017c Pa\u0144ski z nimi wszystkimi<\/strong><\/em><br \/>\n<em> <strong> Ale ufam w Panu \u017ce i to przetrzymam<\/strong><\/em><br \/>\n<em> <strong> \u015aw. Antoni wstawiaj si\u0119 za nami zawsze<\/strong><\/em><br \/>\n<em> <strong> Szczeg\u00f3lnie za wybrank\u0105 mojego serca<\/strong><\/em><br \/>\n<em> <strong> \u015aw. Michale Archaniele chro\u0144 mnie przed nimi<\/strong><\/em><br \/>\n<em> <strong> Bo z Boga to wszystko bynajmniej nie jest<\/strong><\/em><br \/>\n<em><strong> I wstawiaj si\u0119 za Ukrain\u0105<\/strong><\/em><\/p>\n","protected":false},"excerpt":{"rendered":"<p>W s\u0142u\u017cbie ideologii \/ i bynajmniej nie prawdy *Ideo-logia* *Id\u0119 za logik\u0105* pewn\u0105 Kt\u00f3ra nie ma nic wsp\u00f3lnego z prawd\u0105 *Logos* id\u0119 za s\u0142owem Czy\u017c&hellip; <\/p>\n","protected":false},"author":1,"featured_media":0,"parent":0,"menu_order":0,"comment_status":"closed","ping_status":"closed","template":"","meta":{"footnotes":""},"class_list":["post-5822","page","type-page","status-publish","hentry"],"_links":{"self":[{"href":"https:\/\/hubertpietka.bialystok.pl\/index.php?rest_route=\/wp\/v2\/pages\/5822","targetHints":{"allow":["GET"]}}],"collection":[{"href":"https:\/\/hubertpietka.bialystok.pl\/index.php?rest_route=\/wp\/v2\/pages"}],"about":[{"href":"https:\/\/hubertpietka.bialystok.pl\/index.php?rest_route=\/wp\/v2\/types\/page"}],"author":[{"embeddable":true,"href":"https:\/\/hubertpietka.bialystok.pl\/index.php?rest_route=\/wp\/v2\/users\/1"}],"replies":[{"embeddable":true,"href":"https:\/\/hubertpietka.bialystok.pl\/index.php?rest_route=%2Fwp%2Fv2%2Fcomments&post=5822"}],"version-history":[{"count":3,"href":"https:\/\/hubertpietka.bialystok.pl\/index.php?rest_route=\/wp\/v2\/pages\/5822\/revisions"}],"predecessor-version":[{"id":5827,"href":"https:\/\/hubertpietka.bialystok.pl\/index.php?rest_route=\/wp\/v2\/pages\/5822\/revisions\/5827"}],"wp:attachment":[{"href":"https:\/\/hubertpietka.bialystok.pl\/index.php?rest_route=%2Fwp%2Fv2%2Fmedia&parent=5822"}],"curies":[{"name":"wp","href":"https:\/\/api.w.org\/{rel}","templated":true}]}}