{"id":5839,"date":"2022-07-21T13:00:11","date_gmt":"2022-07-21T13:00:11","guid":{"rendered":"http:\/\/hubertpietka.bialystok.pl\/?page_id=5839"},"modified":"2022-07-21T13:00:11","modified_gmt":"2022-07-21T13:00:11","slug":"pod-podkresnikiem-przypadkowo-wszystko","status":"publish","type":"page","link":"https:\/\/hubertpietka.bialystok.pl\/?page_id=5839","title":{"rendered":"Pod podkre\u015bnikiem \/ przypadkowo wszystko"},"content":{"rendered":"<p><em><strong>Pod podkre\u015bnikiem \/ przypadkowo wszystko\u00a0<\/strong><\/em><\/p>\n<p>Powiedzia\u0142 B\u00f3g mi<br \/>\n<em>Je\u015bli cokolwiek cokolwieczunio ci<br \/>\nTo zobacz\u0105 po trzech dniach<\/em><br \/>\n<em>Nie wierz\u0105 to si\u0119 przekonaj\u0105<\/em><\/p>\n<p>A z moj\u0105 \u017con\u0105 efekt<br \/>\nMo\u017ce by\u0107 podobny<\/p>\n<p>Wi\u0119c maj\u0105 mnie chroni\u0107<br \/>\nPrzed samym sob\u0105<br \/>\nNajlepiej wprowadzaj\u0105c w stan na przyk\u0142ad wegetatywny<br \/>\nKiedy ju\u017c nic nie napisz\u0119<\/p>\n<p>Niech lepiej zostawi\u0105 nas w spokoju prawdziwym<br \/>\nNie musz\u0105 mnie chroni\u0107<br \/>\nNiech chocia\u017c nie szkodz\u0105<\/p>\n<p>Podobnie z tym psem<br \/>\nNaszymi i naszym<br \/>\nNiech nie szkodz\u0105 chocia\u017c<br \/>\nZ reszt\u0105 sobie poradz\u0119<\/p>\n<hr \/>\n<p>A oni oczywi\u015bcie wszystko przypadkowo<br \/>\nPod grub\u0105 kresk\u0105 podkre\u015blone<\/p>\n<p>*Mee-to-da*<br \/>\nTo skutek ma da\u0107<br \/>\nA wszystko zwi\u0105zane z\u00a0 cz\u0142owiekiem wielkim<br \/>\nTrudno nawet wyobrazi\u0107 sobie t\u0105 uk\u0142adank\u0119<br \/>\nZe wspania\u0142ym bohaterstwem<br \/>\nBez tego elementu niezb\u0119dnego<br \/>\nSpacerki na podw\u00f3reczku wyprawki na miasto metody ubeckie<br \/>\nI co tam jeszcze vel weso\u0142e harcownictwo<\/p>\n<hr \/>\n<p>Ale wszystko przypadkowo oczywi\u015bcie<br \/>\nPod kresk\u0105 podkre\u015blone to jest<\/p>\n<p><strong>Dzi\u015b \u015bw. *Wi-kto-ra*<\/strong><br \/>\n<strong> B\u00f3g *wi kt\u00f3ry kt\u00f3ra* i co<\/strong><br \/>\n<strong> M\u00f3wi\u0105c ludow\u0105 gwar\u0105<\/strong><\/p>\n<p><a href=\"http:\/\/hubertpietka.bialystok.pl\/wp-content\/uploads\/2022\/07\/IMG_20220721_145316.jpg\"><img loading=\"lazy\" decoding=\"async\" class=\"alignnone size-thumbnail wp-image-5840\" src=\"http:\/\/hubertpietka.bialystok.pl\/wp-content\/uploads\/2022\/07\/IMG_20220721_145316-150x150.jpg\" alt=\"\" width=\"150\" height=\"150\" srcset=\"https:\/\/hubertpietka.bialystok.pl\/wp-content\/uploads\/2022\/07\/IMG_20220721_145316-150x150.jpg 150w, https:\/\/hubertpietka.bialystok.pl\/wp-content\/uploads\/2022\/07\/IMG_20220721_145316-75x75.jpg 75w\" sizes=\"auto, (max-width: 150px) 100vw, 150px\" \/><\/a><\/p>\n<p><strong>Na zdj. Stopy Jezusa Mi\u0142osiernego<\/strong><br \/>\n<strong> I napis <em>Jezu ufam Tobie<\/em><\/strong><br \/>\n<strong> W ko\u015bciele w Solcu-Zdroju<\/strong><br \/>\n<strong> Nikt nie jest godzien nawet st\u00f3p ca\u0142owa\u0107 Bogu<\/strong><br \/>\n<strong> B\u00f3g Sw\u0105 chwa\u0142\u0119 jeszcze oka\u017ce<\/strong><br \/>\n<strong> W taki czy inny spos\u00f3b<\/strong><br \/>\n<strong> <em>Kt\u00f3\u017c r\u00f3wny Bogu<\/em><\/strong><\/p>\n","protected":false},"excerpt":{"rendered":"<p>Pod podkre\u015bnikiem \/ przypadkowo wszystko\u00a0 Powiedzia\u0142 B\u00f3g mi Je\u015bli cokolwiek cokolwieczunio ci To zobacz\u0105 po trzech dniach Nie wierz\u0105 to si\u0119 przekonaj\u0105 A z moj\u0105&hellip; <\/p>\n","protected":false},"author":1,"featured_media":0,"parent":0,"menu_order":0,"comment_status":"closed","ping_status":"closed","template":"","meta":{"footnotes":""},"class_list":["post-5839","page","type-page","status-publish","hentry"],"_links":{"self":[{"href":"https:\/\/hubertpietka.bialystok.pl\/index.php?rest_route=\/wp\/v2\/pages\/5839","targetHints":{"allow":["GET"]}}],"collection":[{"href":"https:\/\/hubertpietka.bialystok.pl\/index.php?rest_route=\/wp\/v2\/pages"}],"about":[{"href":"https:\/\/hubertpietka.bialystok.pl\/index.php?rest_route=\/wp\/v2\/types\/page"}],"author":[{"embeddable":true,"href":"https:\/\/hubertpietka.bialystok.pl\/index.php?rest_route=\/wp\/v2\/users\/1"}],"replies":[{"embeddable":true,"href":"https:\/\/hubertpietka.bialystok.pl\/index.php?rest_route=%2Fwp%2Fv2%2Fcomments&post=5839"}],"version-history":[{"count":1,"href":"https:\/\/hubertpietka.bialystok.pl\/index.php?rest_route=\/wp\/v2\/pages\/5839\/revisions"}],"predecessor-version":[{"id":5841,"href":"https:\/\/hubertpietka.bialystok.pl\/index.php?rest_route=\/wp\/v2\/pages\/5839\/revisions\/5841"}],"wp:attachment":[{"href":"https:\/\/hubertpietka.bialystok.pl\/index.php?rest_route=%2Fwp%2Fv2%2Fmedia&parent=5839"}],"curies":[{"name":"wp","href":"https:\/\/api.w.org\/{rel}","templated":true}]}}