{"id":5851,"date":"2022-07-22T19:19:43","date_gmt":"2022-07-22T19:19:43","guid":{"rendered":"http:\/\/hubertpietka.bialystok.pl\/?page_id=5851"},"modified":"2022-07-22T19:23:07","modified_gmt":"2022-07-22T19:23:07","slug":"przypadkowe-przypadki-w-pewnych-przypadkach","status":"publish","type":"page","link":"https:\/\/hubertpietka.bialystok.pl\/?page_id=5851","title":{"rendered":"Przypadkowe przypadki \/ w pewnych wypadkach"},"content":{"rendered":"<p><em><strong>Przypadkowe przypadki \/ w pewnych wypadkach<\/strong><\/em><\/p>\n<p>Maj\u0105 przyj\u015b\u0107 po mnie<br \/>\nMisie kolorowe bohaterstwo wspania\u0142e<br \/>\nTam czy tu<br \/>\nMaj\u0105 czy nie maj\u0105<br \/>\nJak to jest<\/p>\n<p>Bohaterstwo wspania\u0142e misie kolorowe zar\u00f3wno<br \/>\nDop\u00f3ki jeszcze nie przyszli<br \/>\nTo przyj\u015b\u0107 nie mieli<br \/>\nNie zamierzali wcale<br \/>\nA jak ju\u017c przyjd\u0105<br \/>\nTo tylko przez przypadek<br \/>\nWielki cz\u0142owiek te\u017c przypadkowo<br \/>\nW taki czy inny spos\u00f3b<br \/>\nIm na przeciw wychodzi<br \/>\nPrzecie\u017c je\u015bli jeszcze nie przyszli<br \/>\nTo przyj\u015b\u0107 nie mieli<br \/>\nA jak ju\u017c przyjd\u0105 to przyjd\u0105 po prostu<br \/>\nDoskona\u0142e<\/p>\n<p>A ja jestem tak szalony<br \/>\n\u017be od dawna i pisze o tym<br \/>\nI zapowiadam \u017ce tak si\u0119 ma sta\u0107<br \/>\nTak jestem szalony dop\u00f3ki to si\u0119 nie stanie<br \/>\nI dlatego ma si\u0119 sta\u0107 to w\u0142a\u015bnie<\/p>\n<p>A z moj\u0105 \u017con\u0105 bliskimi niekt\u00f3rymi naszym<br \/>\nMa si\u0119 co\u015b sta\u0107 czy mo\u017ce nie<br \/>\nPewnie na podobnej zasadzie<br \/>\n\u017be dop\u00f3ki si\u0119 nie sta\u0142o<br \/>\nTo nie ma nawet m\u00f3wi\u0107 o czym<br \/>\nA jak si\u0119 stanie<br \/>\nTo przez przypadek czysty<br \/>\nLub tak mia\u0142o by\u0107<\/p>\n<p>Tak\u017ce p\u00f3ki tego nie ma to urojenia<br \/>\nA jak b\u0119dzie to ma by\u0107 a jak\u017ce<br \/>\nOczywi\u015bcie przez przypadek<br \/>\nTo czy tamto<\/p>\n<p><em>Pan da\u0142 mi obraz<\/em><br \/>\n<em> Chodz\u0105 *o-gry* trole<\/em><br \/>\n<em> I morduj\u0105 niewinnych ludzi<\/em><br \/>\n<em> W imi\u0119 pewnej chorej *o!-gry*<\/em><br \/>\n<em> Po co obraz taki<\/em><\/p>\n<p><strong><a href=\"http:\/\/hubertpietka.bialystok.pl\/wp-content\/uploads\/2022\/07\/IMG_20220722_204858.jpg\"><img loading=\"lazy\" decoding=\"async\" class=\"alignnone size-thumbnail wp-image-5852\" src=\"http:\/\/hubertpietka.bialystok.pl\/wp-content\/uploads\/2022\/07\/IMG_20220722_204858-150x150.jpg\" alt=\"\" width=\"150\" height=\"150\" srcset=\"https:\/\/hubertpietka.bialystok.pl\/wp-content\/uploads\/2022\/07\/IMG_20220722_204858-150x150.jpg 150w, https:\/\/hubertpietka.bialystok.pl\/wp-content\/uploads\/2022\/07\/IMG_20220722_204858-75x75.jpg 75w\" sizes=\"auto, (max-width: 150px) 100vw, 150px\" \/><\/a><\/strong><\/p>\n<p><strong><em>Na zdj. Dzi\u015b dla Maryi przed domem<\/em><\/strong><br \/>\n<strong><em> Zakwit\u0142 kwiatek \u017c\u00f3\u0142ty pi\u0119knie<\/em><\/strong><br \/>\n<strong><em> A zakwit\u0142 w taki spos\u00f3b<\/em><\/strong><br \/>\n<strong><em> \u017be rozradowa\u0142 i nasze serca<\/em><\/strong><br \/>\n<strong><em> Bo zakwit\u0142 od strony domu<\/em><\/strong><br \/>\n<strong><em> Cho\u0107 nie jeste\u015bmy doskonali<\/em><\/strong><br \/>\n<strong><em> Cho\u0107 porozumie\u0107 si\u0119 trudno czasem<\/em><\/strong><\/p>\n<p><strong>Jak dzi\u015b wspominana Maria Magdalena<\/strong><br \/>\n<strong> Wa\u017cne by i\u015b\u0107 zawsze<\/strong><br \/>\n<strong> Za Chrystusem przez Maryj\u0119<\/strong><br \/>\n<strong> Tyle<\/strong><\/p>\n<p style=\"text-align: center;\"><strong><a href=\"https:\/\/youtu.be\/a82SfLIljKE\"><em>T.Love &#8211; Dziko\u015b\u0107 serca<\/em><\/a><\/strong><\/p>\n<p style=\"text-align: right;\"><strong><a href=\"https:\/\/youtu.be\/PVgK-Dy0bxk\"><em>T.Love &#8211; Syn miasta<\/em><\/a>\u00a0<\/strong><\/p>\n<p style=\"text-align: right;\">\ud83d\ude42<\/p>\n","protected":false},"excerpt":{"rendered":"<p>Przypadkowe przypadki \/ w pewnych wypadkach Maj\u0105 przyj\u015b\u0107 po mnie Misie kolorowe bohaterstwo wspania\u0142e Tam czy tu Maj\u0105 czy nie maj\u0105 Jak to jest Bohaterstwo&hellip; <\/p>\n","protected":false},"author":1,"featured_media":0,"parent":0,"menu_order":0,"comment_status":"closed","ping_status":"closed","template":"","meta":{"footnotes":""},"class_list":["post-5851","page","type-page","status-publish","hentry"],"_links":{"self":[{"href":"https:\/\/hubertpietka.bialystok.pl\/index.php?rest_route=\/wp\/v2\/pages\/5851","targetHints":{"allow":["GET"]}}],"collection":[{"href":"https:\/\/hubertpietka.bialystok.pl\/index.php?rest_route=\/wp\/v2\/pages"}],"about":[{"href":"https:\/\/hubertpietka.bialystok.pl\/index.php?rest_route=\/wp\/v2\/types\/page"}],"author":[{"embeddable":true,"href":"https:\/\/hubertpietka.bialystok.pl\/index.php?rest_route=\/wp\/v2\/users\/1"}],"replies":[{"embeddable":true,"href":"https:\/\/hubertpietka.bialystok.pl\/index.php?rest_route=%2Fwp%2Fv2%2Fcomments&post=5851"}],"version-history":[{"count":2,"href":"https:\/\/hubertpietka.bialystok.pl\/index.php?rest_route=\/wp\/v2\/pages\/5851\/revisions"}],"predecessor-version":[{"id":5855,"href":"https:\/\/hubertpietka.bialystok.pl\/index.php?rest_route=\/wp\/v2\/pages\/5851\/revisions\/5855"}],"wp:attachment":[{"href":"https:\/\/hubertpietka.bialystok.pl\/index.php?rest_route=%2Fwp%2Fv2%2Fmedia&parent=5851"}],"curies":[{"name":"wp","href":"https:\/\/api.w.org\/{rel}","templated":true}]}}