{"id":5860,"date":"2022-07-23T20:09:37","date_gmt":"2022-07-23T20:09:37","guid":{"rendered":"http:\/\/hubertpietka.bialystok.pl\/?page_id=5860"},"modified":"2022-07-23T20:09:37","modified_gmt":"2022-07-23T20:09:37","slug":"blask-jasny-czlowieka-wielkiego-niepodwazalny-jak-dogmat","status":"publish","type":"page","link":"https:\/\/hubertpietka.bialystok.pl\/?page_id=5860","title":{"rendered":"Blask jasny cz\u0142owieka wielkiego \/ niepodwa\u017calny jak dogmat"},"content":{"rendered":"<p><em><strong>Blask jasny cz\u0142owieka wielkiego \/ niepodwa\u017calny jak dogmat\u00a0<\/strong><\/em><\/p>\n<p>A kiedy\u017c wreszcie<br \/>\nRozraduj\u0105 si\u0119 oczy wspania\u0142ego bohaterstwa<br \/>\nBlaskiem wielkiego cz\u0142owieka<\/p>\n<p>Mo\u017ce to by\u0107 podczas jego pi\u0119knych<br \/>\nDla wspania\u0142ego bohaterstwa spacerk\u00f3w<\/p>\n<p>Jego wyprawek podczas kt\u00f3rych przecie\u017c mo\u017ce sta\u0107 si\u0119<br \/>\nOdpowiedni wypadek (przypadek)<\/p>\n<p>Pi\u0119kne wychodki zawrotki i powroty &#8211; wywrotki<br \/>\nWielkiego cz\u0142owieka dla wspania\u0142ego bohaterstwa<\/p>\n<p>Bo przecie\u017c ma mnie podczas nich spotka\u0107<br \/>\nWypadek odpowiedni czy te\u017c wywr\u00f3t pewien \u017cycia mojego<\/p>\n<p>A cz\u0142owiek wielki to mo\u017ce i w innym momencie<br \/>\nZa\u015bwieci\u0107 swym blaskiem pi\u0119knym<\/p>\n<p>Dla wspania\u0142ego bohaterstwa<br \/>\nGdy ja lub kto\u015b inny z tej czy z tamtej strony<\/p>\n<p>Im wyjdzie na przeciw (takie to s\u0105 weso\u0142e harcowniki)<br \/>\nCz\u0142owiek wielki mo\u017ce po\u015brednio i bezpo\u015brednio przecie\u017c<\/p>\n<p>Byle odpowiednio<\/p>\n<p>&nbsp;<\/p>\n<p><strong>A kiedy\u017c wreszcie zostanie<\/strong><\/p>\n<p><strong>Skonsumowany zachwyt wspania\u0142ego bohaterstwa<\/strong><\/p>\n<p><strong>Nad cz\u0142owieka wielkiego blaskiem<\/strong><\/p>\n<p><strong>Kiedy\u017c wreszcie<\/strong><\/p>\n<p><strong>Po\u015brednio bezpo\u015brednio czy jaktamkolwiek<\/strong><\/p>\n<p><strong>Byleby wreszcie skutecznie<\/strong><\/p>\n<p><strong>\u00a0<\/strong><\/p>\n<p>A \u017ce r\u00f3\u017cne by\u0107 mog\u0105 oblicza<br \/>\nWspania\u0142ego bohaterstwa<\/p>\n<p>I starsze i m\u0142odsze i wieku dojrza\u0142ym tak zwanym<br \/>\nJedno ich zapewne \u0142\u0105czy<\/p>\n<p>Nad wielkiego cz\u0142owieka blaskiem prosty zachwyt<\/p>\n<p>I ich r\u00f3\u017cne oblicza nad mi\u00f3d s\u0142odsze<br \/>\nTak jak i wielkiego cz\u0142owieka<\/p>\n<p>Zapewne w razie wa\u017cnej potrzeby<br \/>\nKiedy chodzi o zaakcentowanie cz\u0142owieka wielkiego pi\u0119knego blasku<\/p>\n<p>To i zapewne mog\u0105 by\u0107 i one wtedy dosy\u0107 drapie\u017cne<br \/>\nW tak wa\u017cnej potrzebie<\/p>\n<p>A pewnie \u017ce mo\u017ce sta\u0107 co\u015b si\u0119 \u017conie mej<br \/>\nAle to szczeg\u00f3\u0142<br \/>\nJa na przyk\u0142ad bardzo lubi\u0119 *Kali-for-ni\u0119*<br \/>\nTak *Kali <em>for<\/em>* czyli *w ni\u0105*<br \/>\nBlisko jest tu te\u017c imienia tego *Kain*<br \/>\nBo czy\u017c tego nie ma zrobi\u0107 kto\u015b zwany swoim<br \/>\nA pewnie \u017ce ze mn\u0105 te\u017c co\u015b sta\u0107 si\u0119 mo\u017ce<br \/>\nI z naszymi naszym nie wiem koz\u0105 tym psem czy czymtamkolwiek<br \/>\nJu\u017c pisa\u0142em \u017ce jak si\u0119 ma instrumenty odpowiednie<br \/>\nTo wszystko mo\u017cna zrobi\u0107<br \/>\nPod pozorem odpowiednim<\/p>\n<p>Ach tak jestem szalony<br \/>\nBo potrafi\u0119 w logiczn\u0105 ca\u0142o\u015b\u0107 r\u00f3\u017cne rzeczy \u0142\u0105czy\u0107<br \/>\nCzy mo\u017ce raczej to mo\u017ce nie odpowiada komu\u015b<br \/>\n\u017be si\u0119 broni\u0119<br \/>\nJakbym si\u0119 pod\u0142o\u017cy\u0142 to wtedy pewnie<br \/>\nBy\u0142bym <em>spoko<\/em><br \/>\nI jak bym pozwoli\u0142 na te niesprawiedliwo\u015bci jawne<br \/>\nTakie czy inne<br \/>\nTo pewnie <em>spoko<\/em> bym by\u0142<br \/>\n\u017be ju\u017c nawet nie wspomn\u0119<br \/>\n\u017be dawno bym ju\u017c raczej nie \u017cy\u0142<br \/>\nNam si\u0119 przecie\u017c i nie kazano broni\u0107<br \/>\nW \u017caden spos\u00f3b<br \/>\nA obro\u0144ca martwy w my\u015bl pewnej zasady<br \/>\nZapewne i te\u017c sk\u0105din\u0105d znanej<br \/>\nJu\u017c nie jest szalony<br \/>\nBo broni\u0107 si\u0119 nie mo\u017ce<\/p>\n<p>&nbsp;<\/p>\n<p><strong>Przyjd\u017a Duchu \u015awi\u0119ty<\/strong><\/p>\n<p><strong>A oni niech nie przychodz\u0105<\/strong><\/p>\n<p><strong>I je\u015bli cokolwiek nawet cokolwieczunio<\/strong><\/p>\n<p><strong>Odkryj nas naszych i nasze Maryjo swym p\u0142aszczem<\/strong><\/p>\n<p><strong>Okrywaj\u0105 nas nim zawsze<\/strong><\/p>\n<p><a href=\"http:\/\/hubertpietka.bialystok.pl\/wp-content\/uploads\/2022\/07\/IMG_20220723_215948.jpg\"><img loading=\"lazy\" decoding=\"async\" class=\"alignnone size-thumbnail wp-image-5861\" src=\"http:\/\/hubertpietka.bialystok.pl\/wp-content\/uploads\/2022\/07\/IMG_20220723_215948-150x150.jpg\" alt=\"\" width=\"150\" height=\"150\" srcset=\"https:\/\/hubertpietka.bialystok.pl\/wp-content\/uploads\/2022\/07\/IMG_20220723_215948-150x150.jpg 150w, https:\/\/hubertpietka.bialystok.pl\/wp-content\/uploads\/2022\/07\/IMG_20220723_215948-75x75.jpg 75w\" sizes=\"auto, (max-width: 150px) 100vw, 150px\" \/><\/a><\/p>\n<p><em>Na zdj. Maryja i kwiatek \u017c\u00f3\u0142ty s\u0142onecznik i kwiatek niebieski<\/em><br \/>\n<em> I kwiatek bia\u0142y mi\u0119dzy *tu-ja-mi*<\/em><br \/>\n<em> *Tu ja* i co oni chc\u0105 zrobi\u0107 *tu mi*<\/em><br \/>\n<em> Kwiatek niebieski i \u017c\u00f3\u0142ty<\/em><br \/>\n<em> To barwy Ukrainy<\/em><br \/>\n<em> Maryja Ukraina i ja<\/em><br \/>\n<em> Tak to si\u0119 jako\u015b troch\u0119 tu sk\u0142ada<\/em><\/p>\n<p><em>A tak mi te\u017c nie wiem sk\u0105d przysz\u0142o<\/em><br \/>\n<em> Kto sieje terror<\/em><br \/>\n<em> Jak nie terrory\u015bci<\/em><\/p>\n","protected":false},"excerpt":{"rendered":"<p>Blask jasny cz\u0142owieka wielkiego \/ niepodwa\u017calny jak dogmat\u00a0 A kiedy\u017c wreszcie Rozraduj\u0105 si\u0119 oczy wspania\u0142ego bohaterstwa Blaskiem wielkiego cz\u0142owieka Mo\u017ce to by\u0107 podczas jego pi\u0119knych&hellip; <\/p>\n","protected":false},"author":1,"featured_media":0,"parent":0,"menu_order":0,"comment_status":"closed","ping_status":"closed","template":"","meta":{"footnotes":""},"class_list":["post-5860","page","type-page","status-publish","hentry"],"_links":{"self":[{"href":"https:\/\/hubertpietka.bialystok.pl\/index.php?rest_route=\/wp\/v2\/pages\/5860","targetHints":{"allow":["GET"]}}],"collection":[{"href":"https:\/\/hubertpietka.bialystok.pl\/index.php?rest_route=\/wp\/v2\/pages"}],"about":[{"href":"https:\/\/hubertpietka.bialystok.pl\/index.php?rest_route=\/wp\/v2\/types\/page"}],"author":[{"embeddable":true,"href":"https:\/\/hubertpietka.bialystok.pl\/index.php?rest_route=\/wp\/v2\/users\/1"}],"replies":[{"embeddable":true,"href":"https:\/\/hubertpietka.bialystok.pl\/index.php?rest_route=%2Fwp%2Fv2%2Fcomments&post=5860"}],"version-history":[{"count":1,"href":"https:\/\/hubertpietka.bialystok.pl\/index.php?rest_route=\/wp\/v2\/pages\/5860\/revisions"}],"predecessor-version":[{"id":5862,"href":"https:\/\/hubertpietka.bialystok.pl\/index.php?rest_route=\/wp\/v2\/pages\/5860\/revisions\/5862"}],"wp:attachment":[{"href":"https:\/\/hubertpietka.bialystok.pl\/index.php?rest_route=%2Fwp%2Fv2%2Fmedia&parent=5860"}],"curies":[{"name":"wp","href":"https:\/\/api.w.org\/{rel}","templated":true}]}}