{"id":5874,"date":"2022-07-28T00:02:05","date_gmt":"2022-07-28T00:02:05","guid":{"rendered":"http:\/\/hubertpietka.bialystok.pl\/?page_id=5874"},"modified":"2022-07-28T00:02:05","modified_gmt":"2022-07-28T00:02:05","slug":"tajna-sp-z-o-o-trio","status":"publish","type":"page","link":"https:\/\/hubertpietka.bialystok.pl\/?page_id=5874","title":{"rendered":"Tajna sp. z o.o. \/ Trio"},"content":{"rendered":"<p><em><strong>Tajna sp. z o.o. \/ Trio\u00a0<\/strong><\/em><\/p>\n<p>*Tan-dem* pi\u0119kny<br \/>\nCz\u0142owiek wielki i wspania\u0142e bohaterstwo<br \/>\nBardzo zgodny<br \/>\nAle pe\u0142ni\u0105 si\u0119 staje on dopiero w trio<br \/>\nZ misiami kolorowymi<br \/>\nJak\u0105\u017c oni potrafi\u0105 muzyczk\u0119 zagra\u0107<br \/>\nJu\u017c widz\u0119 po wszystkim *tan dem*-on\u00f3w \/ onych<\/p>\n<p>Nic dziwnego<br \/>\nPi\u0119kne wra\u017cliwe serca wspania\u0142ego bohaterstwa<br \/>\nNa niedol\u0119 wielkiego cz\u0142owieka<br \/>\nNa pewno niepomiernie porusza<br \/>\nBlask jego do pi\u0119knych odruch\u00f3w wn\u0119trza<br \/>\nWra\u017cliwo\u015b\u0107 duszy przecie\u017c te\u017c by\u0107 musi<br \/>\nWed\u0142ug tej jedynie s\u0142usznej wra\u017cliwo\u015bci<br \/>\nBo jako\u015b wspania\u0142ego bohaterstwa<br \/>\nRaczej nie wzrusza<br \/>\n\u017be ja jestem tu przybyszem<br \/>\nDlatego nie spodziewam si\u0119 raczej<br \/>\nIch wra\u017cliwo\u015bci odruch\u00f3w jasnych<br \/>\nW stosunku do siebie<br \/>\nRaczej wr\u0119cz przeciwnie<br \/>\nA tak na marginesie<br \/>\nWielka \u015bciema przecie\u017c<br \/>\nMusi by\u0107 skonsumowana wreszcie<br \/>\nA tak pi\u0119kna heroiczna <em>operacja specjalna<\/em><br \/>\n(Nie przymierzaj\u0105c do tej sk\u0105d in\u0105d znanej)<br \/>\nMusi w ko\u0144cu osi\u0105gn\u0105\u0107 efekt zamierzony<br \/>\nCzyli skuteczne rozprawienie si\u0119 z pewnym bezbronnym<br \/>\n\u017be ju\u017c nawet nie wspomn\u0119<br \/>\n\u017be misie kolorowe to i wsz\u0119dzie to mog\u0105<\/p>\n<p><em>I na kogo wypadnie<br \/>\nNa tego b\u0119c<\/em><br \/>\nNajlepiej od razu na \u015bmier\u0107<br \/>\nJe\u015bli chodzi o nas<br \/>\nPocz\u0105wszy od \u017cony poprzez bliskich<br \/>\nI nawet ten pies nie mo\u017ce by\u0107 spokojny<br \/>\nNie wspominaj\u0105c ju\u017c nawet<br \/>\nO naszych kotkach i kozie<br \/>\n(Komu i w czym przeszkadzaj\u0105 i one)<br \/>\nTak\u017ce na kogo wypadnie akurat<br \/>\nTemu b\u0119c na \u015bmier\u0107<\/p>\n<p>A moja \u017cona mog\u0142aby wie\u015b\u0107 \u017cywot spokojny<br \/>\nI nie by\u0142aby tak zagro\u017cona<br \/>\nWystarczy\u0142oby tylko \u017ceby z nimi wsp\u00f3\u0142pracowa\u0142a cho\u0107 troch\u0119<br \/>\nOczywi\u015bcie przeciwko m\u0119\u017cowi<br \/>\nJak i zreszt\u0105 tylu innych<br \/>\nKt\u00f3rzy za konfidenctwo i nie tylko zreszt\u0105<br \/>\nKupuj\u0105 sobie spokojno\u015b\u0107 i wygod\u0119<br \/>\nWystarczy\u0142oby tylko by posz\u0142a z nimi na ma\u0142e ust\u0119pstwa<br \/>\nA tak przecie\u017c kompromisy<br \/>\nI to nic takiego przecie\u017c \u017ce przeciw komu\u015b<br \/>\nKomu \u015blubowa\u0142a mi\u0142o\u015b\u0107<br \/>\nDla nich to nic<br \/>\nI dla wielu innych<br \/>\nA mog\u0142aby by\u0107 szcz\u0119\u015bliwa<br \/>\nA tak zapewne musi zgin\u0105\u0107<br \/>\nBo nie idzie ze z\u0142em na \u017cadne ust\u0119pstwa<br \/>\nA je\u015bli tak si\u0119 stanie<br \/>\nTo nie r\u0119cz\u0119 za siebie o Panie<\/p>\n<p><a href=\"http:\/\/hubertpietka.bialystok.pl\/wp-content\/uploads\/2022\/07\/IMG_20220728_014613.jpg\"><img loading=\"lazy\" decoding=\"async\" class=\"alignnone size-thumbnail wp-image-5875\" src=\"http:\/\/hubertpietka.bialystok.pl\/wp-content\/uploads\/2022\/07\/IMG_20220728_014613-150x150.jpg\" alt=\"\" width=\"150\" height=\"150\" srcset=\"https:\/\/hubertpietka.bialystok.pl\/wp-content\/uploads\/2022\/07\/IMG_20220728_014613-150x150.jpg 150w, https:\/\/hubertpietka.bialystok.pl\/wp-content\/uploads\/2022\/07\/IMG_20220728_014613-75x75.jpg 75w\" sizes=\"auto, (max-width: 150px) 100vw, 150px\" \/><\/a><\/p>\n<p><em>Na zdj. Pewna pokazowa ilustracja<\/em><br \/>\n<em> I nie jest to kryptoreklama<\/em><br \/>\n<em> W pewnym zaprzyja\u017anionym warsztacie<\/em><br \/>\n<em> Dwa oleje Elf o pi\u0119knie brzmi\u0105cej nazwie<\/em><br \/>\n<em> A co w\u0142a\u015bnie z elfami o Panie<\/em><\/p>\n<p><strong>Elfy kojarz\u0105 si\u0119 z niewinno\u015bci\u0105<\/strong><br \/>\n<strong> A dzi\u015b wspominany by\u0142 \u015bw. papie\u017c Innocenty<\/strong><br \/>\n<strong> Kt\u00f3rego imi\u0119 to w\u0142a\u015bnie znaczy<\/strong><br \/>\n<strong> Niewinno\u015b\u0107 musi by\u0107 i powinna by\u0107 chroniona<\/strong><br \/>\n<strong> Zar\u00f3wno ta dzieci\u0119ca przed demoralizacj\u0105<\/strong><br \/>\n<strong> Ale i ka\u017cda inna<\/strong><br \/>\n<strong> Niesprawiedliwe ju\u017c nawet traktowanie niewinno\u015bci<\/strong><br \/>\n<strong> Wo\u0142a o pomst\u0119 do nieba<\/strong><br \/>\n<strong> A c\u00f3\u017c dopiero nastawanie na tak\u0105 postaw\u0119<\/strong><\/p>\n<p>A cz\u0142owiek wielki wyprawki spacerki<br \/>\nNoc\u0105 mo\u017ce wed\u0142ug metody ubeckiej<br \/>\nKiedy\u017c wreszcie niez\u0142omn\u0105 postaw\u0105<br \/>\nWielkiego cz\u0142owieka w tym temacie<br \/>\nWzrusz\u0105 si\u0119 odpowiednio jedynie s\u0142usznie<br \/>\nPi\u0119kne wra\u017cliwe serca wspania\u0142ego bohaterstwa<\/p>\n<p style=\"text-align: center;\"><a href=\"https:\/\/youtu.be\/OEJfUz3Tc1c\"><em><strong>Ich Troje &#8211; Bezdomni<\/strong><\/em><\/a><\/p>\n","protected":false},"excerpt":{"rendered":"<p>Tajna sp. z o.o. \/ Trio\u00a0 *Tan-dem* pi\u0119kny Cz\u0142owiek wielki i wspania\u0142e bohaterstwo Bardzo zgodny Ale pe\u0142ni\u0105 si\u0119 staje on dopiero w trio Z misiami&hellip; <\/p>\n","protected":false},"author":1,"featured_media":0,"parent":0,"menu_order":0,"comment_status":"closed","ping_status":"closed","template":"","meta":{"footnotes":""},"class_list":["post-5874","page","type-page","status-publish","hentry"],"_links":{"self":[{"href":"https:\/\/hubertpietka.bialystok.pl\/index.php?rest_route=\/wp\/v2\/pages\/5874","targetHints":{"allow":["GET"]}}],"collection":[{"href":"https:\/\/hubertpietka.bialystok.pl\/index.php?rest_route=\/wp\/v2\/pages"}],"about":[{"href":"https:\/\/hubertpietka.bialystok.pl\/index.php?rest_route=\/wp\/v2\/types\/page"}],"author":[{"embeddable":true,"href":"https:\/\/hubertpietka.bialystok.pl\/index.php?rest_route=\/wp\/v2\/users\/1"}],"replies":[{"embeddable":true,"href":"https:\/\/hubertpietka.bialystok.pl\/index.php?rest_route=%2Fwp%2Fv2%2Fcomments&post=5874"}],"version-history":[{"count":1,"href":"https:\/\/hubertpietka.bialystok.pl\/index.php?rest_route=\/wp\/v2\/pages\/5874\/revisions"}],"predecessor-version":[{"id":5876,"href":"https:\/\/hubertpietka.bialystok.pl\/index.php?rest_route=\/wp\/v2\/pages\/5874\/revisions\/5876"}],"wp:attachment":[{"href":"https:\/\/hubertpietka.bialystok.pl\/index.php?rest_route=%2Fwp%2Fv2%2Fmedia&parent=5874"}],"curies":[{"name":"wp","href":"https:\/\/api.w.org\/{rel}","templated":true}]}}