{"id":5888,"date":"2022-07-31T21:20:37","date_gmt":"2022-07-31T21:20:37","guid":{"rendered":"http:\/\/hubertpietka.bialystok.pl\/?page_id=5888"},"modified":"2022-07-31T21:22:20","modified_gmt":"2022-07-31T21:22:20","slug":"figura-wielka-aa-persona-non-grata","status":"publish","type":"page","link":"https:\/\/hubertpietka.bialystok.pl\/?page_id=5888","title":{"rendered":"Figura wielka-aa \/ persona non grata"},"content":{"rendered":"<p><em><strong>Figura wielka-aa \/ persona non grata\u00a0<\/strong><\/em><\/p>\n<p>A kt\u00f3\u017c to tak mo\u017ce wszystko<br \/>\nW kroku zar\u00f3wno pierwszym<br \/>\nJak i drugim<br \/>\nCo to za wa\u017cna persona<br \/>\nTak wielki cz\u0142owiek<\/p>\n<p>A c\u00f3\u017c ja zwyk\u0142a <em>persona *non grata*<\/em><br \/>\nPrzeznaczona przecie\u017c *na graty*<br \/>\nNie \u017cadna wielka figura jaka\u015b<br \/>\nJak wielki cz\u0142owiek chocia\u017cby<\/p>\n<p style=\"text-align: center;\"><a href=\"https:\/\/youtu.be\/UQGxy6YujW4\"><em><strong>Czes\u0142aw \u015bpiewa &#8211; Maszynka do \u015bwierkania\u00a0<\/strong><\/em><\/a><\/p>\n<p><strong>78 &#8211; 44&#8242;<\/strong><\/p>\n<p>78 rocznica Powstania Warszawskiego jutro<br \/>\nTo mnie pociesza tylko czasem<br \/>\n\u017be chocia\u017cby AK powsta\u0144cy<br \/>\nTo te\u017c dla hitlerowc\u00f3w<br \/>\nBy\u0142y <em>persony non graty<\/em><\/p>\n<p>A jak jest dzisiaj z Ukrain\u0105 dla niekt\u00f3rych<\/p>\n<p>Mo\u017cna zniszczy\u0107 k\u0142amstwem dobre imi\u0119<br \/>\nMo\u017cna na r\u00f3\u017cne sposoby wyka\u0144cza\u0107<br \/>\nDoprowadzi\u0107 do bankructwa<br \/>\nOdci\u0105\u0107 od wszelkiej pomocy<br \/>\nIzolacj\u0105<br \/>\nMo\u017cna wykpi\u0107 wy\u015bmiewa\u0107<br \/>\nZa plecami z b\u0142otem miesza\u0107<\/p>\n<p>Mo\u017cna zapewne i wszystko odpowiednio<br \/>\nKiedy si\u0119 idzie po trupach do celu<\/p>\n<p><a href=\"http:\/\/hubertpietka.bialystok.pl\/wp-content\/uploads\/2022\/07\/IMG_20220731_230149.jpg\"><img loading=\"lazy\" decoding=\"async\" class=\"alignnone size-thumbnail wp-image-5889\" src=\"http:\/\/hubertpietka.bialystok.pl\/wp-content\/uploads\/2022\/07\/IMG_20220731_230149-150x150.jpg\" alt=\"\" width=\"150\" height=\"150\" srcset=\"https:\/\/hubertpietka.bialystok.pl\/wp-content\/uploads\/2022\/07\/IMG_20220731_230149-150x150.jpg 150w, https:\/\/hubertpietka.bialystok.pl\/wp-content\/uploads\/2022\/07\/IMG_20220731_230149-75x75.jpg 75w\" sizes=\"auto, (max-width: 150px) 100vw, 150px\" \/><\/a><\/p>\n<p><em>Na zdj. Fragment tablicy z napisem <strong>10 UA<\/strong><\/em><br \/>\n<em> Za Ukrain\u0119 zawsze dziesi\u0105ta tajemniczka<\/em><br \/>\n<em> Mo\u017ce te\u017c dlatego z\u0142o tak uderza<\/em><br \/>\n<em> W Ko\u015bci\u00f3\u0142 w Eucharysti\u0119<\/em><\/p>\n","protected":false},"excerpt":{"rendered":"<p>Figura wielka-aa \/ persona non grata\u00a0 A kt\u00f3\u017c to tak mo\u017ce wszystko W kroku zar\u00f3wno pierwszym Jak i drugim Co to za wa\u017cna persona Tak&hellip; <\/p>\n","protected":false},"author":1,"featured_media":0,"parent":0,"menu_order":0,"comment_status":"closed","ping_status":"closed","template":"","meta":{"footnotes":""},"class_list":["post-5888","page","type-page","status-publish","hentry"],"_links":{"self":[{"href":"https:\/\/hubertpietka.bialystok.pl\/index.php?rest_route=\/wp\/v2\/pages\/5888","targetHints":{"allow":["GET"]}}],"collection":[{"href":"https:\/\/hubertpietka.bialystok.pl\/index.php?rest_route=\/wp\/v2\/pages"}],"about":[{"href":"https:\/\/hubertpietka.bialystok.pl\/index.php?rest_route=\/wp\/v2\/types\/page"}],"author":[{"embeddable":true,"href":"https:\/\/hubertpietka.bialystok.pl\/index.php?rest_route=\/wp\/v2\/users\/1"}],"replies":[{"embeddable":true,"href":"https:\/\/hubertpietka.bialystok.pl\/index.php?rest_route=%2Fwp%2Fv2%2Fcomments&post=5888"}],"version-history":[{"count":3,"href":"https:\/\/hubertpietka.bialystok.pl\/index.php?rest_route=\/wp\/v2\/pages\/5888\/revisions"}],"predecessor-version":[{"id":5892,"href":"https:\/\/hubertpietka.bialystok.pl\/index.php?rest_route=\/wp\/v2\/pages\/5888\/revisions\/5892"}],"wp:attachment":[{"href":"https:\/\/hubertpietka.bialystok.pl\/index.php?rest_route=%2Fwp%2Fv2%2Fmedia&parent=5888"}],"curies":[{"name":"wp","href":"https:\/\/api.w.org\/{rel}","templated":true}]}}