{"id":5931,"date":"2022-08-06T22:43:28","date_gmt":"2022-08-06T22:43:28","guid":{"rendered":"http:\/\/hubertpietka.bialystok.pl\/?page_id=5931"},"modified":"2022-08-06T22:43:28","modified_gmt":"2022-08-06T22:43:28","slug":"cztery-litery-wyzszej-sfery","status":"publish","type":"page","link":"https:\/\/hubertpietka.bialystok.pl\/?page_id=5931","title":{"rendered":"Cztery litery \/ wy\u017cszej sfery"},"content":{"rendered":"<p><em><strong>Cztery litery \/ wy\u017cszej sfery\u00a0<\/strong><\/em><\/p>\n<p>A mo\u017ce cz\u0142owiek wielki<br \/>\nPowinien za\u015bwieci\u0107 wspania\u0142emu bohaterstwu<br \/>\n<em>Czterema literami<\/em><br \/>\nMo\u017ce to by\u0142oby skuteczniejsze<br \/>\nKu przyj\u015bciu wspania\u0142ego bohaterstwa<br \/>\nChodzi mi oczywi\u015bcie o <em>LGBT<\/em><br \/>\nZ dopiskiem <em>prze\u015bladowane<\/em><br \/>\nBo przecie\u017c mo\u017cna i za\u015bwieci\u0107<br \/>\nCzym\u015b tam jeszcze<\/p>\n<p>Mo\u017ce i podobnie powinna i z Ukrain\u0105 post\u0105pi\u0107 Rosja<br \/>\nPu\u015bci\u0107 fam\u0119 \u017ce tam<br \/>\nLGBT jest prze\u015bladowane<br \/>\nOczywi\u015bcie przez ukrai\u0144skich faszyst\u00f3w<br \/>\nMo\u017ce wtedy by tam i oni lepsze poparcie mieli<\/p>\n<p>A cz\u0142owiek wielki mo\u017ce r\u00f3wnie dobrze<br \/>\nW kroku pierwszym jak i drugim<br \/>\nMy\u015bl\u0119 \u017ce nawet mo\u017ce i lepiej<br \/>\nJak kto\u015b inny jest <em>wabikiem<\/em><br \/>\nA cz\u0142owiek wielki z mentorstwem wszelkim<br \/>\nMo\u017ce wyst\u0105pi\u0107 w roli arbitra elegancji<br \/>\nI autorytetu wszechrzeczy<\/p>\n<p>A swoj\u0105 drog\u0105 jak to si\u0119 dzieje<br \/>\n\u017be wedle jakich\u015b pom\u00f3wie\u0144<br \/>\nMaj\u0105 zapada\u0107 wi\u0105\u017c\u0105ce decyzje arbitralnie<br \/>\nWobec \u017cycia czyjego\u015b<br \/>\nI to w XXI wieku<\/p>\n<p>To cz\u0142owiek wielki i wspania\u0142e bohaterstwo<br \/>\nZ r\u00f3\u017cnymi mniejszymi dodatkami<br \/>\nA kolorowe misie<br \/>\nSk\u0105d one na mnie tak od lat kilku<br \/>\nSi\u0119 nasilaj\u0105 to znowu przycichaj\u0105<br \/>\nA czemu oni tak mnie sobie upodobali<br \/>\nNie maj\u0105 czym si\u0119 zaj\u0105\u0107<\/p>\n<p>A tu mo\u017cna i pewnie<br \/>\nI przez w\u0142amanie<br \/>\nI wed\u0142ug metody ubeckiej<br \/>\nBy\u0107 mo\u017ce i nawet<br \/>\nNiekt\u00f3rzy w tym nawet<br \/>\nR\u00f3\u017cne do\u015bwiadczenia maj\u0105<br \/>\nR\u00f3wnoleg\u0142e czy odpowiednie<\/p>\n<p><strong>Jutro wspominany \u015bw. *Kaje-tan*<\/strong><br \/>\n<strong> Czy\u017c ja tylko powinienem si\u0119 *kaja\u0107* tu<\/strong><br \/>\n<strong> Wol\u0119 raczej adekwatnie <em>i do *ta\u0144ca* i r\u00f3\u017ca\u0144ca<\/em><\/strong><br \/>\n<strong> Zdrobnienie tego imienia to *Kaj-tek*<\/strong><br \/>\n<strong> *Kaj* on mo\u017ce *tak* a mo\u017ce w\u0142a\u015bnie<\/strong><\/p>\n<p>A pewnie \u017ce co\u015b si\u0119 sta\u0107 i mo\u017ce<br \/>\nZ nami naszymi i naszym<br \/>\nTam by si\u0119 sta\u0107 nie mia\u0142o to jak<br \/>\nA pewnie \u017ce zawsze mo\u017ce si\u0119 co\u015b sta\u0107<br \/>\nSzczeg\u00f3lnie jak si\u0119 wszystkie argumenty ku temu<br \/>\nMa w swym r\u0119ku<br \/>\nNa podobnej pewnie i zasadzie<br \/>\nKa\u017cde moje s\u0142owo mo\u017ce by\u0107 zmia\u017cd\u017cone i zdeptane<br \/>\nJa jednak sia\u0107 b\u0119d\u0119<br \/>\nBo rol\u0119 tak\u0105 w\u0142a\u015bnie Pan da\u0142 mi<br \/>\nCzy si\u0119 to komu podoba czy nie<br \/>\nAmen<\/p>\n<p><a href=\"http:\/\/hubertpietka.bialystok.pl\/wp-content\/uploads\/2022\/08\/IMG_20220807_002120.jpg\"><img loading=\"lazy\" decoding=\"async\" class=\"alignnone size-thumbnail wp-image-5932\" src=\"http:\/\/hubertpietka.bialystok.pl\/wp-content\/uploads\/2022\/08\/IMG_20220807_002120-150x150.jpg\" alt=\"\" width=\"150\" height=\"150\" srcset=\"https:\/\/hubertpietka.bialystok.pl\/wp-content\/uploads\/2022\/08\/IMG_20220807_002120-150x150.jpg 150w, https:\/\/hubertpietka.bialystok.pl\/wp-content\/uploads\/2022\/08\/IMG_20220807_002120-75x75.jpg 75w\" sizes=\"auto, (max-width: 150px) 100vw, 150px\" \/><\/a><\/p>\n<p><em>Na zdj. Szersze\u0144 w butelce<\/em><br \/>\n<em> Z\u0142o musi by\u0107 unieszkodliwione<\/em><br \/>\n<em> By nie pok\u0105sa\u0142o za bardzo<\/em><br \/>\n<em> W taki czy inny spos\u00f3b<\/em><br \/>\n<em> Czasem wystarcz\u0105 i proste metody<\/em><br \/>\n<em> I nawet je\u015bli niekt\u00f3rzy mo\u017ce i lubi\u0105 szerszenie<\/em><br \/>\n<em> To ja bynajmniej nie mam zamiaru na ich jad<\/em><br \/>\n<em> Si\u0119 zbytnio nadstawia\u0107<\/em><br \/>\n<em> A ju\u017c szczeg\u00f3lnie dla przyjemno\u015bci mo\u017ce czyjej\u015b<\/em><br \/>\n<em> Tak czy inaczej ave Maryja<\/em><br \/>\n<em> Kr\u00f3luj i zwyci\u0119\u017caj<\/em><\/p>\n<p>A poza spacerkami wielkiego cz\u0142owieka<br \/>\nBardzo wytrawn\u0105 rzecz\u0105<br \/>\nS\u0105 jego wyprawki<br \/>\nDanie specjalne dla wykwalifikowanych smakoszy<br \/>\nO wyrafinowanym gu\u015bcie<\/p>\n","protected":false},"excerpt":{"rendered":"<p>Cztery litery \/ wy\u017cszej sfery\u00a0 A mo\u017ce cz\u0142owiek wielki Powinien za\u015bwieci\u0107 wspania\u0142emu bohaterstwu Czterema literami Mo\u017ce to by\u0142oby skuteczniejsze Ku przyj\u015bciu wspania\u0142ego bohaterstwa Chodzi mi&hellip; <\/p>\n","protected":false},"author":1,"featured_media":0,"parent":0,"menu_order":0,"comment_status":"closed","ping_status":"closed","template":"","meta":{"footnotes":""},"class_list":["post-5931","page","type-page","status-publish","hentry"],"_links":{"self":[{"href":"https:\/\/hubertpietka.bialystok.pl\/index.php?rest_route=\/wp\/v2\/pages\/5931","targetHints":{"allow":["GET"]}}],"collection":[{"href":"https:\/\/hubertpietka.bialystok.pl\/index.php?rest_route=\/wp\/v2\/pages"}],"about":[{"href":"https:\/\/hubertpietka.bialystok.pl\/index.php?rest_route=\/wp\/v2\/types\/page"}],"author":[{"embeddable":true,"href":"https:\/\/hubertpietka.bialystok.pl\/index.php?rest_route=\/wp\/v2\/users\/1"}],"replies":[{"embeddable":true,"href":"https:\/\/hubertpietka.bialystok.pl\/index.php?rest_route=%2Fwp%2Fv2%2Fcomments&post=5931"}],"version-history":[{"count":1,"href":"https:\/\/hubertpietka.bialystok.pl\/index.php?rest_route=\/wp\/v2\/pages\/5931\/revisions"}],"predecessor-version":[{"id":5933,"href":"https:\/\/hubertpietka.bialystok.pl\/index.php?rest_route=\/wp\/v2\/pages\/5931\/revisions\/5933"}],"wp:attachment":[{"href":"https:\/\/hubertpietka.bialystok.pl\/index.php?rest_route=%2Fwp%2Fv2%2Fmedia&parent=5931"}],"curies":[{"name":"wp","href":"https:\/\/api.w.org\/{rel}","templated":true}]}}