{"id":5938,"date":"2022-08-07T14:54:04","date_gmt":"2022-08-07T14:54:04","guid":{"rendered":"http:\/\/hubertpietka.bialystok.pl\/?page_id=5938"},"modified":"2022-08-07T15:02:01","modified_gmt":"2022-08-07T15:02:01","slug":"ukladne-specerki-i-wyprawki-majstersztyk","status":"publish","type":"page","link":"https:\/\/hubertpietka.bialystok.pl\/?page_id=5938","title":{"rendered":"Uk\u0142adne specerki \/ i wyprawki majstersztyk"},"content":{"rendered":"<p><em><strong>Uk\u0142adne specerki \/ i wyprawki majstersztyk\u00a0<\/strong><\/em><\/p>\n<p>Dzisiaj zawar\u0142em uk\u0142ad z Panem<br \/>\n\u017be je\u015bli cz\u0142owiek wielki<br \/>\nNa podw\u00f3reczku podczas spacerk\u00f3w<br \/>\nZa\u015bwieci czterema literami wspania\u0142emu bohaterstwu<br \/>\nTemu kt\u00f3re ma przyj\u015b\u0107<br \/>\nTo ja si\u0119 im poddam we wszystkim<br \/>\nAle cz\u0142owiek wielki nie zachcia\u0142<\/p>\n<p>Majstersztyk wyprawki wybiera<br \/>\nA to s\u0105 przecie\u017c prawdziwe majstersztyki<br \/>\nWyprawki wielkiego cz\u0142owieka<br \/>\nBo po pierwsze otwieranie brameczki<br \/>\nKt\u00f3remu mog\u0105 towarzyszy\u0107 rytua\u0142y pewne<br \/>\nTrzeba to robi\u0107 powoli<br \/>\nRozgl\u0105daj\u0105c si\u0119 na wszystkie strony<br \/>\n<em>A n\u00f3\u017c widelec<\/em> wspania\u0142e bohaterstwo pojawi si\u0119<br \/>\nPo drugie same wyj\u015bcia wielkiego cz\u0142owieka<br \/>\nBardzo lubi wspania\u0142e bohaterstwo<br \/>\nA jak ju\u017c i nawet on p\u00f3jdzie<br \/>\nTo przecie\u017c zawsze mo\u017ce zawr\u00f3ci\u0107<br \/>\nTo po trzecie<br \/>\nA po czwarte powroty wielkiego cz\u0142owieka<br \/>\nNiegasn\u0105ce nieustannie si\u0119 odnawiaj\u0105ce<br \/>\nWedle aktualnego kontekstu<br \/>\nBo przecie\u017c mo\u017cna wraca\u0107 i wraca\u0107<br \/>\nByleby skutecznie<br \/>\nTo znaczy w asy\u015bcie tak wspania\u0142ego bohaterstwa<br \/>\nI po pi\u0105te brameczka<br \/>\nTrzeba pami\u0119ta\u0107 \u017ceby by\u0142a otwarta<br \/>\nJak ju\u017c si\u0119 wr\u00f3ci<br \/>\nBo i to mo\u017ce przys\u0142u\u017cy\u0107 si\u0119<br \/>\nWspania\u0142emu bohaterstwu odpowiednio<\/p>\n<p><strong>Dzi\u015b b\u0142. Edmunda*Bojan*owskiego<\/strong><br \/>\n<strong> Boga *b-(oj)-a\u0107* si\u0119 najpierw trzeba<\/strong><br \/>\n<strong> Mundek zdrobnienie kojarzy si\u0119<\/strong><br \/>\n<strong> Ze s\u0142owem <em>mundo<\/em> czyli \u015bwiat<\/strong><br \/>\n<strong> Nawet je\u015bli \u015bwiat nie chcia\u0142by za tym i\u015b\u0107<\/strong><\/p>\n<p><strong><a href=\"http:\/\/hubertpietka.bialystok.pl\/wp-content\/uploads\/2022\/08\/IMG_20220807_165207.jpg\"><img loading=\"lazy\" decoding=\"async\" class=\"alignnone size-thumbnail wp-image-5939\" src=\"http:\/\/hubertpietka.bialystok.pl\/wp-content\/uploads\/2022\/08\/IMG_20220807_165207-150x150.jpg\" alt=\"\" width=\"150\" height=\"150\" srcset=\"https:\/\/hubertpietka.bialystok.pl\/wp-content\/uploads\/2022\/08\/IMG_20220807_165207-150x150.jpg 150w, https:\/\/hubertpietka.bialystok.pl\/wp-content\/uploads\/2022\/08\/IMG_20220807_165207-75x75.jpg 75w\" sizes=\"auto, (max-width: 150px) 100vw, 150px\" \/><\/a><\/strong><\/p>\n<p><strong>Na zdj. Jezus Mi\u0142osierny i Matka \u017bycia<\/strong><br \/>\n<strong> W blasku zachodz\u0105cego s\u0142o\u0144ca<\/strong><br \/>\n<strong> <em>Cho\u0107 n\u0119dza moja wi\u0119ksza ni\u017c li morze<\/em><\/strong><br \/>\n<strong> <em>Przyjd\u017a Duchu \u015awi\u0119ty<\/em> a oni niech nie przychodz\u0105<\/strong><br \/>\n<strong> Ave Maryja <em>Totus Tuus\u00a0<\/em><\/strong><\/p>\n","protected":false},"excerpt":{"rendered":"<p>Uk\u0142adne specerki \/ i wyprawki majstersztyk\u00a0 Dzisiaj zawar\u0142em uk\u0142ad z Panem \u017be je\u015bli cz\u0142owiek wielki Na podw\u00f3reczku podczas spacerk\u00f3w Za\u015bwieci czterema literami wspania\u0142emu bohaterstwu Temu&hellip; <\/p>\n","protected":false},"author":1,"featured_media":0,"parent":0,"menu_order":0,"comment_status":"closed","ping_status":"closed","template":"","meta":{"footnotes":""},"class_list":["post-5938","page","type-page","status-publish","hentry"],"_links":{"self":[{"href":"https:\/\/hubertpietka.bialystok.pl\/index.php?rest_route=\/wp\/v2\/pages\/5938","targetHints":{"allow":["GET"]}}],"collection":[{"href":"https:\/\/hubertpietka.bialystok.pl\/index.php?rest_route=\/wp\/v2\/pages"}],"about":[{"href":"https:\/\/hubertpietka.bialystok.pl\/index.php?rest_route=\/wp\/v2\/types\/page"}],"author":[{"embeddable":true,"href":"https:\/\/hubertpietka.bialystok.pl\/index.php?rest_route=\/wp\/v2\/users\/1"}],"replies":[{"embeddable":true,"href":"https:\/\/hubertpietka.bialystok.pl\/index.php?rest_route=%2Fwp%2Fv2%2Fcomments&post=5938"}],"version-history":[{"count":2,"href":"https:\/\/hubertpietka.bialystok.pl\/index.php?rest_route=\/wp\/v2\/pages\/5938\/revisions"}],"predecessor-version":[{"id":5942,"href":"https:\/\/hubertpietka.bialystok.pl\/index.php?rest_route=\/wp\/v2\/pages\/5938\/revisions\/5942"}],"wp:attachment":[{"href":"https:\/\/hubertpietka.bialystok.pl\/index.php?rest_route=%2Fwp%2Fv2%2Fmedia&parent=5938"}],"curies":[{"name":"wp","href":"https:\/\/api.w.org\/{rel}","templated":true}]}}