{"id":5950,"date":"2022-08-08T22:50:04","date_gmt":"2022-08-08T22:50:04","guid":{"rendered":"http:\/\/hubertpietka.bialystok.pl\/?page_id=5950"},"modified":"2022-08-08T22:50:04","modified_gmt":"2022-08-08T22:50:04","slug":"przesladowany-przesladowana-who-exactly","status":"publish","type":"page","link":"https:\/\/hubertpietka.bialystok.pl\/?page_id=5950","title":{"rendered":"Prze\u015bladowany prze\u015bladowana \/ who exactly"},"content":{"rendered":"<p><strong>Prze\u015bladowany prze\u015bladowana<\/strong><em><strong> \/ <\/strong><strong>who exactly\u00a0<\/strong><\/em><\/p>\n<p>W czym tu jest o Panie<br \/>\nCz\u0142owiek wielki tak strasznie prze\u015bladowany<br \/>\nRachunki s\u0105 przecie\u017c ca\u0142kowicie<br \/>\nPoza jego zainteresowa\u0144 kr\u0119giem<br \/>\nI to mimo \u017ce ju\u017c od d\u0142u\u017cszego czasu<br \/>\nMa on dochody wi\u0119ksze ni\u017c my razem<br \/>\nA kiedy on tu kupi\u0142 co\u015b do wsp\u00f3lnego u\u017cytku<br \/>\nNie wiem papier toaletowy czy p\u0142yn do mycia naczy\u0144<br \/>\n\u017be ju\u017c nie wspomn\u0119 nawet o w\u0119glu na zim\u0119<br \/>\nCzy chocia\u017cby o do wsp\u00f3lnego u\u017cytku<br \/>\nCukrze czy herbacie<br \/>\nJaki\u017c on ma wk\u0142ad w to wsp\u00f3lne pomieszkiwanie<br \/>\nI w czym\u017ce on jest tak strasznie prze\u015bladowany<br \/>\n\u017be ju\u017c i nawet nie powiem<br \/>\nO porz\u0105dkowaniu chocia\u017cby przestrzeni wsp\u00f3lnych<br \/>\nBo o obej\u015bciu to ju\u017c w og\u00f3le<br \/>\nI nie ma co m\u00f3wi\u0107<br \/>\nWi\u0119c w czym\u017ce rzecz<br \/>\n\u017be on tak strasznie prze\u015bladowany tu jest<\/p>\n<p>A ma on takie poparcie<br \/>\nWspania\u0142ego bohaterstwa<br \/>\nI kolorowych misi\u00f3w<br \/>\n\u017be zapewne spokojnie on m\u00f3g\u0142by zosta\u0107 prezydentem<br \/>\n\u017be ju\u017c i nawet nie wspomn\u0119<br \/>\nJako najwy\u017csze dobro narodowe<br \/>\nPowinien by\u0107 strze\u017cony jak \u017arenica w oku<br \/>\nWi\u0119c nic dziwnego<br \/>\n\u017be maj\u0105c takie poparcie<br \/>\nCzuj\u0119 si\u0119 tak pewnie<br \/>\nKt\u00f3\u017c by z takim poparciem<br \/>\nBy si\u0119 tak nie czu\u0142<\/p>\n<p>A ja to co innego<br \/>\nJak nie cz\u0142owiek wielki<br \/>\nI wspania\u0142e bohaterstwo tu<br \/>\nTo wsz\u0119dzie indziej kolorowe misie<br \/>\nA tu jak nie z tej to z tamtej strony<br \/>\nJak nie bohaterstwo wspania\u0142e to misie kolorowe<br \/>\nA <em>arbiter elegancji<\/em> cz\u0142owiek wielki<br \/>\nMo\u017ce zar\u00f3wno w kroku pierwszym jak i drugim<br \/>\n<em>Wabikiem<\/em> mo\u017ce by\u0107 te\u017c i kto inny<br \/>\nI ma on tu swoich <em>kierownik\u00f3w<\/em><br \/>\nKt\u00f3rzy woln\u0105 drog\u0105 jak co\u015b<br \/>\nPrzyprowadz\u0105 wspania\u0142e bohaterstwo<br \/>\n\u017be ju\u017c i nawet nie wspomn\u0119 o zagro\u017ceniach<br \/>\nTu w domu wobec i nas i naszego<br \/>\nI indziej wsz\u0119dzie i w <em>domu handlu<\/em> w sklepie<br \/>\nI nawet w <em>Domu Bo\u017cym<\/em> w ko\u015bciele<br \/>\nNiestety nie mo\u017cemy si\u0119 czu\u0107 do\u015b\u0107 swobodnie<br \/>\nCzyli zawsze i wsz\u0119dzie<br \/>\nI kto\u015b i co\u015b<br \/>\nNie chcia\u0142by kto\u015b si\u0119 ze mn\u0105 zamieni\u0107<br \/>\nMo\u017ce kto\u015b by sobie z tym wszystkim lepiej radzi\u0142<br \/>\nLepiej by to wszystko prze\u017cy\u0142<\/p>\n<p><strong>Dzi\u015b \u015bw. Dominika *Guz-mana*<\/strong><br \/>\n<strong> Zapewne jestem *<em>manem<\/em>* cz\u0142owiekiem<\/strong><br \/>\n<strong> Poni\u017cej *<em>GUS<\/em>* statystyki<\/strong><br \/>\n<strong> Kto\u015b inny te\u017c zapewne by i to wszystko<\/strong><br \/>\n<strong> Lepiej uj\u0105\u0142 w s\u0142owa i opisa\u0142 odpowiedniej<\/strong><br \/>\n<strong> A ja zawsze wszystko \u017ale<\/strong><br \/>\n<strong> No c\u00f3\u017c ja *domini canes*<\/strong><br \/>\n<strong> Czyli *pies Pana*<\/strong><br \/>\n<strong> Jak i inni prawdziwi chrze\u015bcijanie<\/strong><br \/>\n<strong> Ale inni na pewno wiedz\u0105 lepiej<\/strong><br \/>\n<strong> Jak i co by\u0107 powinno a zw\u0142aszcza<\/strong><br \/>\n<strong> W tym co si\u0119 mnie tyczy<\/strong><br \/>\n<strong> Co i jak ja powinienem<\/strong><br \/>\n<strong> Ludzie tego \u015bwiata na pewno<\/strong><br \/>\n<strong> Wiedz\u0105 lepiej jakie powinny by\u0107 *psy Pana*<\/strong><br \/>\n<strong> Szczeg\u00f3lnie je\u015bli sami s\u0105 wilkami<\/strong><\/p>\n<p><strong><a href=\"http:\/\/hubertpietka.bialystok.pl\/wp-content\/uploads\/2022\/08\/IMG_20220809_002620.jpg\"><img loading=\"lazy\" decoding=\"async\" class=\"alignnone size-thumbnail wp-image-5951\" src=\"http:\/\/hubertpietka.bialystok.pl\/wp-content\/uploads\/2022\/08\/IMG_20220809_002620-150x150.jpg\" alt=\"\" width=\"150\" height=\"150\" srcset=\"https:\/\/hubertpietka.bialystok.pl\/wp-content\/uploads\/2022\/08\/IMG_20220809_002620-150x150.jpg 150w, https:\/\/hubertpietka.bialystok.pl\/wp-content\/uploads\/2022\/08\/IMG_20220809_002620-75x75.jpg 75w\" sizes=\"auto, (max-width: 150px) 100vw, 150px\" \/><\/a><\/strong><\/p>\n<p><em>Na zdj. W ko\u015bciele buskim \u015bw. Brata Alberta ambona<\/em><br \/>\n<em> Przypominaj\u0105ca posta\u0107 kt\u00f3ra d\u017awiga<\/em><br \/>\n<em> S\u0142owa Bo\u017cego ci\u0119\u017car<\/em><br \/>\n<em> Niejako nim przygnieciona do ziemi<\/em><br \/>\n<em> Tym tylko jestem<\/em><br \/>\n<em> Bo si\u0119 staram \u017cy\u0107 S\u0142owem Bo\u017cym<\/em><br \/>\n<em> Na codzie\u0144 w prawdzie<\/em><br \/>\n<em> A nie koniunkturalnie<\/em><\/p>\n<p><em>Ale na tej postaci<\/em><br \/>\n<em>Jest te\u017c Ducha \u015awi\u0119tego symbol<\/em><br \/>\n<em>Czyli go\u0142\u0105b<\/em><br \/>\n<em> Przyjd\u017a Duchu \u015awi\u0119ty<\/em><br \/>\n<em> A oni niech nie przychodz\u0105<\/em><\/p>\n<p><strong>Ps.<\/strong> A kiedy misie kolorowe<br \/>\nTakie czy inne<br \/>\nZamkn\u0105 moj\u0105 <em>stronk\u0119<\/em><br \/>\nPrzecie\u017c mi nie kazano<br \/>\nI nie pozwolono si\u0119 broni\u0107<br \/>\nAni siebie ani \u017cony swojej<br \/>\nSwojego i swoich<br \/>\nKiedy takie czy inne<br \/>\nMisie kolorowe zamkn\u0105 moj\u0105 <em>stron\u0119<\/em><br \/>\n\u017be o zamykaniu mnie to i ju\u017c nie wspomn\u0119<br \/>\nCzy\u017c nie temu s\u0142u\u017c\u0105<br \/>\nBohaterstwo wspania\u0142e cz\u0142owiek wielki<br \/>\nI w\u0142a\u015bnie misie kolorowe<br \/>\nZamkn\u0105\u0107 mnie moje i zniszczy\u0107<br \/>\nWszystko co ze mnie wysz\u0142o<\/p>\n<p><em>I je\u015bli cokolwiek cokolwieczunio\u00a0<\/em><\/p>\n<p style=\"text-align: center;\"><a href=\"https:\/\/youtu.be\/QbWoSyuelEI\"><em><strong>Kazik &#8211; 25 lat niewinno\u015bci<\/strong><\/em><\/a><\/p>\n","protected":false},"excerpt":{"rendered":"<p>Prze\u015bladowany prze\u015bladowana \/ who exactly\u00a0 W czym tu jest o Panie Cz\u0142owiek wielki tak strasznie prze\u015bladowany Rachunki s\u0105 przecie\u017c ca\u0142kowicie Poza jego zainteresowa\u0144 kr\u0119giem I&hellip; <\/p>\n","protected":false},"author":1,"featured_media":0,"parent":0,"menu_order":0,"comment_status":"closed","ping_status":"closed","template":"","meta":{"footnotes":""},"class_list":["post-5950","page","type-page","status-publish","hentry"],"_links":{"self":[{"href":"https:\/\/hubertpietka.bialystok.pl\/index.php?rest_route=\/wp\/v2\/pages\/5950","targetHints":{"allow":["GET"]}}],"collection":[{"href":"https:\/\/hubertpietka.bialystok.pl\/index.php?rest_route=\/wp\/v2\/pages"}],"about":[{"href":"https:\/\/hubertpietka.bialystok.pl\/index.php?rest_route=\/wp\/v2\/types\/page"}],"author":[{"embeddable":true,"href":"https:\/\/hubertpietka.bialystok.pl\/index.php?rest_route=\/wp\/v2\/users\/1"}],"replies":[{"embeddable":true,"href":"https:\/\/hubertpietka.bialystok.pl\/index.php?rest_route=%2Fwp%2Fv2%2Fcomments&post=5950"}],"version-history":[{"count":1,"href":"https:\/\/hubertpietka.bialystok.pl\/index.php?rest_route=\/wp\/v2\/pages\/5950\/revisions"}],"predecessor-version":[{"id":5952,"href":"https:\/\/hubertpietka.bialystok.pl\/index.php?rest_route=\/wp\/v2\/pages\/5950\/revisions\/5952"}],"wp:attachment":[{"href":"https:\/\/hubertpietka.bialystok.pl\/index.php?rest_route=%2Fwp%2Fv2%2Fmedia&parent=5950"}],"curies":[{"name":"wp","href":"https:\/\/api.w.org\/{rel}","templated":true}]}}