{"id":5957,"date":"2022-08-09T10:17:57","date_gmt":"2022-08-09T10:17:57","guid":{"rendered":"http:\/\/hubertpietka.bialystok.pl\/?page_id=5957"},"modified":"2022-08-09T10:17:57","modified_gmt":"2022-08-09T10:17:57","slug":"przypadkowo-to-i-owo","status":"publish","type":"page","link":"https:\/\/hubertpietka.bialystok.pl\/?page_id=5957","title":{"rendered":"Przypadkowo \/ to i owo"},"content":{"rendered":"<p><em><strong>Przypadkowo \/ to i owo\u00a0<\/strong><\/em><\/p>\n<p>Przypadkowo przyj\u015b\u0107 maj\u0105 misie milusie<br \/>\nBohaterstwo wspania\u0142e<br \/>\nPrzypadkowo im wychodzi na przeciw<br \/>\nWielki cz\u0142owiek<br \/>\nPrzypadkowo mog\u0105 przyj\u015b\u0107 i z tej i z tamtej strony<br \/>\nPrzypadkowo jak nie wielki cz\u0142owiek<br \/>\nTo ja mo\u017ce<br \/>\nLub kierownik odpowiedni z tamtej strony<br \/>\nKt\u00f3ry przypadkowo ich tu przyprowadzi<br \/>\nPrzypadkowo przy wyj\u015bciach i powrotach<br \/>\nSzczeg\u00f3lnie wielkiego cz\u0142owieka<br \/>\nAle i nie tylko<br \/>\nPrzypadkowo kiedy otwarta jest brameczka<br \/>\nWszystko przypadkowo byleby skutecznie<\/p>\n<p>Przypadkowo nie ma Internetu<br \/>\nKiedy maj\u0105 przyj\u015b\u0107<br \/>\nPrzypadkowo wywalany jestem z WordPressa<br \/>\nNa kt\u00f3rym pisz\u0119<br \/>\nWszystko przypadkowo<br \/>\nPrzypadkowo si\u0119 tu strzela<br \/>\nI przypadkowo ptaki rozgania<br \/>\nBo tak si\u0119 sk\u0142ada<br \/>\n\u017be one raczej nie s\u0142u\u017c\u0105 im zamiarom<\/p>\n<p>Przypadkowo te\u017c zapewne<br \/>\nCo\u015b sta\u0107 mo\u017ce si\u0119<br \/>\nZ moj\u0105 \u017con\u0105 tym psem<br \/>\nNami naszymi i naszym<br \/>\nNo przecie\u017c \u017ce przypadkiem<br \/>\nI ze mn\u0105 te\u017c zapewne<br \/>\nPrzypadkowo wsz\u0119dzie indziej te\u017c maj\u0105 przyj\u015b\u0107<br \/>\nMisie kolorowe<br \/>\nPrzypadkowo byleby skutecznie no przecie\u017c<br \/>\nAch nic si\u0119 sta\u0107 nie ma<br \/>\nNo tak to m\u00f3wi\u0119 przecie\u017c<br \/>\nTylko ewentualnie przez przypadek<br \/>\nA jak si\u0119 przypadkiem stanie<br \/>\nTo zapewne skutecznie<\/p>\n<p>A cz\u0142owiek wielki oaz\u0105 pokoju jest przecie\u017c<br \/>\nA ja si\u0119 go czepiam<br \/>\nA sk\u0105d on ten pok\u00f3j czerpie<br \/>\nW czasach tak niepewnych<br \/>\nA tak ze swego pi\u0119knego wn\u0119trza zapewne<br \/>\nA \u017ce z tej oazy<br \/>\nOczywi\u015bcie w bardzo usprawiedliwionych przypadkach<br \/>\nMog\u0105 wyj\u015b\u0107 drapie\u017cniki<br \/>\nTo ju\u017c sprawa ca\u0142kiem inna<br \/>\nI jest to zapewne nawet bardzo uprawomocnione<\/p>\n<p><a href=\"http:\/\/hubertpietka.bialystok.pl\/wp-content\/uploads\/2022\/08\/IMG_20220809_120418.jpg\"><img loading=\"lazy\" decoding=\"async\" class=\"alignnone size-thumbnail wp-image-5958\" src=\"http:\/\/hubertpietka.bialystok.pl\/wp-content\/uploads\/2022\/08\/IMG_20220809_120418-150x150.jpg\" alt=\"\" width=\"150\" height=\"150\" srcset=\"https:\/\/hubertpietka.bialystok.pl\/wp-content\/uploads\/2022\/08\/IMG_20220809_120418-150x150.jpg 150w, https:\/\/hubertpietka.bialystok.pl\/wp-content\/uploads\/2022\/08\/IMG_20220809_120418-75x75.jpg 75w\" sizes=\"auto, (max-width: 150px) 100vw, 150px\" \/><\/a><\/p>\n<p><em>Na zdj. W pacanowskim Centrum Bajki czarownica<\/em><br \/>\n<em> My\u015bl\u0119 \u017ce powinno si\u0119 bajki inaczej napisa\u0107<\/em><br \/>\n<em> Przecie\u017c dobra mo\u017ce by\u0107 czarownica<\/em><br \/>\n<em> I to Ja\u015b i Ma\u0142gosia j\u0105 zje\u015b\u0107 chcieli<\/em><br \/>\n<em> Nie na odwr\u00f3t bynajmniej<\/em><br \/>\n<em> Podobnie z Czerwonym Kapturkiem<\/em><br \/>\n<em> Chcia\u0142 on otru\u0107 babci\u0119<\/em><br \/>\n<em> I zje\u015b\u0107 wilka zapewne<\/em><br \/>\n<em> Bajki powinno si\u0119 pisa\u0107 inaczej<\/em><br \/>\n<em> Wed\u0142ug wytycznych jedynie s\u0142usznych<\/em><br \/>\n<em> Tak na marginesie przy okazji<\/em><\/p>\n<p><strong>A dzisiaj \u015bw. Edyty <em>Stain<\/em><\/strong><br \/>\n<strong> Trzeba by\u0107 jak kamie\u0144<\/strong><br \/>\n<strong> To nazwisko jej znaczy<\/strong><br \/>\n<strong> By wytrwa\u0107 przy warto\u015bciach prostych<\/strong><br \/>\n<strong> W tych czasach chaosu i zam\u0119tu<\/strong><br \/>\n<strong> Jednak tylko one mog\u0105 by\u0107 pewn\u0105 sta\u0142\u0105<\/strong><br \/>\n<strong> Kt\u00f3ra ludzi przeprowadzi ku tak zwanym lepszym czasom<\/strong><\/p>\n<p style=\"text-align: center;\"><a href=\"https:\/\/youtu.be\/RNSX5hlo7S0\"><em><strong>Lombard &#8211; Prze\u017cyj to sam\u00a0<\/strong><\/em><\/a><\/p>\n","protected":false},"excerpt":{"rendered":"<p>Przypadkowo \/ to i owo\u00a0 Przypadkowo przyj\u015b\u0107 maj\u0105 misie milusie Bohaterstwo wspania\u0142e Przypadkowo im wychodzi na przeciw Wielki cz\u0142owiek Przypadkowo mog\u0105 przyj\u015b\u0107 i z tej&hellip; <\/p>\n","protected":false},"author":1,"featured_media":0,"parent":0,"menu_order":0,"comment_status":"closed","ping_status":"closed","template":"","meta":{"footnotes":""},"class_list":["post-5957","page","type-page","status-publish","hentry"],"_links":{"self":[{"href":"https:\/\/hubertpietka.bialystok.pl\/index.php?rest_route=\/wp\/v2\/pages\/5957","targetHints":{"allow":["GET"]}}],"collection":[{"href":"https:\/\/hubertpietka.bialystok.pl\/index.php?rest_route=\/wp\/v2\/pages"}],"about":[{"href":"https:\/\/hubertpietka.bialystok.pl\/index.php?rest_route=\/wp\/v2\/types\/page"}],"author":[{"embeddable":true,"href":"https:\/\/hubertpietka.bialystok.pl\/index.php?rest_route=\/wp\/v2\/users\/1"}],"replies":[{"embeddable":true,"href":"https:\/\/hubertpietka.bialystok.pl\/index.php?rest_route=%2Fwp%2Fv2%2Fcomments&post=5957"}],"version-history":[{"count":1,"href":"https:\/\/hubertpietka.bialystok.pl\/index.php?rest_route=\/wp\/v2\/pages\/5957\/revisions"}],"predecessor-version":[{"id":5959,"href":"https:\/\/hubertpietka.bialystok.pl\/index.php?rest_route=\/wp\/v2\/pages\/5957\/revisions\/5959"}],"wp:attachment":[{"href":"https:\/\/hubertpietka.bialystok.pl\/index.php?rest_route=%2Fwp%2Fv2%2Fmedia&parent=5957"}],"curies":[{"name":"wp","href":"https:\/\/api.w.org\/{rel}","templated":true}]}}