{"id":5972,"date":"2022-08-12T08:10:01","date_gmt":"2022-08-12T08:10:01","guid":{"rendered":"http:\/\/hubertpietka.bialystok.pl\/?page_id=5972"},"modified":"2022-08-12T08:11:20","modified_gmt":"2022-08-12T08:11:20","slug":"przeciwko-zlu","status":"publish","type":"page","link":"https:\/\/hubertpietka.bialystok.pl\/?page_id=5972","title":{"rendered":"Przeciwko \/ z\u0142u tylko"},"content":{"rendered":"<p><em><strong>Przeciwko \/ z\u0142u tylko<\/strong><\/em><\/p>\n<p>Ja nie chc\u0119 toczy\u0107 walk z lud\u017ami<br \/>\nJe\u015bli si\u0119 broni\u0119<br \/>\nTo tylko przeciwko duchowym pierwiastkom z\u0142a w nich<br \/>\nBy z\u0142o kt\u00f3re niestety jest w nich<br \/>\nMnie nas naszych i naszego nie zniszczy\u0142o<br \/>\nNawet je\u015bli oni nie maj\u0105 tego \u015bwiadomo\u015bci<br \/>\nZ\u0142o jest z\u0142em i kropka<\/p>\n<p>A Ty Panie b\u0142ogos\u0142aw nam naszemu i naszym<br \/>\nNa miar\u0119 z\u0142a kierowanego w nasz\u0105 stron\u0119<br \/>\nWprost odwrotnie proporcjonalnie<br \/>\nDo z\u0142orzecze\u0144 przekle\u0144stw i k\u0142amstw<br \/>\nB\u0142ogos\u0142aw Panie nam<br \/>\nA czy\u017c jest jakikolwiek dialog z k\u0142amstwem<br \/>\nKt\u00f3re ka\u017cdym s\u0142owem fa\u0142szuje rzeczywisto\u015b\u0107<\/p>\n<p>Niestety bardzo lubi<br \/>\nSpacerki wielkiego cz\u0142owieka<br \/>\nWspania\u0142e bohaterstwo<br \/>\nJeszcze bardziej znajduje ono upodobanie<br \/>\nW jego wyprawkach<br \/>\nInni tak\u017ce mog\u0105 by\u0107 <em>wabikami<\/em><br \/>\nWedle ich selektywnych zapatrywa\u0144<br \/>\nA my nie zrobili\u015bmy nic tu z\u0142ego<br \/>\nWedle czego miano by tak nastawa\u0107 na mnie<br \/>\nJestem tu tylko przybyszem kt\u00f3rego przyj\u0105\u0107 nie chc\u0105<br \/>\nPodobnie w \u017con\u0119 naszych nasze<br \/>\nNa troch\u0119 innych zasadach<br \/>\nUderza\u0107 si\u0119 z\u0142o stara<br \/>\nA z\u0142o niestety jak i wy\u017cej by\u0142o<br \/>\nUmie pos\u0142ugiwa\u0107 si\u0119 lud\u017ami<\/p>\n<p><a href=\"http:\/\/hubertpietka.bialystok.pl\/wp-content\/uploads\/2022\/08\/IMG_20220812_095447.jpg\"><img loading=\"lazy\" decoding=\"async\" class=\"alignnone size-thumbnail wp-image-5973\" src=\"http:\/\/hubertpietka.bialystok.pl\/wp-content\/uploads\/2022\/08\/IMG_20220812_095447-150x150.jpg\" alt=\"\" width=\"150\" height=\"150\" srcset=\"https:\/\/hubertpietka.bialystok.pl\/wp-content\/uploads\/2022\/08\/IMG_20220812_095447-150x150.jpg 150w, https:\/\/hubertpietka.bialystok.pl\/wp-content\/uploads\/2022\/08\/IMG_20220812_095447-75x75.jpg 75w\" sizes=\"auto, (max-width: 150px) 100vw, 150px\" \/><\/a><\/p>\n<p><em>Na zdj. Lampa samochodowa poddana gruntownej regeneracji<\/em><br \/>\n<em> W zaprzyja\u017anionym warsztacie<\/em><br \/>\n<em> Mycie lampy zu\u017cytej na niewiele zda si\u0119<\/em><br \/>\n<em> Nie b\u0119dzie ona dobrze \u015bwieci\u0107 w nocy<\/em><br \/>\n<em> Podobnie jest z sakramentem pokuty<\/em><br \/>\n<em> Po zniszczeniach czyli grzechach ci\u0119\u017ckich<\/em><br \/>\n<em> Potrzebna jest regeneracja od wewn\u0105trz<\/em><br \/>\n<em> Dusza nie b\u0119dzie jasno \u015bwieci\u0107<\/em><br \/>\n<em> Je\u015bli si\u0119 temu nie podda<\/em><br \/>\n<em> Dopiero spowied\u017a prze\u017cyta w prawdzie<\/em><br \/>\n<em> Blask duszy nadaje<\/em><br \/>\n<em> A potem trzeba czuwa\u0107<\/em><br \/>\n<em> By oczy duszy nie zosta\u0142y porysowane<\/em><br \/>\n<em> Przez grzech ci\u0119\u017cki<\/em><\/p>\n<p style=\"text-align: center;\"><a href=\"https:\/\/youtu.be\/pHyu1yH1kgs\"><strong><em>Luxtorpeda &#8211; Wilki dwa<\/em><\/strong><\/a><\/p>\n<p style=\"text-align: right;\"><a href=\"https:\/\/youtu.be\/4SYGz6gxzXQ\"><em><strong>W Tobie jest \u015bwiat\u0142o<\/strong><\/em><\/a><\/p>\n","protected":false},"excerpt":{"rendered":"<p>Przeciwko \/ z\u0142u tylko Ja nie chc\u0119 toczy\u0107 walk z lud\u017ami Je\u015bli si\u0119 broni\u0119 To tylko przeciwko duchowym pierwiastkom z\u0142a w nich By z\u0142o kt\u00f3re&hellip; <\/p>\n","protected":false},"author":1,"featured_media":0,"parent":0,"menu_order":0,"comment_status":"closed","ping_status":"closed","template":"","meta":{"footnotes":""},"class_list":["post-5972","page","type-page","status-publish","hentry"],"_links":{"self":[{"href":"https:\/\/hubertpietka.bialystok.pl\/index.php?rest_route=\/wp\/v2\/pages\/5972","targetHints":{"allow":["GET"]}}],"collection":[{"href":"https:\/\/hubertpietka.bialystok.pl\/index.php?rest_route=\/wp\/v2\/pages"}],"about":[{"href":"https:\/\/hubertpietka.bialystok.pl\/index.php?rest_route=\/wp\/v2\/types\/page"}],"author":[{"embeddable":true,"href":"https:\/\/hubertpietka.bialystok.pl\/index.php?rest_route=\/wp\/v2\/users\/1"}],"replies":[{"embeddable":true,"href":"https:\/\/hubertpietka.bialystok.pl\/index.php?rest_route=%2Fwp%2Fv2%2Fcomments&post=5972"}],"version-history":[{"count":4,"href":"https:\/\/hubertpietka.bialystok.pl\/index.php?rest_route=\/wp\/v2\/pages\/5972\/revisions"}],"predecessor-version":[{"id":5977,"href":"https:\/\/hubertpietka.bialystok.pl\/index.php?rest_route=\/wp\/v2\/pages\/5972\/revisions\/5977"}],"wp:attachment":[{"href":"https:\/\/hubertpietka.bialystok.pl\/index.php?rest_route=%2Fwp%2Fv2%2Fmedia&parent=5972"}],"curies":[{"name":"wp","href":"https:\/\/api.w.org\/{rel}","templated":true}]}}