{"id":5980,"date":"2022-08-13T08:27:03","date_gmt":"2022-08-13T08:27:03","guid":{"rendered":"http:\/\/hubertpietka.bialystok.pl\/?page_id=5980"},"modified":"2022-08-13T08:27:03","modified_gmt":"2022-08-13T08:27:03","slug":"wielcy-i-wspaniali","status":"publish","type":"page","link":"https:\/\/hubertpietka.bialystok.pl\/?page_id=5980","title":{"rendered":"Wielcy \/ i wspaniali"},"content":{"rendered":"<p><em><strong>Wielcy \/ i wspaniali<\/strong><\/em><\/p>\n<p>Wspania\u0142y bohaterze<br \/>\nPrzepasz sw\u0105 bro\u0144 na kt\u00f3rej polegasz<br \/>\nW obronie uci\u015bnionej wdowy<br \/>\nKt\u00f3ra ani nie jest wdow\u0105<br \/>\nAni te\u017c uci\u015bnion\u0105<\/p>\n<p>Pokaza\u0142a na co j\u0105 sta\u0107 bardzo pi\u0119knie<br \/>\nI to wielokrotnie<br \/>\nPewnie i jeszcze poka\u017ce<br \/>\nWidocznie jak wielki cz\u0142owiek<br \/>\nTakie i wspania\u0142e bohaterstwo<br \/>\nKrystalicznie czy\u015bci obro\u0144cy w\u0105tpliwej moralno\u015bci<\/p>\n<p>Podobnie i misie kolorowe<br \/>\nStr\u00f3\u017ce prawa ponad prawem<br \/>\nJe\u015bli chodzi o zasadzanie si\u0119<br \/>\nNa bezbronnych maluczkich<\/p>\n<p><a href=\"http:\/\/hubertpietka.bialystok.pl\/wp-content\/uploads\/2022\/08\/IMG_20220813_100623.jpg\"><img loading=\"lazy\" decoding=\"async\" class=\"alignnone size-thumbnail wp-image-5981\" src=\"http:\/\/hubertpietka.bialystok.pl\/wp-content\/uploads\/2022\/08\/IMG_20220813_100623-150x150.jpg\" alt=\"\" width=\"150\" height=\"150\" srcset=\"https:\/\/hubertpietka.bialystok.pl\/wp-content\/uploads\/2022\/08\/IMG_20220813_100623-150x150.jpg 150w, https:\/\/hubertpietka.bialystok.pl\/wp-content\/uploads\/2022\/08\/IMG_20220813_100623-75x75.jpg 75w\" sizes=\"auto, (max-width: 150px) 100vw, 150px\" \/><\/a><\/p>\n<p><em>Na zdj. Kozio\u0142ek Mato\u0142ek w r\u00f3\u017cnych konfiguracjach<\/em><br \/>\n<em> Mural w Pacanowie<\/em><br \/>\n<em> To czym \u017cyj\u0119 mog\u0119 zagra\u0107<\/em><br \/>\n<em> I je\u015bli cokolwiek cokolwieczunio nawet<\/em><\/p>\n<p style=\"text-align: center;\"><a href=\"https:\/\/youtu.be\/lB3LhiCCYi8\"><strong><em>Feel &#8211; Poka\u017c na co ci\u0119 sta\u0107\u00a0<\/em><\/strong><\/a><\/p>\n<p style=\"text-align: center;\"><a href=\"https:\/\/youtu.be\/rU78425O-AA\"><em><strong>\u0141ukasz \u0141yczkowski &amp; Pi\u0105ta Rano &#8211; To jest m\u00f3j Rock &amp; Roll<\/strong><\/em><\/a><\/p>\n","protected":false},"excerpt":{"rendered":"<p>Wielcy \/ i wspaniali Wspania\u0142y bohaterze Przepasz sw\u0105 bro\u0144 na kt\u00f3rej polegasz W obronie uci\u015bnionej wdowy Kt\u00f3ra ani nie jest wdow\u0105 Ani te\u017c uci\u015bnion\u0105 Pokaza\u0142a&hellip; <\/p>\n","protected":false},"author":1,"featured_media":0,"parent":0,"menu_order":0,"comment_status":"closed","ping_status":"closed","template":"","meta":{"footnotes":""},"class_list":["post-5980","page","type-page","status-publish","hentry"],"_links":{"self":[{"href":"https:\/\/hubertpietka.bialystok.pl\/index.php?rest_route=\/wp\/v2\/pages\/5980","targetHints":{"allow":["GET"]}}],"collection":[{"href":"https:\/\/hubertpietka.bialystok.pl\/index.php?rest_route=\/wp\/v2\/pages"}],"about":[{"href":"https:\/\/hubertpietka.bialystok.pl\/index.php?rest_route=\/wp\/v2\/types\/page"}],"author":[{"embeddable":true,"href":"https:\/\/hubertpietka.bialystok.pl\/index.php?rest_route=\/wp\/v2\/users\/1"}],"replies":[{"embeddable":true,"href":"https:\/\/hubertpietka.bialystok.pl\/index.php?rest_route=%2Fwp%2Fv2%2Fcomments&post=5980"}],"version-history":[{"count":1,"href":"https:\/\/hubertpietka.bialystok.pl\/index.php?rest_route=\/wp\/v2\/pages\/5980\/revisions"}],"predecessor-version":[{"id":5982,"href":"https:\/\/hubertpietka.bialystok.pl\/index.php?rest_route=\/wp\/v2\/pages\/5980\/revisions\/5982"}],"wp:attachment":[{"href":"https:\/\/hubertpietka.bialystok.pl\/index.php?rest_route=%2Fwp%2Fv2%2Fmedia&parent=5980"}],"curies":[{"name":"wp","href":"https:\/\/api.w.org\/{rel}","templated":true}]}}