{"id":5987,"date":"2022-08-15T11:32:55","date_gmt":"2022-08-15T11:32:55","guid":{"rendered":"http:\/\/hubertpietka.bialystok.pl\/?page_id=5987"},"modified":"2022-08-15T11:32:55","modified_gmt":"2022-08-15T11:32:55","slug":"maryjne-wojska-polskie","status":"publish","type":"page","link":"https:\/\/hubertpietka.bialystok.pl\/?page_id=5987","title":{"rendered":"Maryjne \/ Wojska Polskie"},"content":{"rendered":"<p><em><strong>Maryjne \/ Wojska Polskie\u00a0<\/strong><\/em><\/p>\n<p>Dzisiaj rocznica Cudu nad Wis\u0142\u0105<br \/>\nWojsko polskie z pomoc\u0105 Maryi<br \/>\nUchroni\u0142o Europ\u0119 przed nawa\u0142\u0105 bolszewick\u0105<br \/>\nW\u00a0 1920 r. gdyby nie to<br \/>\nDzi\u015b bolszewicka mo\u017ce by\u0142aby Europa<\/p>\n<p>Podobn\u0105 rol\u0119 dzi\u015b pe\u0142ni Ukraina<br \/>\nJest przedmurzem przed now\u0105 nawa\u0142\u0105<br \/>\nW od\u015bwie\u017conych szatkach<br \/>\nPowsta\u0142\u0105 na gruncie sowieckiej Rosji<br \/>\nDzi\u015b Ukraina Europ\u0119 przed tym w\u0142a\u015bnie broni<\/p>\n<p>W zwi\u0105zku z tym Cudem nad Wis\u0142\u0105<br \/>\nDzi\u015b \u015awi\u0119to Polskiego Wojska<br \/>\nTrzeba tu cze\u015b\u0107 odda\u0107<br \/>\nWszystkim kt\u00f3rzy zgin\u0119li<br \/>\nW obronie granic polskich<br \/>\nI polskiej suwerenno\u015bci<br \/>\nTak\u017ce za granicami naszej Ojczyzny<br \/>\nI podobnie sojusznikom<br \/>\nKt\u00f3rzy gin\u0119li za Polsk\u0119<br \/>\nTak jak i \u017co\u0142nierze polscy<br \/>\nWalcz\u0105cy na innych frontach \u015bwiata<br \/>\nW obronie niezawis\u0142o\u015bci r\u00f3\u017cnych kraj\u00f3w<\/p>\n<p>Sta\u0144cie do Apelu<br \/>\nPolegli za wolno\u015b\u0107 i prawd\u0119<br \/>\nPo\u015bwi\u0119caj\u0105cy swe \u017cycia<br \/>\nBy inni \u017cy\u0107 mogli w spos\u00f3b dobry<br \/>\nDo Apelu Sta\u0144cie<br \/>\nPok\u00f3j Wam wieczny<br \/>\nCze\u015b\u0107 i chwa\u0142a Poleg\u0142ym<\/p>\n<p><a href=\"http:\/\/hubertpietka.bialystok.pl\/wp-content\/uploads\/2022\/08\/IMG_20220815_124316439.jpg\"><img loading=\"lazy\" decoding=\"async\" class=\"alignnone size-thumbnail wp-image-5988\" src=\"http:\/\/hubertpietka.bialystok.pl\/wp-content\/uploads\/2022\/08\/IMG_20220815_124316439-150x150.jpg\" alt=\"\" width=\"150\" height=\"150\" srcset=\"https:\/\/hubertpietka.bialystok.pl\/wp-content\/uploads\/2022\/08\/IMG_20220815_124316439-150x150.jpg 150w, https:\/\/hubertpietka.bialystok.pl\/wp-content\/uploads\/2022\/08\/IMG_20220815_124316439-75x75.jpg 75w\" sizes=\"auto, (max-width: 150px) 100vw, 150px\" \/><\/a><\/p>\n<p><em><strong>Na zdj. Bia\u0142y kwiatek na tle zieleni<\/strong><\/em><br \/>\n<em><strong> Dzi\u015b Matki Bo\u017cej Zielnej<\/strong><\/em><br \/>\n<em><strong> Vel Matki Bo\u017cej Zwyci\u0119skiej<\/strong><\/em><br \/>\n<em><strong> Z okazji Cudu nad Wis\u0142\u0105<\/strong><\/em><br \/>\n<em><strong> Ona jak bia\u0142y kwiatek<\/strong><\/em><br \/>\n<em><strong> Na zielonych p\u0142aszczyznach<\/strong><\/em><br \/>\n<em><strong> Czysto\u015b\u0107 kt\u00f3ra zagospodarowuje pola nadziei<\/strong><\/em><br \/>\n<em><strong> W aspektach wszelkich<\/strong><\/em><br \/>\n<em><strong> Patrzcie na Maryj\u0119<\/strong><\/em><br \/>\n<em><strong> Do niej si\u0119 zwr\u00f3\u0107cie<\/strong><\/em><br \/>\n<em><strong> Ona nie zawiedzie<\/strong><\/em><br \/>\n<em><strong> Przez ni\u0105 ka\u017cde zwyci\u0119stwo<\/strong><\/em><\/p>\n<hr \/>\n<p><em>A cz\u0142owiek wielki<\/em><br \/>\n<em> Jak\u017ce\u017c on pi\u0119knie<\/em><br \/>\n<em> Wspania\u0142emu bohaterstwu za\u015bwieci<\/em><br \/>\n<em> Czy przy spacerku czy wyprawce<\/em><br \/>\n<em> Jak\u017ce\u017c on za\u015bwieci wspaniale<\/em><br \/>\n<em> Zwa\u017cywszy na to cho\u0107by<\/em><br \/>\n<em> Jak on potrafi \u015bwieci\u0107 w domu<\/em><\/p>\n<p><em>A tutaj przecie\u017c i wszystko *zrobi-\u0142o si\u0119*<\/em><br \/>\n<em> Bo przecie\u017c wszystko *zrobi\u0105 \u0142osie*<\/em><br \/>\n<em> Od rachunk\u00f3w po mycie sanitariat\u00f3w<\/em><br \/>\n<em> Przecie\u017c tak zawsze by\u0142o<\/em><br \/>\n<em> Dlaczego mia\u0142oby nagle by\u0107 inaczej<\/em><\/p>\n<hr \/>\n<p><strong>I niech \u017cyje Polska Armia<\/strong><br \/>\n<strong> Niech \u017cyje<\/strong><br \/>\n<strong> S\u0142awa Ukrainie<\/strong><\/p>\n<p style=\"text-align: center;\"><a href=\"https:\/\/youtu.be\/vr9G2gjgI8A\"><em><strong>Honor i gniew &#8211; Lech Makowiecki &amp; Zayazd<\/strong><\/em><\/a><\/p>\n","protected":false},"excerpt":{"rendered":"<p>Maryjne \/ Wojska Polskie\u00a0 Dzisiaj rocznica Cudu nad Wis\u0142\u0105 Wojsko polskie z pomoc\u0105 Maryi Uchroni\u0142o Europ\u0119 przed nawa\u0142\u0105 bolszewick\u0105 W\u00a0 1920 r. gdyby nie to&hellip; <\/p>\n","protected":false},"author":1,"featured_media":0,"parent":0,"menu_order":0,"comment_status":"closed","ping_status":"closed","template":"","meta":{"footnotes":""},"class_list":["post-5987","page","type-page","status-publish","hentry"],"_links":{"self":[{"href":"https:\/\/hubertpietka.bialystok.pl\/index.php?rest_route=\/wp\/v2\/pages\/5987","targetHints":{"allow":["GET"]}}],"collection":[{"href":"https:\/\/hubertpietka.bialystok.pl\/index.php?rest_route=\/wp\/v2\/pages"}],"about":[{"href":"https:\/\/hubertpietka.bialystok.pl\/index.php?rest_route=\/wp\/v2\/types\/page"}],"author":[{"embeddable":true,"href":"https:\/\/hubertpietka.bialystok.pl\/index.php?rest_route=\/wp\/v2\/users\/1"}],"replies":[{"embeddable":true,"href":"https:\/\/hubertpietka.bialystok.pl\/index.php?rest_route=%2Fwp%2Fv2%2Fcomments&post=5987"}],"version-history":[{"count":1,"href":"https:\/\/hubertpietka.bialystok.pl\/index.php?rest_route=\/wp\/v2\/pages\/5987\/revisions"}],"predecessor-version":[{"id":5989,"href":"https:\/\/hubertpietka.bialystok.pl\/index.php?rest_route=\/wp\/v2\/pages\/5987\/revisions\/5989"}],"wp:attachment":[{"href":"https:\/\/hubertpietka.bialystok.pl\/index.php?rest_route=%2Fwp%2Fv2%2Fmedia&parent=5987"}],"curies":[{"name":"wp","href":"https:\/\/api.w.org\/{rel}","templated":true}]}}