{"id":5995,"date":"2022-08-17T09:14:20","date_gmt":"2022-08-17T09:14:20","guid":{"rendered":"http:\/\/hubertpietka.bialystok.pl\/?page_id=5995"},"modified":"2022-08-17T09:14:20","modified_gmt":"2022-08-17T09:14:20","slug":"alter-ego-christi","status":"publish","type":"page","link":"https:\/\/hubertpietka.bialystok.pl\/?page_id=5995","title":{"rendered":"Alter ego \/ Christi"},"content":{"rendered":"<p><em><strong>Alter ego \/ Christi\u00a0<\/strong><\/em><\/p>\n<p>Dzi\u015b \u015bw. *Ja-cka*<br \/>\n*Ja cz\u0105stka* ma\u0142a jestem<br \/>\nA czy\u017c B\u00f3g nie powiedzia\u0142 czasem<br \/>\n<em>Wszystko co uczynili\u015bcie tym najmniejszym<br \/>\nUczynili\u015bcie Mnie<\/em><\/p>\n<p style=\"text-align: center;\"><a href=\"https:\/\/youtu.be\/j9TMOw3Z5jY\"><strong><em>Za ma\u0142y &#8211; Krzysztof Antkowiak \/ Dyskoteka Pana JACKa<\/em><\/strong><\/a><\/p>\n<p>Jestem przybyszem<br \/>\nA oni nie chc\u0105 mnie tu przyj\u0105\u0107<br \/>\nJacek *Odro-w\u0105\u017c*<br \/>\nCi\u0105gle musz\u0119 dawa\u0107 *odp\u00f3r w\u0119\u017com* r\u00f3\u017cnym<br \/>\n<em>A wy\u015bcie mnie nie przyj\u0119li<\/em><br \/>\nTeraz rozumiem<br \/>\nI te\u017c w kontek\u015bcie \u017cony<br \/>\n<em>Zobacz\u0105 za trzy dni je\u015bli cokolwiek ci<\/em><br \/>\nPowiedzia\u0142 B\u00f3g<\/p>\n<p>A gdzie byli ci przyjaciele wielkiego cz\u0142owieka wcze\u015bniej<br \/>\nKiedy wyci\u0105gali\u015bmy go z bezdomno\u015bci<br \/>\nGdzie byli gdy z jego takimi czy innymi<br \/>\nZaleg\u0142o\u015bciami sobie radzili\u015bmy<br \/>\nGdzie byli gdy ten dom te\u017c mu robili\u015bmy<br \/>\nBo to nie jest \u017cadna przyja\u017a\u0144 bohater\u00f3w wspania\u0142ych<br \/>\nLecz kumoterstwo ku z\u0142u<br \/>\nTak to niestety trzeba nazwa\u0107 tu<br \/>\nBo niestety oni Panie wraz z tym wielkim cz\u0142owiekiem<br \/>\nI misiami kolorowymi<br \/>\nA to te\u017c przyja\u017a\u0144 mo\u017ce<br \/>\nNieustannie nastaj\u0105 na mnie<br \/>\nNa nas na nasze<\/p>\n<p style=\"text-align: center;\"><a href=\"https:\/\/youtu.be\/5u6lh0ST3S0\"><em><strong>Przyjaciel wie &#8211; Krzysztof Antkowiak \/ Dyskoteka Pana JACKa\u00a0<\/strong><\/em><\/a><\/p>\n<p>A ja nie zrobi\u0142em tu nic z\u0142ego<br \/>\nAni im ani wielkiemu cz\u0142owiekowi<br \/>\nPodobnie i \u017cona<br \/>\n<em>Owce po prawej a koz\u0142y po lewej stronie<\/em><\/p>\n<p><em><a href=\"http:\/\/hubertpietka.bialystok.pl\/wp-content\/uploads\/2022\/08\/IMG_20220817_104535.jpg\"><img loading=\"lazy\" decoding=\"async\" class=\"alignnone size-thumbnail wp-image-5996\" src=\"http:\/\/hubertpietka.bialystok.pl\/wp-content\/uploads\/2022\/08\/IMG_20220817_104535-150x150.jpg\" alt=\"\" width=\"150\" height=\"150\" srcset=\"https:\/\/hubertpietka.bialystok.pl\/wp-content\/uploads\/2022\/08\/IMG_20220817_104535-150x150.jpg 150w, https:\/\/hubertpietka.bialystok.pl\/wp-content\/uploads\/2022\/08\/IMG_20220817_104535-75x75.jpg 75w\" sizes=\"auto, (max-width: 150px) 100vw, 150px\" \/><\/a><\/em><\/p>\n<p>Na zdj. Witra\u017c w ko\u015bciele buskim \u015bw. Brata Alberta<br \/>\nPiek\u0142o to nie jest tylko <em>straszak na niegrzeczne dzieci<\/em><br \/>\nPiek\u0142o mo\u017cna robi\u0107 komu\u015b i za \u017cycia<br \/>\nAle biedni mog\u0105 by\u0107 bardzo ci kt\u00f3rzy to czyni\u0105<br \/>\nJe\u015bli si\u0119 prawdziwie nie nawr\u00f3c\u0105<\/p>\n<p>Maryjo chro\u0144 nas przed nimi<br \/>\nCz\u0142owiek wielki pr\u00f3buje nieustannie<br \/>\nZaja\u015bnie\u0107 wspania\u0142emu bohaterstwu<br \/>\nA jak on ja\u015bnie\u0107 potrafi<br \/>\nTo my akurat wiemy dobrze<br \/>\nBo czy\u017c to ja\u015bnienie jego<br \/>\nWobec bohaterstwa wspania\u0142ego<br \/>\nNie ma by\u0107 czasem<br \/>\nZe szkod\u0105 dla mnie<br \/>\nMisie kolorowe te\u017c na pewno<br \/>\nOdpowiednio przyklasn\u0105 temu<\/p>\n<p>Dzi\u015b te\u017c \u015bw. *Mir-ona*<br \/>\n<em>Mir<\/em> czyli pok\u00f3j mo\u017ce da\u0107 \u015bwiatu tylko ona<br \/>\nDzi\u015b \u015bw. *Mi-r-ona*<br \/>\nPok\u00f3j serca mimo wszystko<br \/>\nDaje *mi ona* Maryja<br \/>\nI tak\u017ce \u017cona<br \/>\nI ka\u017cda prawdziwa przyja\u017a\u0144<br \/>\nStrze\u017c Maryjo nas naszych i naszego <em>Amen<\/em><\/p>\n<p style=\"text-align: center;\"><a href=\"https:\/\/youtu.be\/9rAMGV8z0wg\"><strong><i>D\u0142onie &#8211; Dyskoteka Pana JACKa\u00a0<\/i><\/strong><\/a><\/p>\n","protected":false},"excerpt":{"rendered":"<p>Alter ego \/ Christi\u00a0 Dzi\u015b \u015bw. *Ja-cka* *Ja cz\u0105stka* ma\u0142a jestem A czy\u017c B\u00f3g nie powiedzia\u0142 czasem Wszystko co uczynili\u015bcie tym najmniejszym Uczynili\u015bcie Mnie Za&hellip; <\/p>\n","protected":false},"author":1,"featured_media":0,"parent":0,"menu_order":0,"comment_status":"closed","ping_status":"closed","template":"","meta":{"footnotes":""},"class_list":["post-5995","page","type-page","status-publish","hentry"],"_links":{"self":[{"href":"https:\/\/hubertpietka.bialystok.pl\/index.php?rest_route=\/wp\/v2\/pages\/5995","targetHints":{"allow":["GET"]}}],"collection":[{"href":"https:\/\/hubertpietka.bialystok.pl\/index.php?rest_route=\/wp\/v2\/pages"}],"about":[{"href":"https:\/\/hubertpietka.bialystok.pl\/index.php?rest_route=\/wp\/v2\/types\/page"}],"author":[{"embeddable":true,"href":"https:\/\/hubertpietka.bialystok.pl\/index.php?rest_route=\/wp\/v2\/users\/1"}],"replies":[{"embeddable":true,"href":"https:\/\/hubertpietka.bialystok.pl\/index.php?rest_route=%2Fwp%2Fv2%2Fcomments&post=5995"}],"version-history":[{"count":1,"href":"https:\/\/hubertpietka.bialystok.pl\/index.php?rest_route=\/wp\/v2\/pages\/5995\/revisions"}],"predecessor-version":[{"id":5997,"href":"https:\/\/hubertpietka.bialystok.pl\/index.php?rest_route=\/wp\/v2\/pages\/5995\/revisions\/5997"}],"wp:attachment":[{"href":"https:\/\/hubertpietka.bialystok.pl\/index.php?rest_route=%2Fwp%2Fv2%2Fmedia&parent=5995"}],"curies":[{"name":"wp","href":"https:\/\/api.w.org\/{rel}","templated":true}]}}