{"id":60,"date":"2017-01-02T13:43:40","date_gmt":"2017-01-02T13:43:40","guid":{"rendered":"http:\/\/hubertpietka.bialystok.pl\/?page_id=60"},"modified":"2017-05-30T00:31:27","modified_gmt":"2017-05-30T00:31:27","slug":"dla-bibliotekarzy","status":"publish","type":"page","link":"https:\/\/hubertpietka.bialystok.pl\/?page_id=60","title":{"rendered":"Dla bibliotek"},"content":{"rendered":"<ol>\n<li>Kodeks etyki bibliotekarza &#8211; warto\u015bci w zawodzie bibliotekarza.<\/li>\n<li>Hermeneutyka tekstu literackiego, czyli jak w prosty spos\u00f3b interpretowa\u0107 poezj\u0119.<\/li>\n<li>Warsztaty dramowe.<\/li>\n<li>Sfera publiczna i prywatne interakcje w bibliotece.<\/li>\n<li>Korepetycje bibliotekarskie z r\u00f3\u017cnych epok literackich.<\/li>\n<\/ol>\n<p>Prowadzenie spotka\u0144 autorskich.<\/p>\n<p>Lekcje biblioteczne.<\/p>\n<p>&#8230;<\/p>\n<p>&nbsp;<\/p>\n","protected":false},"excerpt":{"rendered":"<p>Kodeks etyki bibliotekarza &#8211; warto\u015bci w zawodzie bibliotekarza. Hermeneutyka tekstu literackiego, czyli jak w prosty spos\u00f3b interpretowa\u0107 poezj\u0119. Warsztaty dramowe. Sfera publiczna i prywatne interakcje&hellip; <\/p>\n","protected":false},"author":1,"featured_media":0,"parent":0,"menu_order":0,"comment_status":"closed","ping_status":"closed","template":"","meta":{"footnotes":""},"class_list":["post-60","page","type-page","status-publish","hentry"],"_links":{"self":[{"href":"https:\/\/hubertpietka.bialystok.pl\/index.php?rest_route=\/wp\/v2\/pages\/60","targetHints":{"allow":["GET"]}}],"collection":[{"href":"https:\/\/hubertpietka.bialystok.pl\/index.php?rest_route=\/wp\/v2\/pages"}],"about":[{"href":"https:\/\/hubertpietka.bialystok.pl\/index.php?rest_route=\/wp\/v2\/types\/page"}],"author":[{"embeddable":true,"href":"https:\/\/hubertpietka.bialystok.pl\/index.php?rest_route=\/wp\/v2\/users\/1"}],"replies":[{"embeddable":true,"href":"https:\/\/hubertpietka.bialystok.pl\/index.php?rest_route=%2Fwp%2Fv2%2Fcomments&post=60"}],"version-history":[{"count":4,"href":"https:\/\/hubertpietka.bialystok.pl\/index.php?rest_route=\/wp\/v2\/pages\/60\/revisions"}],"predecessor-version":[{"id":461,"href":"https:\/\/hubertpietka.bialystok.pl\/index.php?rest_route=\/wp\/v2\/pages\/60\/revisions\/461"}],"wp:attachment":[{"href":"https:\/\/hubertpietka.bialystok.pl\/index.php?rest_route=%2Fwp%2Fv2%2Fmedia&parent=60"}],"curies":[{"name":"wp","href":"https:\/\/api.w.org\/{rel}","templated":true}]}}