{"id":6004,"date":"2022-08-19T05:24:12","date_gmt":"2022-08-19T05:24:12","guid":{"rendered":"http:\/\/hubertpietka.bialystok.pl\/?page_id=6004"},"modified":"2022-08-19T05:24:12","modified_gmt":"2022-08-19T05:24:12","slug":"cicho-ciemni-jasnie-jasnie-jacy","status":"publish","type":"page","link":"https:\/\/hubertpietka.bialystok.pl\/?page_id=6004","title":{"rendered":"Cicho-ciemni \/ ja\u015bnie-ja\u015bnie-j\u0105cy"},"content":{"rendered":"<p><em><strong>Cicho-ciemni \/ ja\u015bnie-ja\u015bnie-j\u0105cy\u00a0<\/strong><\/em><\/p>\n<p>Ach kiedy wreszcie<br \/>\nNast\u0105pi tutaj wylanie si\u0119 \u015bwiat\u0142a<br \/>\nCz\u0142owiek wielki tak pi\u0119knie \u015bwieci<br \/>\nDla bohaterstwaterstwa wspania\u0142ego<br \/>\nI zab\u0142ysn\u0105\u0107 chce przecie\u017c koniecznie<br \/>\nPodobnie i one wspania\u0142e bohaterstwo<br \/>\nTe\u017c zapewne wobec niego<br \/>\nOkaza\u0107 sw\u00f3j blask wzajemnie zechce<br \/>\nZab\u0142ysn\u0105 wszyscy<br \/>\nI cz\u0142owiek wielki i bohaterstwo wspania\u0142e<br \/>\nMilusie i misie zapewne po r\u00f3wno<\/p>\n<p>To b\u0119dzie zapewne blask wielki<br \/>\nNiekt\u00f3rych po oczach a\u017c uderzy<br \/>\nA gdzie w tym wszystkim ma by\u0107 Jezus<br \/>\nKt\u00f3ry jest przecie\u017c \u015awiat\u0142o\u015bci\u0105 \u015awiata<br \/>\nJezus stoi z boku<br \/>\nI czeka co z Nim chc\u0105 zrobi\u0107<br \/>\nA Duch \u015awi\u0119ty jest jasno\u015bci\u0105<br \/>\nKt\u00f3ra ku dobru i prawdy o\u015bwieca\u0107 chce dusze<br \/>\nA ja za\u015b jak Zacheusz taki ma\u0142y<br \/>\nWdrapuj\u0119 si\u0119 na drzewo wiary<br \/>\nBy zawsze lepiej widzie\u0107<br \/>\nPrzechadzaj\u0105cego si\u0119 Jezusa<\/p>\n<p><strong>Przyjd\u017a Duchu \u015awi\u0119ty<\/strong><br \/>\n<strong> Przychod\u017a Jezu<\/strong><br \/>\n<strong> A oni niech nie przychodz\u0105<\/strong><br \/>\n<strong> I je\u015bli cokolwiek cokolwieczunio<\/strong><br \/>\n<strong> Z moj\u0105 \u017con\u0105 tym psem<\/strong><br \/>\n<strong> Mo\u017ce i ze mn\u0105<\/strong><br \/>\n<strong> Z nami naszymi naszym<\/strong><br \/>\n<strong> Tam gdzie jeste\u015bmy i gdzie nas nie ma<\/strong><br \/>\n<strong> Cokolwiek cokolwieczunio<\/strong><br \/>\n<strong> Tak\u017ce w trakcie tego wyjazdu<\/strong><\/p>\n<p>I co\u015b wydaje *mi si\u0119*<br \/>\n\u017be nie zostawi\u0105 mnie w spokoju nigdzie<br \/>\nTak pi\u0119kne kolorowe *misie*<\/p>\n<p><a href=\"http:\/\/hubertpietka.bialystok.pl\/wp-content\/uploads\/2022\/08\/IMG_20220819_071402.jpg\"><img loading=\"lazy\" decoding=\"async\" class=\"alignnone size-thumbnail wp-image-6005\" src=\"http:\/\/hubertpietka.bialystok.pl\/wp-content\/uploads\/2022\/08\/IMG_20220819_071402-150x150.jpg\" alt=\"\" width=\"150\" height=\"150\" srcset=\"https:\/\/hubertpietka.bialystok.pl\/wp-content\/uploads\/2022\/08\/IMG_20220819_071402-150x150.jpg 150w, https:\/\/hubertpietka.bialystok.pl\/wp-content\/uploads\/2022\/08\/IMG_20220819_071402-75x75.jpg 75w\" sizes=\"auto, (max-width: 150px) 100vw, 150px\" \/><\/a><\/p>\n<p>Na zdj. *Mie-tel* i kapliczka maryjna<br \/>\nPrzy drodze na pola bia\u0142oborskie<br \/>\nOni zawsze maj\u0105 do dzia\u0142ania<br \/>\nTakie czy inne pole<br \/>\nTu bohaterstwo wspania\u0142e misie i milusie<br \/>\nI wsz\u0119dzie indziej ci pierwsi<br \/>\n<em>*Tell me* why<\/em><br \/>\nDlaczego oni sobie akurat tak upodobali nas<\/p>\n<p style=\"text-align: center;\"><a href=\"https:\/\/youtu.be\/qfiHIotFy3Q\"><em><strong>Mateusz Zi\u00f3\u0142ko &#8211; Vis a vis<\/strong><\/em><\/a><\/p>\n","protected":false},"excerpt":{"rendered":"<p>Cicho-ciemni \/ ja\u015bnie-ja\u015bnie-j\u0105cy\u00a0 Ach kiedy wreszcie Nast\u0105pi tutaj wylanie si\u0119 \u015bwiat\u0142a Cz\u0142owiek wielki tak pi\u0119knie \u015bwieci Dla bohaterstwaterstwa wspania\u0142ego I zab\u0142ysn\u0105\u0107 chce przecie\u017c koniecznie Podobnie&hellip; <\/p>\n","protected":false},"author":1,"featured_media":0,"parent":0,"menu_order":0,"comment_status":"closed","ping_status":"closed","template":"","meta":{"footnotes":""},"class_list":["post-6004","page","type-page","status-publish","hentry"],"_links":{"self":[{"href":"https:\/\/hubertpietka.bialystok.pl\/index.php?rest_route=\/wp\/v2\/pages\/6004","targetHints":{"allow":["GET"]}}],"collection":[{"href":"https:\/\/hubertpietka.bialystok.pl\/index.php?rest_route=\/wp\/v2\/pages"}],"about":[{"href":"https:\/\/hubertpietka.bialystok.pl\/index.php?rest_route=\/wp\/v2\/types\/page"}],"author":[{"embeddable":true,"href":"https:\/\/hubertpietka.bialystok.pl\/index.php?rest_route=\/wp\/v2\/users\/1"}],"replies":[{"embeddable":true,"href":"https:\/\/hubertpietka.bialystok.pl\/index.php?rest_route=%2Fwp%2Fv2%2Fcomments&post=6004"}],"version-history":[{"count":1,"href":"https:\/\/hubertpietka.bialystok.pl\/index.php?rest_route=\/wp\/v2\/pages\/6004\/revisions"}],"predecessor-version":[{"id":6006,"href":"https:\/\/hubertpietka.bialystok.pl\/index.php?rest_route=\/wp\/v2\/pages\/6004\/revisions\/6006"}],"wp:attachment":[{"href":"https:\/\/hubertpietka.bialystok.pl\/index.php?rest_route=%2Fwp%2Fv2%2Fmedia&parent=6004"}],"curies":[{"name":"wp","href":"https:\/\/api.w.org\/{rel}","templated":true}]}}