{"id":6018,"date":"2022-08-22T23:21:59","date_gmt":"2022-08-22T23:21:59","guid":{"rendered":"http:\/\/hubertpietka.bialystok.pl\/?page_id=6018"},"modified":"2022-08-22T23:27:04","modified_gmt":"2022-08-22T23:27:04","slug":"tesknoty-drog-prostych","status":"publish","type":"page","link":"https:\/\/hubertpietka.bialystok.pl\/?page_id=6018","title":{"rendered":"T\u0119sknoty \/ dr\u00f3g prostych"},"content":{"rendered":"<p><em><strong>T\u0119sknoty \/ dr\u00f3g prostych\u00a0<\/strong><\/em><\/p>\n<p>Je\u015bli masz w sobie t\u0119sknot\u0119<br \/>\nZa prawd\u0105 czyst\u0105 jak kryszta\u0142<br \/>\nTo jest blisko ciebie Maryja<\/p>\n<p>Je\u015bli masz w sobie pragnienie<br \/>\nJasnego dobra jak okruch chleba<br \/>\nTo jest przy tobie Maryja<\/p>\n<p>Je\u015bli masz w sobie nostalgi\u0119<br \/>\nKu pi\u0119knu w kanonie prostym<br \/>\nTo Maryja jest przy tobie<\/p>\n<p>Je\u015bli nie mo\u017cesz \u017cy\u0107<br \/>\nBez mi\u0142o\u015bci w odpowiedzialno\u015bci<br \/>\nTo Matka jest bardzo blisko<\/p>\n<p>Mo\u017cesz nawet nie wiedzie\u0107<br \/>\nO tym \u017ce tak jest<br \/>\nOna jest uczuciem porywem serca<br \/>\nProwadz\u0105cym ku warto\u015bciom<br \/>\nCzyli do Boga<\/p>\n<p style=\"text-align: center;\"><a href=\"https:\/\/youtu.be\/iA_HF2EirA0\"><em><strong>Krystyna Pro\u0144ko &#8211; Ma\u0142e t\u0119sknoty\u00a0<\/strong><\/em><\/a><\/p>\n<p><a href=\"http:\/\/hubertpietka.bialystok.pl\/wp-content\/uploads\/2022\/08\/IMG_20220823_003208.jpg\"><img loading=\"lazy\" decoding=\"async\" class=\"alignnone size-thumbnail wp-image-6019\" src=\"http:\/\/hubertpietka.bialystok.pl\/wp-content\/uploads\/2022\/08\/IMG_20220823_003208-150x150.jpg\" alt=\"\" width=\"150\" height=\"150\" srcset=\"https:\/\/hubertpietka.bialystok.pl\/wp-content\/uploads\/2022\/08\/IMG_20220823_003208-150x150.jpg 150w, https:\/\/hubertpietka.bialystok.pl\/wp-content\/uploads\/2022\/08\/IMG_20220823_003208-75x75.jpg 75w\" sizes=\"auto, (max-width: 150px) 100vw, 150px\" \/><\/a><\/p>\n<p><strong>Na zdj. Chrystus Kr\u00f3l w ko\u015bciele kapucyn\u00f3w w \u0141om\u017cy<\/strong><br \/>\n<strong> <em>Stoi Kr\u00f3lowa po Jego prawicy<\/em><\/strong><br \/>\n<strong> Maryja jest Kr\u00f3low\u0105 ze wzgl\u0119du<\/strong><br \/>\n<strong> Na Niego i \u017cycie prze\u017cyte w Bogu<\/strong><\/p>\n<p><strong><em>O\u0142tarz u\u015bwi\u0119ca ofiar\u0119<\/em> nie odwrotnie<\/strong><br \/>\n<strong> B\u00f3g u\u015bwi\u0119ci\u0142 Maryj\u0119 dla Siebie<\/strong><br \/>\n<strong> Dlatego ona kr\u00f3luje<\/strong><br \/>\n<strong> A \u017ce sprawy ludzkie nios\u0142a<\/strong><br \/>\n<strong> To na pewno zrozumie innych ludzi<\/strong><br \/>\n<strong> Nad kt\u00f3rych B\u00f3g j\u0105 wyni\u00f3s\u0142<\/strong><br \/>\n<strong> Dla Siebie i dla nich<\/strong><\/p>\n<p><strong>Dzi\u015b Maryi Kr\u00f3lowej<\/strong><br \/>\n<strong> Spodoba\u0142o si\u0119 Bogu wszystko i wszystkich jej podda\u0107<\/strong><br \/>\n<strong> I ona w Bogu zatryumfuje<\/strong><br \/>\n<strong> Lecz dyskretnie nie nachalnie<\/strong><br \/>\n<strong> Na podobie\u0144stwo kr\u00f3lowania Chrystusa<\/strong><\/p>\n<hr \/>\n<p>M\u00f3wi\u0105c nawiasem<br \/>\nPodobnie jest z ka\u017cdym sakramentem<br \/>\nCho\u0107by z sakramentem ma\u0142\u017ce\u0144stwa<br \/>\nB\u00f3g je chce u\u015bwi\u0119ca\u0107<br \/>\nCo nie znaczy<br \/>\n\u017be bez trudu czy do\u015bwiadcze\u0144<br \/>\nPrawdziwe dobro wykuwa si\u0119 cz\u0119sto<br \/>\nW kamieniu przeciwno\u015bci i pracy<\/p>\n<p style=\"text-align: right;\"><a href=\"https:\/\/youtu.be\/3ivrkCmQrgs\"><em><strong>Ich Troje &#8211; Anio\u0142y\u00a0<\/strong><\/em><\/a><\/p>\n<p><em>Pozdrawiam misi\u00f3w kolorowych<\/em><br \/>\n<em> Niech wybacz\u0105<\/em><br \/>\n<em> Ale jako\u015b za nimi zbytnio nie t\u0119skni\u0119\u00a0<\/em><br \/>\n<em>Wol\u0119 zachowa\u0107 dystans odpowiedni<\/em><br \/>\n<em> Pozdrawiam \u017con\u0119 oby nic z\u0142ego jej<\/em><br \/>\n<em> Dobrze radz\u0119<\/em><br \/>\n<em> Bliskich wszystkich<\/em><br \/>\n<em> Wytrwajcie<\/em><br \/>\n<em> Ave Maria<\/em><\/p>\n<p><a href=\"https:\/\/youtu.be\/4mLZOiI5eBw\"><strong><em>Ryszard Rynkowski &#8211; Wznie\u015b serce\u00a0<\/em><\/strong><\/a><\/p>\n","protected":false},"excerpt":{"rendered":"<p>T\u0119sknoty \/ dr\u00f3g prostych\u00a0 Je\u015bli masz w sobie t\u0119sknot\u0119 Za prawd\u0105 czyst\u0105 jak kryszta\u0142 To jest blisko ciebie Maryja Je\u015bli masz w sobie pragnienie Jasnego&hellip; <\/p>\n","protected":false},"author":1,"featured_media":0,"parent":0,"menu_order":0,"comment_status":"closed","ping_status":"closed","template":"","meta":{"footnotes":""},"class_list":["post-6018","page","type-page","status-publish","hentry"],"_links":{"self":[{"href":"https:\/\/hubertpietka.bialystok.pl\/index.php?rest_route=\/wp\/v2\/pages\/6018","targetHints":{"allow":["GET"]}}],"collection":[{"href":"https:\/\/hubertpietka.bialystok.pl\/index.php?rest_route=\/wp\/v2\/pages"}],"about":[{"href":"https:\/\/hubertpietka.bialystok.pl\/index.php?rest_route=\/wp\/v2\/types\/page"}],"author":[{"embeddable":true,"href":"https:\/\/hubertpietka.bialystok.pl\/index.php?rest_route=\/wp\/v2\/users\/1"}],"replies":[{"embeddable":true,"href":"https:\/\/hubertpietka.bialystok.pl\/index.php?rest_route=%2Fwp%2Fv2%2Fcomments&post=6018"}],"version-history":[{"count":2,"href":"https:\/\/hubertpietka.bialystok.pl\/index.php?rest_route=\/wp\/v2\/pages\/6018\/revisions"}],"predecessor-version":[{"id":6023,"href":"https:\/\/hubertpietka.bialystok.pl\/index.php?rest_route=\/wp\/v2\/pages\/6018\/revisions\/6023"}],"wp:attachment":[{"href":"https:\/\/hubertpietka.bialystok.pl\/index.php?rest_route=%2Fwp%2Fv2%2Fmedia&parent=6018"}],"curies":[{"name":"wp","href":"https:\/\/api.w.org\/{rel}","templated":true}]}}