{"id":602,"date":"2017-07-12T10:22:46","date_gmt":"2017-07-12T10:22:46","guid":{"rendered":"http:\/\/hubertpietka.bialystok.pl\/?page_id=602"},"modified":"2017-07-12T15:58:46","modified_gmt":"2017-07-12T15:58:46","slug":"swietosc-dostepna-jest-dla-wszystkich","status":"publish","type":"page","link":"https:\/\/hubertpietka.bialystok.pl\/?page_id=602","title":{"rendered":"\u015awi\u0119to\u015b\u0107 \/dost\u0119pna jest dla wszystkich&#8230;\/"},"content":{"rendered":"<p style=\"text-align: center;\"><em><strong>\u015awi\u0119to\u015b\u0107<\/strong><\/em><\/p>\n<p style=\"text-align: right;\"><em>\/ dost\u0119pna jest dla wszystkich,<\/em><\/p>\n<p style=\"text-align: right;\"><em>trzeba tylko troch\u0119 chcie\u0107&#8230; \/<\/em><\/p>\n<p>&nbsp;<\/p>\n<ol>\n<li>To esencja,<\/li>\n<\/ol>\n<p>przekszta\u0142caj\u0105ca od wewn\u0105trz istot\u0119,<\/p>\n<p>wype\u0142niaj\u0105ca rzeczywisto\u015b\u0107<\/p>\n<p>&#8211; widziana j\u0119zykiem filozoficznym.<\/p>\n<p>&nbsp;<\/p>\n<ol start=\"2\">\n<li>To odnalezienie<\/li>\n<\/ol>\n<p>wszystkich swych pragnie\u0144,<\/p>\n<p>spe\u0142nienie swego tchnienia<\/p>\n<p>&#8211; wed\u0142ug psychologii istnienia.<\/p>\n<p>&nbsp;<\/p>\n<ol start=\"3\">\n<li>To zebranie<\/li>\n<\/ol>\n<p>wszystkich swych do\u015bwiadcze\u0144<\/p>\n<p>w jedno doznanie nauki i wiary<\/p>\n<p>&#8211; behawiory\u015bci o tym wiedz\u0105 doskonale.<\/p>\n<p>&nbsp;<\/p>\n<ol start=\"4\">\n<li>To wszyscy ludzie spotkani,<\/li>\n<\/ol>\n<p>znani i nieznani,<\/p>\n<p>przed nami i za nami<\/p>\n<p>&#8211; dialog ludzko\u015bci wype\u0142nia humanizm.<\/p>\n<p>&nbsp;<\/p>\n<ol start=\"5\">\n<li>Wreszcie<\/li>\n<\/ol>\n<p>to z Bogiem spotkanie,<\/p>\n<p>takim, jak chcesz Go pozna\u0107<\/p>\n<p>&#8211; wed\u0142ug twoich zamiarze\u0144.<\/p>\n<p>&nbsp;<\/p>\n<ol start=\"6\">\n<li>Dla katolika<\/li>\n<\/ol>\n<p>to tradycja, Ko\u015bcio\u0142a droga,<\/p>\n<p>modlitwa i ka\u017cdy sakrament<\/p>\n<p>&#8211; praktyczna teologia.<\/p>\n<p>&nbsp;<\/p>\n<ol start=\"7\">\n<li>Wreszcie<\/li>\n<\/ol>\n<p>to ka\u017cde do\u015bwiadczenie<\/p>\n<p>spotkania i dialogu<\/p>\n<p>&#8211; poddanie si\u0119 Opatrzno\u015bci lub losowi.<\/p>\n<p>&nbsp;<\/p>\n<ol start=\"8\">\n<li>Nareszcie<\/li>\n<\/ol>\n<p>to moja \u017cona.<\/p>\n<p>Ka\u017cda chwila z ni\u0105 spe\u0142niona<\/p>\n<p>&#8211; przybli\u017ca mnie do Boga.<\/p>\n<p>&nbsp;<\/p>\n<ol start=\"9\">\n<li>\u015awi\u0119to\u015b\u0107 to tak\u017ce<\/li>\n<\/ol>\n<p>bycie po prostu dobrym,<\/p>\n<p>mi\u0142o\u015b\u0107 tu i teraz<\/p>\n<p>&#8211; dost\u0119pne dla wszystkich od zaraz.<\/p>\n<p>&nbsp;<\/p>\n<ol start=\"10\">\n<li>Trzeba tylko<\/li>\n<\/ol>\n<p>troch\u0119 chcie\u0107,<\/p>\n<p>pracowa\u0107 nad sob\u0105<\/p>\n<p>&#8211; i dobrze\u00a0 \u017cy\u0107.<\/p>\n<p>&nbsp;<\/p>\n<ol start=\"11\">\n<li>Wszystko, co prze\u017cyli\u015bmy, do\u015bwiadczyli\u015bmy<\/li>\n<\/ol>\n<p>ma nas prowadzi\u0107 w t\u0119 stron\u0119.<\/p>\n<p>\u017bycie jest dialogiem sk\u0142adnik\u00f3w<\/p>\n<p>&#8211; przez nie dope\u0142nionych.<\/p>\n<p>&nbsp;<\/p>\n<ol start=\"12\">\n<li>Chrystus jest drog\u0105 Ko\u015bcio\u0142a,<\/li>\n<\/ol>\n<p>obok Maryja i \u015bwi\u0119ci.<\/p>\n<p>Inni te\u017c maj\u0105 swe drogi<\/p>\n<p>&#8211; wystarczy dobrze i\u015b\u0107.<\/p>\n<p>&nbsp;<\/p>\n<ol start=\"13\">\n<li>Tego wam i sobie \u017cycz\u0119,<\/li>\n<\/ol>\n<p>by\u015bmy si\u0119 u\u015bwi\u0119cali<\/p>\n<p>drog\u0105 swych obowi\u0105zk\u00f3w<\/p>\n<p>&#8211; dobrymi czynami.<\/p>\n<p>&nbsp;<\/p>\n<ol start=\"14\">\n<li>Wszyscy spotkamy si\u0119<\/li>\n<\/ol>\n<p>gdzie\u015b po drugiej stronie,<\/p>\n<p>po\u0142\u0105cz\u0105 si\u0119 nasze drogi<\/p>\n<p>&#8211; znajd\u0105 swe wype\u0142nienie.<\/p>\n","protected":false},"excerpt":{"rendered":"<p>\u015awi\u0119to\u015b\u0107 \/ dost\u0119pna jest dla wszystkich, trzeba tylko troch\u0119 chcie\u0107&#8230; \/ &nbsp; To esencja, przekszta\u0142caj\u0105ca od wewn\u0105trz istot\u0119, wype\u0142niaj\u0105ca rzeczywisto\u015b\u0107 &#8211; widziana j\u0119zykiem filozoficznym. &nbsp;&hellip; <\/p>\n","protected":false},"author":1,"featured_media":0,"parent":0,"menu_order":0,"comment_status":"closed","ping_status":"closed","template":"","meta":{"footnotes":""},"class_list":["post-602","page","type-page","status-publish","hentry"],"_links":{"self":[{"href":"https:\/\/hubertpietka.bialystok.pl\/index.php?rest_route=\/wp\/v2\/pages\/602","targetHints":{"allow":["GET"]}}],"collection":[{"href":"https:\/\/hubertpietka.bialystok.pl\/index.php?rest_route=\/wp\/v2\/pages"}],"about":[{"href":"https:\/\/hubertpietka.bialystok.pl\/index.php?rest_route=\/wp\/v2\/types\/page"}],"author":[{"embeddable":true,"href":"https:\/\/hubertpietka.bialystok.pl\/index.php?rest_route=\/wp\/v2\/users\/1"}],"replies":[{"embeddable":true,"href":"https:\/\/hubertpietka.bialystok.pl\/index.php?rest_route=%2Fwp%2Fv2%2Fcomments&post=602"}],"version-history":[{"count":3,"href":"https:\/\/hubertpietka.bialystok.pl\/index.php?rest_route=\/wp\/v2\/pages\/602\/revisions"}],"predecessor-version":[{"id":614,"href":"https:\/\/hubertpietka.bialystok.pl\/index.php?rest_route=\/wp\/v2\/pages\/602\/revisions\/614"}],"wp:attachment":[{"href":"https:\/\/hubertpietka.bialystok.pl\/index.php?rest_route=%2Fwp%2Fv2%2Fmedia&parent=602"}],"curies":[{"name":"wp","href":"https:\/\/api.w.org\/{rel}","templated":true}]}}