{"id":6026,"date":"2022-08-23T20:23:57","date_gmt":"2022-08-23T20:23:57","guid":{"rendered":"http:\/\/hubertpietka.bialystok.pl\/?page_id=6026"},"modified":"2022-08-23T20:24:50","modified_gmt":"2022-08-23T20:24:50","slug":"bezduszny-schemat-wobec-nas","status":"publish","type":"page","link":"https:\/\/hubertpietka.bialystok.pl\/?page_id=6026","title":{"rendered":"Bezduszne schematy \/ na nas"},"content":{"rendered":"<p><em><strong>Bezduszne schematy \/ na nas<\/strong><\/em><\/p>\n<p style=\"text-align: center;\"><a href=\"https:\/\/youtu.be\/gkBU5HK45_0\"><em><strong>Bracia i Siostry &#8211; Apel o pomoc<\/strong><\/em><\/a><\/p>\n<p>Pr\u00f3buj\u0105 nas zamkn\u0105\u0107<br \/>\nW ideologicznym skostnieniu bez cia\u0142a<br \/>\nI z\u0142oszcz\u0105 si\u0119 kiedy odbudowujemy<br \/>\nTen ko\u015bciec \u017cyw\u0105 tkank\u0105<\/p>\n<p>Chc\u0105 nas zamkn\u0105\u0107 w schemacie<br \/>\nBez ducha<br \/>\nCzy tylko my nie mo\u017cemy by\u0107 sob\u0105<br \/>\nInne zasady dla nas ni\u017c dla wszystkich<\/p>\n<p>Czy to jest sprawiedliwo\u015b\u0107<br \/>\nA gdzie mi\u0142osierdzie<br \/>\nCo tu jest pomini\u0119te<br \/>\nTak ja wiem \u017ce ty by\u015b wszystko lepiej<\/p>\n<p><a href=\"https:\/\/youtu.be\/co4EtxdBiS4\"><em><strong>Bracia i Siostry &#8211; Sob\u0105 by\u0107\u00a0<\/strong><\/em><\/a><\/p>\n<p><strong>Dzisiaj \u015bw. R\u00f3\u017cy z *Li-my*<br \/>\nCzy *li my* tylko<br \/>\n<em>Nie mo\u017cemy zrobi\u0107 tego co chcemy ze swoim<br \/>\nCzy na to patrzycie z\u0142ym okiem<br \/>\n\u017be jeste\u015bmy dobrzy<\/em><\/strong><\/p>\n<p style=\"text-align: right;\"><a href=\"https:\/\/youtu.be\/oQABQ-qfwZo\"><strong><em>Bracia i Siostry &#8211; Pozoranci\u00a0<\/em><\/strong><\/a><\/p>\n<p><strong><em><a href=\"http:\/\/hubertpietka.bialystok.pl\/wp-content\/uploads\/2022\/08\/IMG_20220823_212629.jpg\"><img loading=\"lazy\" decoding=\"async\" class=\"alignnone size-thumbnail wp-image-6034\" src=\"http:\/\/hubertpietka.bialystok.pl\/wp-content\/uploads\/2022\/08\/IMG_20220823_212629-150x150.jpg\" alt=\"\" width=\"150\" height=\"150\" srcset=\"https:\/\/hubertpietka.bialystok.pl\/wp-content\/uploads\/2022\/08\/IMG_20220823_212629-150x150.jpg 150w, https:\/\/hubertpietka.bialystok.pl\/wp-content\/uploads\/2022\/08\/IMG_20220823_212629-75x75.jpg 75w\" sizes=\"auto, (max-width: 150px) 100vw, 150px\" \/><\/a><\/em><\/strong><\/p>\n<p><strong>Na zdj. Napis na fasadzie ko\u015bcio\u0142a \u015bw. Andrzeja Boboli<\/strong><br \/>\n<strong> <em>Dzi\u0119ki \u0142asce Pana jestem tym kim jestem<\/em><\/strong><br \/>\n<strong> To te\u017c biblijne s\u0105 s\u0142owa<\/strong><br \/>\n<strong> Bogu dzi\u0119kuj\u0119 za wszystko<\/strong><br \/>\n<strong> Bo to On a nie oni maj\u0105 mnie prowadzi\u0107<\/strong><\/p>\n<p>Dla nas twarde zasady<br \/>\nA oni mog\u0105 je zmienia\u0107<br \/>\n\u017b\u0105glowa\u0107 nimi wedle upodobania<br \/>\nI je\u015bli cokolwiek cokolwieczunio nawet mojej \u017conie<br \/>\nTo zobacz\u0105<\/p>\n<p>Z nami naszymi i naszym<br \/>\nDobrze radz\u0119<br \/>\nNiech si\u0119 lepiej od nas trzymaj\u0105 z dala<br \/>\nCi kt\u00f3rzy wobec nas maj\u0105 z\u0142e zamiary<\/p>\n<p>Ja nie potrzebuj\u0119 \u017cadnych misi\u00f3w<br \/>\nJestem ju\u017c do\u015b\u0107 du\u017cym ch\u0142opcem<br \/>\nBez nich poradz\u0119 sobie lepiej<br \/>\nI niech nie przychodz\u0105<br \/>\nGdziekolwiek jakkolwiek i kiedykolwiek<\/p>\n<p><a href=\"https:\/\/youtu.be\/UzK6toYKj08\"><em><strong>Bracia i Siostry &#8211; Czego bym chcia\u0142\u00a0<\/strong><\/em><\/a><\/p>\n","protected":false},"excerpt":{"rendered":"<p>Bezduszne schematy \/ na nas Bracia i Siostry &#8211; Apel o pomoc Pr\u00f3buj\u0105 nas zamkn\u0105\u0107 W ideologicznym skostnieniu bez cia\u0142a I z\u0142oszcz\u0105 si\u0119 kiedy odbudowujemy&hellip; <\/p>\n","protected":false},"author":1,"featured_media":0,"parent":0,"menu_order":0,"comment_status":"closed","ping_status":"closed","template":"","meta":{"footnotes":""},"class_list":["post-6026","page","type-page","status-publish","hentry"],"_links":{"self":[{"href":"https:\/\/hubertpietka.bialystok.pl\/index.php?rest_route=\/wp\/v2\/pages\/6026","targetHints":{"allow":["GET"]}}],"collection":[{"href":"https:\/\/hubertpietka.bialystok.pl\/index.php?rest_route=\/wp\/v2\/pages"}],"about":[{"href":"https:\/\/hubertpietka.bialystok.pl\/index.php?rest_route=\/wp\/v2\/types\/page"}],"author":[{"embeddable":true,"href":"https:\/\/hubertpietka.bialystok.pl\/index.php?rest_route=\/wp\/v2\/users\/1"}],"replies":[{"embeddable":true,"href":"https:\/\/hubertpietka.bialystok.pl\/index.php?rest_route=%2Fwp%2Fv2%2Fcomments&post=6026"}],"version-history":[{"count":9,"href":"https:\/\/hubertpietka.bialystok.pl\/index.php?rest_route=\/wp\/v2\/pages\/6026\/revisions"}],"predecessor-version":[{"id":6037,"href":"https:\/\/hubertpietka.bialystok.pl\/index.php?rest_route=\/wp\/v2\/pages\/6026\/revisions\/6037"}],"wp:attachment":[{"href":"https:\/\/hubertpietka.bialystok.pl\/index.php?rest_route=%2Fwp%2Fv2%2Fmedia&parent=6026"}],"curies":[{"name":"wp","href":"https:\/\/api.w.org\/{rel}","templated":true}]}}