{"id":6067,"date":"2022-08-28T14:28:00","date_gmt":"2022-08-28T14:28:00","guid":{"rendered":"http:\/\/hubertpietka.bialystok.pl\/?page_id=6067"},"modified":"2022-08-28T14:28:00","modified_gmt":"2022-08-28T14:28:00","slug":"przypowiastki-na-przykladach-prostych-miast-sw-augustyna","status":"publish","type":"page","link":"https:\/\/hubertpietka.bialystok.pl\/?page_id=6067","title":{"rendered":"Przypowiastki \/ na przyk\u0142adach prostych miast \u015bw. Augustyna"},"content":{"rendered":"<p><em><strong>Przypowiastki \/ na przyk\u0142adach prostych miast \u015bw. Augustyna\u00a0<\/strong><\/em><\/p>\n<p>\u015aw. Augustyn urodzi\u0142 si\u0119 w<br \/>\n*Ta-ga\u015bcie* tak *tam ga\u015bcie*<br \/>\nI uwa\u017cajcie \u017ceby was nie spotka\u0142o co\u015b gorszego<br \/>\nNi\u017c grom z jasnego nieba<\/p>\n<p>Pobiera\u0142 on nauki w *Karta-ginie*<br \/>\nCzy\u017c czasem z mojej stronki<br \/>\nCzasem jaka\u015b nie *ginie karta*<\/p>\n<p>Zosta\u0142 neokatechumenem w *Medio-lanie*<br \/>\nW *mediach-lanie* by\u0107 powinno<br \/>\nNa ka\u017cd\u0105 agresj\u0119 nieusprawiedliwion\u0105<br \/>\nJak w przypadku Ukrainy chocia\u017cby<br \/>\nI kogo\u015b tam jeszcze<\/p>\n<p>Wreszcie zosta\u0142 biskupem miasta *Hipp-ona*<br \/>\n*Hip (hip hurra) ona* Maryja<br \/>\nAve Maria zawsze<\/p>\n<p>To s\u0105 miasta \u015bw. Augustyna<br \/>\nNa kanwie \u017cycia \u015bwi\u0119tego<br \/>\nZawsze mo\u017cna co\u015b wi\u0119cej powiedzie\u0107<\/p>\n<p><a href=\"http:\/\/hubertpietka.bialystok.pl\/wp-content\/uploads\/2022\/08\/IMG_20220828_161110.jpg\"><img loading=\"lazy\" decoding=\"async\" class=\"alignnone size-thumbnail wp-image-6068\" src=\"http:\/\/hubertpietka.bialystok.pl\/wp-content\/uploads\/2022\/08\/IMG_20220828_161110-150x150.jpg\" alt=\"\" width=\"150\" height=\"150\" srcset=\"https:\/\/hubertpietka.bialystok.pl\/wp-content\/uploads\/2022\/08\/IMG_20220828_161110-150x150.jpg 150w, https:\/\/hubertpietka.bialystok.pl\/wp-content\/uploads\/2022\/08\/IMG_20220828_161110-75x75.jpg 75w\" sizes=\"auto, (max-width: 150px) 100vw, 150px\" \/><\/a><\/p>\n<p><em>Na zdj. Maryja w starym katedralnym ko\u015bci\u00f3\u0142ku<\/em><br \/>\n<em> Przy bia\u0142ostockiej farze<\/em><br \/>\n<em> Zamodlona zas\u0142uchana w s\u0142owa Pana<\/em><br \/>\n<em> Szuka\u0107 zawsze trzeba woli Boga<\/em><br \/>\n<em> A B\u00f3g przemawia na naprawd\u0119 r\u00f3\u017cne sposoby<\/em><br \/>\n<em> Trzeba wiedzie\u0107 tylko<\/em><br \/>\n<em> Jak to czyta\u0107 nale\u017cy<\/em><\/p>\n<p><strong>Dzi\u015b \u015bw. Augustyna<\/strong><br \/>\n<strong> Sierpie\u0144 jest te\u017c miesi\u0105cem maryjnym<\/strong><br \/>\n<strong> W swej historycznej wymowie<\/strong><br \/>\n<strong> Je\u015bli chodzi o Polsk\u0119<\/strong><br \/>\n<strong> B\u0142ogos\u0142aw Panie Ojczyzn\u0119 nasz\u0105<\/strong><br \/>\n<strong> Nas naszych i nasze<\/strong><br \/>\n<strong> I je\u015bli cokolwiek cokolwieczunio i nawet<\/strong><br \/>\n<strong> Amen<\/strong><\/p>\n<p><strong>I niech odejd\u0105 precz ode mnie raczej<\/strong><br \/>\n<strong> R\u00f3\u017cne kolorowe misie<\/strong><br \/>\n<strong> Ja tam ich wcale do niczego nie potrzebuj\u0119<\/strong><br \/>\n<strong> Jezu ufam Tobie<\/strong><\/p>\n<p style=\"text-align: center;\"><a href=\"https:\/\/youtu.be\/ms6CssLt2FQ\"><em><strong>Lady Pank &#8211; Nie omijaj mnie\u00a0<\/strong><\/em><\/a><\/p>\n","protected":false},"excerpt":{"rendered":"<p>Przypowiastki \/ na przyk\u0142adach prostych miast \u015bw. Augustyna\u00a0 \u015aw. Augustyn urodzi\u0142 si\u0119 w *Ta-ga\u015bcie* tak *tam ga\u015bcie* I uwa\u017cajcie \u017ceby was nie spotka\u0142o co\u015b gorszego&hellip; <\/p>\n","protected":false},"author":1,"featured_media":0,"parent":0,"menu_order":0,"comment_status":"closed","ping_status":"closed","template":"","meta":{"footnotes":""},"class_list":["post-6067","page","type-page","status-publish","hentry"],"_links":{"self":[{"href":"https:\/\/hubertpietka.bialystok.pl\/index.php?rest_route=\/wp\/v2\/pages\/6067","targetHints":{"allow":["GET"]}}],"collection":[{"href":"https:\/\/hubertpietka.bialystok.pl\/index.php?rest_route=\/wp\/v2\/pages"}],"about":[{"href":"https:\/\/hubertpietka.bialystok.pl\/index.php?rest_route=\/wp\/v2\/types\/page"}],"author":[{"embeddable":true,"href":"https:\/\/hubertpietka.bialystok.pl\/index.php?rest_route=\/wp\/v2\/users\/1"}],"replies":[{"embeddable":true,"href":"https:\/\/hubertpietka.bialystok.pl\/index.php?rest_route=%2Fwp%2Fv2%2Fcomments&post=6067"}],"version-history":[{"count":1,"href":"https:\/\/hubertpietka.bialystok.pl\/index.php?rest_route=\/wp\/v2\/pages\/6067\/revisions"}],"predecessor-version":[{"id":6069,"href":"https:\/\/hubertpietka.bialystok.pl\/index.php?rest_route=\/wp\/v2\/pages\/6067\/revisions\/6069"}],"wp:attachment":[{"href":"https:\/\/hubertpietka.bialystok.pl\/index.php?rest_route=%2Fwp%2Fv2%2Fmedia&parent=6067"}],"curies":[{"name":"wp","href":"https:\/\/api.w.org\/{rel}","templated":true}]}}