{"id":6075,"date":"2022-08-29T09:41:42","date_gmt":"2022-08-29T09:41:42","guid":{"rendered":"http:\/\/hubertpietka.bialystok.pl\/?page_id=6075"},"modified":"2022-08-29T09:41:42","modified_gmt":"2022-08-29T09:41:42","slug":"jo-anna-kwietnik-lat-moich","status":"publish","type":"page","link":"https:\/\/hubertpietka.bialystok.pl\/?page_id=6075","title":{"rendered":"*Jo!-Anna* \/ Kwietnik lat moich"},"content":{"rendered":"<p><em><strong>*Jo!-Anna* \/ Kwietnik lat moich\u00a0<\/strong><\/em><\/p>\n<p><strong>Dzi\u015b wspominana \u015bw. Eufrazja<\/strong><br \/>\n<strong> Od Naj\u015bwi\u0119tszego Sakramentu<\/strong><br \/>\n<strong> Jej imi\u0119 znaczy<\/strong><br \/>\n<strong> Pi\u0119knie si\u0119 wypowiadaj\u0105ca elokwentna wymowna<\/strong><br \/>\n<strong> Tak\u0105 jest dla mnie w\u0142a\u015bnie moja \u017cona<\/strong><\/p>\n<p>Tak si\u0119 sk\u0142ada \u017ce dwie najwi\u0119ksze moje mi\u0142o\u015bci<br \/>\nS\u0105 i by\u0142y w moich oczach wielkimi humanistkami<br \/>\nWi\u0119kszymi ode mnie<br \/>\nTo jest to co\u015b co mnie w nich urzek\u0142o<br \/>\nIch spojrzenia jasno\u015b\u0107 i mi\u0119kko\u015b\u0107<\/p>\n<p>Ta pierwsza mi\u0142o\u015b\u0107 niezbyt mo\u017ce jeszcze dojrza\u0142a<br \/>\nBy\u0142a przygotowaniem do docenienia walor\u00f3w niezbywalnych tej drugiej<br \/>\nG\u0142\u0119boko humanistyczne spojrzenie na cz\u0142owieka<br \/>\nEmpatia czysto\u015b\u0107 i delikatno\u015b\u0107<br \/>\nTo emanuje z mojej \u017cony pi\u0119knej postawy<\/p>\n<p style=\"text-align: center;\"><a href=\"https:\/\/youtu.be\/KRM6MDVhEtc\"><em><strong>Anita Lipnicka &#8211; Pi\u0119kna i rycerz<\/strong><\/em><\/a><\/p>\n<p>Dlatego te\u017c jej tak nienawidzi z\u0142o wszelkie<br \/>\nBo ono wie \u017ce tak do ko\u0144ca i zawsze<br \/>\nMog\u0119 ufa\u0107 tylko jej<br \/>\nDlatego te\u017c w ni\u0105 chce z\u0142o uderza\u0107<br \/>\nBo wie \u017ce w ten spos\u00f3b pogr\u0105\u017cy i mnie<\/p>\n<p style=\"text-align: right;\"><a href=\"https:\/\/youtu.be\/xwTRWJBAHmg\"><em><strong>Lady Pank &#8211; Jak ig\u0142a\u00a0<\/strong><\/em><\/a><\/p>\n<p><a href=\"http:\/\/hubertpietka.bialystok.pl\/wp-content\/uploads\/2022\/08\/IMG_20220829_111359.jpg\"><img loading=\"lazy\" decoding=\"async\" class=\"alignnone size-thumbnail wp-image-6076\" src=\"http:\/\/hubertpietka.bialystok.pl\/wp-content\/uploads\/2022\/08\/IMG_20220829_111359-150x150.jpg\" alt=\"\" width=\"150\" height=\"150\" srcset=\"https:\/\/hubertpietka.bialystok.pl\/wp-content\/uploads\/2022\/08\/IMG_20220829_111359-150x150.jpg 150w, https:\/\/hubertpietka.bialystok.pl\/wp-content\/uploads\/2022\/08\/IMG_20220829_111359-75x75.jpg 75w\" sizes=\"auto, (max-width: 150px) 100vw, 150px\" \/><\/a><\/p>\n<p><em>Na zdj. Kwietnik pi\u0119kny na osiedlu<\/em><br \/>\n<em> Na kt\u00f3rym w\u0142a\u015bnie przebywamy<\/em><br \/>\n<em> Pewna pani pi\u0119knie o niego dba\u0142a nawet<\/em><br \/>\n<em> W te najwi\u0119ksze upa\u0142y<\/em><br \/>\n<em> My\u015bl\u0119 \u017ce przyda\u0142oby si\u0119 zmieni\u0107 przys\u0142owie pewne \u017ce\u00a0<\/em><br \/>\n<em><strong>Trzeba dba\u0107 o kwiaty<\/strong><\/em><br \/>\n<strong><em> I to nawet gdy ju\u017c p\u0142on\u0105 lasy<\/em><\/strong><br \/>\n<em> Takim pi\u0119knym kwiatem<\/em><br \/>\n<em> Jest dla mnie moja \u017cona<\/em><br \/>\n<em> W\u015br\u00f3d innych rodziny przyjaci\u00f3\u0142 znajomych<\/em><br \/>\n<em> Trzeba dba\u0107 o kwiaty zawsze<\/em><br \/>\n<em> A kwiat Naj\u015bwi\u0119tszej Maryi Panny<\/em><br \/>\n<em> Niech j\u0105 ich nasze i mnie mo\u017ce te\u017c<\/em><br \/>\n<em> W swym kielichu czystym zamknie<\/em><br \/>\n<em> Bo ci\u0105gle przyj\u015b\u0107 maj\u0105<\/em><\/p>\n<p><a href=\"https:\/\/youtu.be\/KyoaPUAJGAI\"><strong><em>Oddzia\u0142 Zamkni\u0119ty &#8211; Gdyby nie ty<\/em><\/strong><\/a><\/p>\n","protected":false},"excerpt":{"rendered":"<p>*Jo!-Anna* \/ Kwietnik lat moich\u00a0 Dzi\u015b wspominana \u015bw. Eufrazja Od Naj\u015bwi\u0119tszego Sakramentu Jej imi\u0119 znaczy Pi\u0119knie si\u0119 wypowiadaj\u0105ca elokwentna wymowna Tak\u0105 jest dla mnie w\u0142a\u015bnie&hellip; <\/p>\n","protected":false},"author":1,"featured_media":0,"parent":0,"menu_order":0,"comment_status":"closed","ping_status":"closed","template":"","meta":{"footnotes":""},"class_list":["post-6075","page","type-page","status-publish","hentry"],"_links":{"self":[{"href":"https:\/\/hubertpietka.bialystok.pl\/index.php?rest_route=\/wp\/v2\/pages\/6075","targetHints":{"allow":["GET"]}}],"collection":[{"href":"https:\/\/hubertpietka.bialystok.pl\/index.php?rest_route=\/wp\/v2\/pages"}],"about":[{"href":"https:\/\/hubertpietka.bialystok.pl\/index.php?rest_route=\/wp\/v2\/types\/page"}],"author":[{"embeddable":true,"href":"https:\/\/hubertpietka.bialystok.pl\/index.php?rest_route=\/wp\/v2\/users\/1"}],"replies":[{"embeddable":true,"href":"https:\/\/hubertpietka.bialystok.pl\/index.php?rest_route=%2Fwp%2Fv2%2Fcomments&post=6075"}],"version-history":[{"count":2,"href":"https:\/\/hubertpietka.bialystok.pl\/index.php?rest_route=\/wp\/v2\/pages\/6075\/revisions"}],"predecessor-version":[{"id":6078,"href":"https:\/\/hubertpietka.bialystok.pl\/index.php?rest_route=\/wp\/v2\/pages\/6075\/revisions\/6078"}],"wp:attachment":[{"href":"https:\/\/hubertpietka.bialystok.pl\/index.php?rest_route=%2Fwp%2Fv2%2Fmedia&parent=6075"}],"curies":[{"name":"wp","href":"https:\/\/api.w.org\/{rel}","templated":true}]}}