{"id":6099,"date":"2022-09-03T22:38:14","date_gmt":"2022-09-03T22:38:14","guid":{"rendered":"http:\/\/hubertpietka.bialystok.pl\/?page_id=6099"},"modified":"2022-09-03T22:38:14","modified_gmt":"2022-09-03T22:38:14","slug":"zwiedzeni-ci-wszyscy-nienawiscia","status":"publish","type":"page","link":"https:\/\/hubertpietka.bialystok.pl\/?page_id=6099","title":{"rendered":"Zwiedzeni ci wszyscy \/ nienawi\u015bci\u0105"},"content":{"rendered":"<p><em><strong>Zwiedzeni ci wszyscy \/ nienawi\u015bci\u0105\u00a0<\/strong><\/em><\/p>\n<p>Wszystko to opisa\u0142em<br \/>\nA oni ci\u0105gle dalej<\/p>\n<p>Kropka po kropce<br \/>\nCa\u0142\u0105 strategi\u0119<br \/>\nA oni dalej ci\u0105gle<\/p>\n<p>Nawet na hama bezwstydnie<br \/>\nBo jak to nazwa\u0107 inaczej<\/p>\n<p>\u017be pewien cz\u0142owiek wstydu nie ma<br \/>\nTo wiadome ma to nawet na papierze<br \/>\nTe\u017c \u017ce misie kolorowe<br \/>\nNie dziwi mnie wcale<br \/>\nAle bohaterstwo wspania\u0142e<br \/>\nWidocznie jest wspania\u0142e podobnie<br \/>\nJak wielki jest ten cz\u0142owiek<\/p>\n<p style=\"text-align: center;\"><a href=\"https:\/\/youtu.be\/NkzB5Ys8xCI\"><em><strong>Anna Sza\u0142apak &amp; Grzegorz Turnau &#8211; Naprawd\u0119 nie dzieje si\u0119 nic<\/strong><\/em><\/a><\/p>\n<hr \/>\n<p>Zastanawiam si\u0119 te\u017c<br \/>\nSk\u0105d do mnie do nas<br \/>\nNienawi\u015b\u0107 taka<\/p>\n<p>Nie zrobili\u015bmy nic z\u0142ego<br \/>\nA oni nas \u015bcigaj\u0105<br \/>\nJak go\u0144cze psy<br \/>\nI dos\u0142ownie i w przeno\u015bni<\/p>\n<p>Chc\u0105 zniszczy\u0107 nas nasze naszych<br \/>\nSk\u0105d ta nienawi\u015b\u0107<br \/>\nZ r\u00f3\u017cnych stron zionie<br \/>\nW czym tak przeszkadzamy<\/p>\n<p style=\"text-align: center;\"><a href=\"https:\/\/youtu.be\/kgAhw68mHkg\"><em><strong>Jacek Kaczmarski &#8211; Ob\u0142awa II<\/strong><\/em><\/a><\/p>\n<hr \/>\n<p><em>I na koniec <strong>pean<\/strong><\/em><br \/>\n<em> Ku czci pewnego cz\u0142owieka wielkiego<\/em><\/p>\n<p><em>Jak by przedmioty mia\u0142y \u015bwiadomo\u015b\u0107<\/em><br \/>\n<em> Mo\u017cna by sobie wyobrazi\u0107 to<\/em><br \/>\n<em> To papieros by si\u0119 cieszy\u0142<\/em><br \/>\n<em> \u017be jest spalany przez wielkiego cz\u0142owieka<\/em><br \/>\n<em> To telewizja by\u0142aby doskonalsza<\/em><br \/>\n<em> Jakby \u017ce j\u0105 wielki cz\u0142owiek ogl\u0105da wiedzia\u0142a<\/em><br \/>\n<em> I to radio te\u017c by by\u0142o lepsze na pewno<\/em><br \/>\n<em> Jakby \u015bwiadomo\u015b\u0107 mia\u0142o<\/em><br \/>\n<em> \u017be s\u0142ucha go pewien tak wielki cz\u0142owiek<\/em><br \/>\n<em> I nawet ten kieliszek a niech tam<\/em><br \/>\n<em> By si\u0119 ucieszy\u0142<\/em><br \/>\n<em> \u017be mo\u017ce ogrza\u0107 wielkiego cz\u0142owieka ognist\u0105 energi\u0105<\/em><\/p>\n<p><em>My\u015bl\u0119 \u017ce tak by mog\u0142o by\u0107<\/em><br \/>\n<em> W przypadku tak wielkich ludzi<\/em><\/p>\n<p><em>I ja pewnie powinienem si\u0119 r\u00f3wnie cieszy\u0107<\/em><br \/>\n<em> \u017be cz\u0142owiek wielki nie szcz\u0119dzi wysi\u0142k\u00f3w i energii<\/em><br \/>\n<em> Bym m\u00f3g\u0142 zosta\u0107 ca\u0142kowicie unieszkodliwiony<\/em><\/p>\n<p>&#8230; \/<br \/>\n. \/<br \/>\n\/<\/p>\n<p style=\"text-align: center;\"><a href=\"https:\/\/youtu.be\/XbGuTe5BUUA\"><em><strong>Aleksandra Dzier\u017cawska ft. Piotr Borowiec &#8211; Py\u0142em ksi\u0119\u017cycowym\u00a0<\/strong><\/em><\/a><\/p>\n<p><a href=\"http:\/\/hubertpietka.bialystok.pl\/wp-content\/uploads\/2022\/09\/IMG_20220904_003112.jpg\"><img loading=\"lazy\" decoding=\"async\" class=\"alignnone size-thumbnail wp-image-6100\" src=\"http:\/\/hubertpietka.bialystok.pl\/wp-content\/uploads\/2022\/09\/IMG_20220904_003112-150x150.jpg\" alt=\"\" width=\"150\" height=\"150\" srcset=\"https:\/\/hubertpietka.bialystok.pl\/wp-content\/uploads\/2022\/09\/IMG_20220904_003112-150x150.jpg 150w, https:\/\/hubertpietka.bialystok.pl\/wp-content\/uploads\/2022\/09\/IMG_20220904_003112-75x75.jpg 75w\" sizes=\"auto, (max-width: 150px) 100vw, 150px\" \/><\/a><\/p>\n<p><strong>Na zdj. Maryja Matka Mi\u0142osierdzia ikona<\/strong><br \/>\n<strong> W pewnym zaprzyja\u017anionym bia\u0142ostockim domu<\/strong><br \/>\n<strong> Dzi\u015b pierwsza sobota miesi\u0105ca<\/strong><br \/>\n<strong> Ave Maryja<\/strong><br \/>\n<strong> I je\u015bli cokolwiek cokolwieczunio<\/strong><\/p>\n<p><strong>Totus Tuus<\/strong><br \/>\n<strong> Schowaj nas nasze i naszych<\/strong><br \/>\n<strong> O Niepokalana<\/strong><br \/>\n<strong> Przed nimi w swym sercu na dnie<\/strong><\/p>\n","protected":false},"excerpt":{"rendered":"<p>Zwiedzeni ci wszyscy \/ nienawi\u015bci\u0105\u00a0 Wszystko to opisa\u0142em A oni ci\u0105gle dalej Kropka po kropce Ca\u0142\u0105 strategi\u0119 A oni dalej ci\u0105gle Nawet na hama bezwstydnie&hellip; <\/p>\n","protected":false},"author":1,"featured_media":0,"parent":0,"menu_order":0,"comment_status":"closed","ping_status":"closed","template":"","meta":{"footnotes":""},"class_list":["post-6099","page","type-page","status-publish","hentry"],"_links":{"self":[{"href":"https:\/\/hubertpietka.bialystok.pl\/index.php?rest_route=\/wp\/v2\/pages\/6099","targetHints":{"allow":["GET"]}}],"collection":[{"href":"https:\/\/hubertpietka.bialystok.pl\/index.php?rest_route=\/wp\/v2\/pages"}],"about":[{"href":"https:\/\/hubertpietka.bialystok.pl\/index.php?rest_route=\/wp\/v2\/types\/page"}],"author":[{"embeddable":true,"href":"https:\/\/hubertpietka.bialystok.pl\/index.php?rest_route=\/wp\/v2\/users\/1"}],"replies":[{"embeddable":true,"href":"https:\/\/hubertpietka.bialystok.pl\/index.php?rest_route=%2Fwp%2Fv2%2Fcomments&post=6099"}],"version-history":[{"count":1,"href":"https:\/\/hubertpietka.bialystok.pl\/index.php?rest_route=\/wp\/v2\/pages\/6099\/revisions"}],"predecessor-version":[{"id":6101,"href":"https:\/\/hubertpietka.bialystok.pl\/index.php?rest_route=\/wp\/v2\/pages\/6099\/revisions\/6101"}],"wp:attachment":[{"href":"https:\/\/hubertpietka.bialystok.pl\/index.php?rest_route=%2Fwp%2Fv2%2Fmedia&parent=6099"}],"curies":[{"name":"wp","href":"https:\/\/api.w.org\/{rel}","templated":true}]}}