{"id":6108,"date":"2022-09-05T14:55:12","date_gmt":"2022-09-05T14:55:12","guid":{"rendered":"http:\/\/hubertpietka.bialystok.pl\/?page_id=6108"},"modified":"2022-09-05T22:58:02","modified_gmt":"2022-09-05T22:58:02","slug":"koncepcje-cwaniackie","status":"publish","type":"page","link":"https:\/\/hubertpietka.bialystok.pl\/?page_id=6108","title":{"rendered":"Anty-koncepcje \/ cwaniactwu"},"content":{"rendered":"<p><em><strong>Anty-koncepcje \/ cwaniactwu\u00a0<\/strong><\/em><\/p>\n<p><em>O \u0142askawa o lito\u015bciwa o s\u0142odka Panna Maria<\/em><\/p>\n<p><em>Setk\u0119<\/em> na rachunki da\u0142 nam wielki kto\u015b<br \/>\nW sumie lepsze to ni\u017c nic<br \/>\nNiech spr\u00f3buje sobie za tyle<br \/>\nWszystko op\u0142aci\u0107<br \/>\nW tych czasach<br \/>\nGdzie wszystko kosmicznie wzrasta<br \/>\nAle widocznie se my\u015bli<br \/>\n\u017be <em>setk\u0105<\/em> mo\u017cna wszystko za\u0142atwi\u0107<\/p>\n<p>A z ogromu mo\u017cliwo\u015bci<br \/>\nJakie ma wspania\u0142e bohaterstwo<br \/>\nTo najbardziej lubi ono nie inaczej<br \/>\nTylko powroty wielkiego cz\u0142owieka z wyprawek<br \/>\nBo przecie\u017c je mo\u017cna przed\u0142u\u017ca\u0107 do woli<br \/>\nByleby odnios\u0142y planowany skutek<br \/>\nTo nawet lepsze ni\u017c tak\u017ce pi\u0119kne<br \/>\nCz\u0142owieka wielkiego spacerki<br \/>\nA poza tym jak brameczka otwarta<br \/>\nTo czy\u017c nie zamierza si\u0119 tu zaprosi\u0107 samo<br \/>\nBohaterstwo a\u017c tak wspaniale<\/p>\n<p>A w sumie to ca\u0142kiem nie\u017ale<br \/>\nSe to wykoncypowali wszystko<br \/>\nCz\u0142owiek wielki jest przecie\u017c<br \/>\nW swej sprawie najlepszym s\u0119dzi\u0105<br \/>\nA przy poparciu wspania\u0142ego bohaterstwa<br \/>\nTo ja nawet nie <em>bekn\u0119<\/em><br \/>\nA misie s\u0119dziami by\u0107 maj\u0105 bez s\u0105du<br \/>\nPod pozorem cho\u0107by nielegalnego tytoniu<br \/>\nKt\u00f3rego u nas nie ma bynajmniej wcale<br \/>\nWykoncypowali se to wspaniale<br \/>\nA oczywi\u015bcie poparcie ewentualne moje<br \/>\nMa by\u0107 unieszkodliwione<br \/>\nA w ka\u017cdym razie<br \/>\nNa pewno jest mniej wa\u017cne<br \/>\nNi\u017c wspania\u0142ego bohaterstwa<br \/>\nDla wielkiego cz\u0142owieka<\/p>\n<p>Nie ogarniesz wszystkich<br \/>\nDzia\u0142a\u0144 wielkiego cz\u0142owieka<br \/>\nI tak wspania\u0142ego bohaterstwa<br \/>\nA i zapewne i tych tak\u017ce<br \/>\nKt\u00f3re nam zaszkodzi\u0107 mog\u0105<br \/>\nAch nic ma nam nie by\u0107<br \/>\nNo przecie\u017c a jednak je\u015bli<\/p>\n<p>Nie wierz\u0105 \u017ce <em>za trzy dni<\/em><br \/>\nNie wierz\u0105 bo tak im wygodniej<br \/>\nNie wierz\u0105 to oby si\u0119 nie okaza\u0142o czasem<br \/>\n\u017be jednak to zobacz\u0105<\/p>\n<p><a href=\"http:\/\/hubertpietka.bialystok.pl\/wp-content\/uploads\/2022\/09\/IMG_20220905_165133.jpg\"><img loading=\"lazy\" decoding=\"async\" class=\"alignnone size-thumbnail wp-image-6109\" src=\"http:\/\/hubertpietka.bialystok.pl\/wp-content\/uploads\/2022\/09\/IMG_20220905_165133-150x150.jpg\" alt=\"\" width=\"150\" height=\"150\" srcset=\"https:\/\/hubertpietka.bialystok.pl\/wp-content\/uploads\/2022\/09\/IMG_20220905_165133-150x150.jpg 150w, https:\/\/hubertpietka.bialystok.pl\/wp-content\/uploads\/2022\/09\/IMG_20220905_165133-75x75.jpg 75w\" sizes=\"auto, (max-width: 150px) 100vw, 150px\" \/><\/a><\/p>\n<p><em>Na zdj. W katedrze \u0142om\u017cy\u0144skiej Chrystus Kr\u00f3l<\/em><br \/>\n<em> Nie chc\u0105 nas tu c\u00f3\u017c<\/em><br \/>\n<em> To p\u00f3jdziemy sobie<\/em><br \/>\n<em> O ile oczywi\u015bcie nam pozwol\u0105<\/em><br \/>\n<em> Bo \u017ce nas tu nie chc\u0105 to jedno<\/em><br \/>\n<em> A drugie raczej te\u017c nie bardzo chc\u0105<\/em><br \/>\n<em> Pozwoli\u0107 nam po prostu odej\u015b\u0107<\/em><\/p>\n<p>Dzi\u015b Matki Teresy z *Kal-kuty*<br \/>\nPrzecie\u017c *Kali* jest <em>na cztery buty *kuty*<br \/>\nSzyty bity na klej brany<\/em><br \/>\nS\u0105 powiedzenia takie<\/p>\n<p style=\"text-align: right;\"><a href=\"https:\/\/youtu.be\/pcv7kPXrj0U\"><em><strong>Stan Borys &#8211; Jask\u00f3\u0142ka uwi\u0119ziona\u00a0<\/strong><\/em><\/a><\/p>\n","protected":false},"excerpt":{"rendered":"<p>Anty-koncepcje \/ cwaniactwu\u00a0 O \u0142askawa o lito\u015bciwa o s\u0142odka Panna Maria Setk\u0119 na rachunki da\u0142 nam wielki kto\u015b W sumie lepsze to ni\u017c nic Niech&hellip; <\/p>\n","protected":false},"author":1,"featured_media":0,"parent":0,"menu_order":0,"comment_status":"closed","ping_status":"closed","template":"","meta":{"footnotes":""},"class_list":["post-6108","page","type-page","status-publish","hentry"],"_links":{"self":[{"href":"https:\/\/hubertpietka.bialystok.pl\/index.php?rest_route=\/wp\/v2\/pages\/6108","targetHints":{"allow":["GET"]}}],"collection":[{"href":"https:\/\/hubertpietka.bialystok.pl\/index.php?rest_route=\/wp\/v2\/pages"}],"about":[{"href":"https:\/\/hubertpietka.bialystok.pl\/index.php?rest_route=\/wp\/v2\/types\/page"}],"author":[{"embeddable":true,"href":"https:\/\/hubertpietka.bialystok.pl\/index.php?rest_route=\/wp\/v2\/users\/1"}],"replies":[{"embeddable":true,"href":"https:\/\/hubertpietka.bialystok.pl\/index.php?rest_route=%2Fwp%2Fv2%2Fcomments&post=6108"}],"version-history":[{"count":3,"href":"https:\/\/hubertpietka.bialystok.pl\/index.php?rest_route=\/wp\/v2\/pages\/6108\/revisions"}],"predecessor-version":[{"id":6115,"href":"https:\/\/hubertpietka.bialystok.pl\/index.php?rest_route=\/wp\/v2\/pages\/6108\/revisions\/6115"}],"wp:attachment":[{"href":"https:\/\/hubertpietka.bialystok.pl\/index.php?rest_route=%2Fwp%2Fv2%2Fmedia&parent=6108"}],"curies":[{"name":"wp","href":"https:\/\/api.w.org\/{rel}","templated":true}]}}