{"id":6137,"date":"2022-09-09T22:40:04","date_gmt":"2022-09-09T22:40:04","guid":{"rendered":"http:\/\/hubertpietka.bialystok.pl\/?page_id=6137"},"modified":"2022-09-09T22:40:04","modified_gmt":"2022-09-09T22:40:04","slug":"tell-me-why-wlasnie-tak","status":"publish","type":"page","link":"https:\/\/hubertpietka.bialystok.pl\/?page_id=6137","title":{"rendered":"Tell me why \/ w\u0142a\u015bnie tak"},"content":{"rendered":"<p><strong><em>Tell me why<\/em> \/ w\u0142a\u015bnie tak<\/strong><\/p>\n<p>To ju\u017c szansa niemal ostatnia<br \/>\nBy bohaterem wspania\u0142ym wielkiego cz\u0142owieka sta\u0107 si\u0119<br \/>\nDzi\u015b w nocy jutro pojutrze<br \/>\nNie wiem jaka jest za to nagroda<br \/>\nAle na pewno b\u0119dzie to wielkiego cz\u0142owieka<br \/>\nOgromna wdzi\u0119czno\u015b\u0107<br \/>\n<em>Powiedz mi dlaczego<br \/>\nTak <\/em>mnie nas naszych<em> nienawidzicie<\/em><\/p>\n<p>To jak tam<br \/>\nSpacerki wielkiego cz\u0142owieka wyprawki<br \/>\nWyj\u015bcia i przyj\u015bcia kogotamkolwiek<br \/>\nZ tej czy tamtej strony<br \/>\nW nocy wed\u0142ug <em>metody ubeckiej<\/em><br \/>\nCzy przez w\u0142amanie<br \/>\nKa\u017cdy mo\u017ce wielkiego cz\u0142owieka<br \/>\nSta\u0107 si\u0119 bohaterem wspania\u0142ym<br \/>\nCzy du\u017cy czy ma\u0142y<br \/>\nZaufany spo\u0142ecznie czy troch\u0119 w\u0105tpliwy<\/p>\n<p>To tutaj a poza tym<br \/>\nTo misi si\u0119 mo\u017cna spodziewa\u0107<br \/>\nI wsz\u0119dzie indziej raczej<\/p>\n<p>Podobnie pewnych dzia\u0142a\u0144<br \/>\nKt\u00f3re raczej nie maj\u0105 wyj\u015b\u0107 na dobre<br \/>\nNam naszemu i naszym<\/p>\n<p style=\"text-align: right;\"><a href=\"https:\/\/youtu.be\/Bwu3ryY9-kA\"><em><strong>T.Love &#8211; X<\/strong><\/em><\/a><\/p>\n<hr \/>\n<p>\u017bal odchodzi\u0107<br \/>\nAle c\u00f3\u017c<br \/>\n<em>Gdy na gardle<\/em> przys\u0142owiowy <em>n\u00f3\u017c<\/em><br \/>\n<em>Trzeba mierzy\u0107 si\u0142y na zamiary<\/em><br \/>\nWi\u0119c nie mamy wyj\u015bcia wcale<\/p>\n<p>Troch\u0119 si\u0119 tu \u015bcie\u017cek wydepta\u0142o<\/p>\n<p>Dzi\u0119kuj\u0119 kap\u0142anom<br \/>\nSzczeg\u00f3lnie tym<br \/>\nKt\u00f3rzy nie dali si\u0119 zwie\u015b\u0107<br \/>\nAle i innym<br \/>\nKt\u00f3rzy w gruncie rzeczy pewnie dobrze chcieli<br \/>\nI tym z kt\u00f3rymi nas zwi\u0105za\u0142y inne dobra r\u00f3\u017cne<br \/>\nSzczeg\u00f3lnie chcia\u0142bym tu pozdrowi\u0107<br \/>\nPewnego wiejskiego Proboszcza<br \/>\nKt\u00f3ry okrutnie szkalowany<br \/>\nDba pi\u0119knie o sw\u0105 owczarni\u0119<br \/>\nI jest sanktuarium dobrym str\u00f3\u017cem<br \/>\nNawet w przeci\u0105\u017ceniach do\u015b\u0107 du\u017cych<\/p>\n<p>Dzi\u0119kuj\u0119 Paniom tej parafii nadobnym<br \/>\nZ kt\u00f3rymi nas po\u0142\u0105czy\u0142o<br \/>\nNie tylko wsp\u00f3lne pielgrzymowanie<br \/>\nDzi\u0119kuj\u0119 za ich serc do nas odruchy jasne<br \/>\nI nawiasem m\u00f3wi\u0105c<br \/>\n<em>To Radio<\/em><br \/>\nCa\u0142kiem dobrze kszta\u0142tuje ducha charaktery<\/p>\n<p>Dzi\u0119kuj\u0119 kolegom pi\u0142karzom boisk weteranom<br \/>\nSzacownym oldboyom<br \/>\n\u017be mnie przyj\u0119li w boisk grono swoje<br \/>\nTym z s\u0105siednich miejscowo\u015bci<\/p>\n<p>Dzi\u0119kuj\u0119 te\u017c pasjonatom innym<br \/>\n&#8211; Pewnym mi\u0142o\u015bnikom flory fauny<br \/>\nKt\u00f3rzy z nami los naszych zwierz\u0105t dzielili<br \/>\nA ufam \u017ce po\u0142\u0105czy nas jeszcze co\u015b<br \/>\n&#8211; Od motoryzacji fachowcom<br \/>\nDzi\u0119ki kt\u00f3rym pojazdami naszymi mo\u017cemy si\u0119 cieszy\u0107<br \/>\nCi\u0105g dalszy w tym temacie by\u0107 musi<br \/>\n&#8211; i wsp\u00f3\u0142pracuj\u0105cym muzycznie<br \/>\nNa pewnym nie\u0142atwym gruncie<\/p>\n<p>Dzi\u0119kuj\u0119 te\u017c oczywi\u015bcie Rodzinie<br \/>\nTej kt\u00f3ra z nami by\u0142a<br \/>\nNie nam przeciwko<br \/>\nDzi\u0119kuj\u0119 wszystkim<br \/>\nKt\u00f3rzy nam tu wyrz\u0105dzili dobro<br \/>\nP\u0142yn\u0105ce z szczerego serca<br \/>\nTym kt\u00f3rzy nas tu przyj\u0119li<\/p>\n<p>A co do tych<br \/>\nKt\u00f3rzy nie chcieli tego uczyni\u0107<br \/>\nKt\u00f3rzy nie chcieli nas przyj\u0105\u0107<br \/>\nTo mam w sumie wsp\u00f3\u0142czucie<br \/>\n<em>Bo nie wiedz\u0105 co czyni\u0105<\/em><\/p>\n<p><em>Dzi\u015b *Anieli Salawy* b\u0142ogos\u0142awionej<\/em><br \/>\n<em> *Salwy anielskie* za ka\u017cde dobro<\/em><\/p>\n<p style=\"text-align: center;\"><a href=\"https:\/\/youtu.be\/G3LkbTm8FXA\"><em><strong>Pawe\u0142 Domaga\u0142a &#8211; Wracaj\u00a0<\/strong><\/em><\/a><\/p>\n<p style=\"text-align: center;\"><a href=\"http:\/\/hubertpietka.bialystok.pl\/wp-content\/uploads\/2022\/09\/IMG_20220910_001747.jpg\"><img loading=\"lazy\" decoding=\"async\" class=\"alignnone size-thumbnail wp-image-6138\" src=\"http:\/\/hubertpietka.bialystok.pl\/wp-content\/uploads\/2022\/09\/IMG_20220910_001747-150x150.jpg\" alt=\"\" width=\"150\" height=\"150\" srcset=\"https:\/\/hubertpietka.bialystok.pl\/wp-content\/uploads\/2022\/09\/IMG_20220910_001747-150x150.jpg 150w, https:\/\/hubertpietka.bialystok.pl\/wp-content\/uploads\/2022\/09\/IMG_20220910_001747-75x75.jpg 75w\" sizes=\"auto, (max-width: 150px) 100vw, 150px\" \/><\/a><\/p>\n<p style=\"text-align: center;\"><a href=\"https:\/\/youtu.be\/LsiTD48cc9A\"><em><strong>D\u017cem &#8211; Paw<\/strong><\/em><\/a><\/p>\n<p><strong>Na zdj. Kozio\u0142ek Mato\u0142ek pacanowski<\/strong><br \/>\n<strong> Uk\u0142adanka puzzli<\/strong><br \/>\n<strong> Tak czasem bywa w \u017cyciu<\/strong><br \/>\n<strong> \u017be nie to co by si\u0119 chcia\u0142o<\/strong><br \/>\n<strong> <em>Ale \u017cycie toczy si\u0119 dalej<\/em><\/strong><br \/>\n<strong> Do zobaczenia<\/strong><br \/>\n<strong> Przy kolejnej okazji<\/strong><br \/>\n<strong> W sercach naszych jeste\u015bcie zawsze<\/strong><br \/>\n<strong> A Maryja niech sprzyja<\/strong><\/p>\n<p><a href=\"https:\/\/youtu.be\/33jXF1ObbvE\"><em><b>Maryjo we\u017a mnie za r\u0119k\u0119\u00a0<\/b><\/em><\/a><\/p>\n","protected":false},"excerpt":{"rendered":"<p>Tell me why \/ w\u0142a\u015bnie tak To ju\u017c szansa niemal ostatnia By bohaterem wspania\u0142ym wielkiego cz\u0142owieka sta\u0107 si\u0119 Dzi\u015b w nocy jutro pojutrze Nie wiem&hellip; <\/p>\n","protected":false},"author":1,"featured_media":0,"parent":0,"menu_order":0,"comment_status":"closed","ping_status":"closed","template":"","meta":{"footnotes":""},"class_list":["post-6137","page","type-page","status-publish","hentry"],"_links":{"self":[{"href":"https:\/\/hubertpietka.bialystok.pl\/index.php?rest_route=\/wp\/v2\/pages\/6137","targetHints":{"allow":["GET"]}}],"collection":[{"href":"https:\/\/hubertpietka.bialystok.pl\/index.php?rest_route=\/wp\/v2\/pages"}],"about":[{"href":"https:\/\/hubertpietka.bialystok.pl\/index.php?rest_route=\/wp\/v2\/types\/page"}],"author":[{"embeddable":true,"href":"https:\/\/hubertpietka.bialystok.pl\/index.php?rest_route=\/wp\/v2\/users\/1"}],"replies":[{"embeddable":true,"href":"https:\/\/hubertpietka.bialystok.pl\/index.php?rest_route=%2Fwp%2Fv2%2Fcomments&post=6137"}],"version-history":[{"count":1,"href":"https:\/\/hubertpietka.bialystok.pl\/index.php?rest_route=\/wp\/v2\/pages\/6137\/revisions"}],"predecessor-version":[{"id":6139,"href":"https:\/\/hubertpietka.bialystok.pl\/index.php?rest_route=\/wp\/v2\/pages\/6137\/revisions\/6139"}],"wp:attachment":[{"href":"https:\/\/hubertpietka.bialystok.pl\/index.php?rest_route=%2Fwp%2Fv2%2Fmedia&parent=6137"}],"curies":[{"name":"wp","href":"https:\/\/api.w.org\/{rel}","templated":true}]}}