{"id":6159,"date":"2022-09-15T22:23:59","date_gmt":"2022-09-15T22:23:59","guid":{"rendered":"http:\/\/hubertpietka.bialystok.pl\/?page_id=6159"},"modified":"2022-09-15T22:23:59","modified_gmt":"2022-09-15T22:23:59","slug":"wielkie-nic","status":"publish","type":"page","link":"https:\/\/hubertpietka.bialystok.pl\/?page_id=6159","title":{"rendered":"Wielkie \/ nic"},"content":{"rendered":"<p><em><strong>Wielkie \/ nic\u00a0<\/strong><\/em><\/p>\n<p>Polowanie<br \/>\nNa psa szczekanie<br \/>\nPieski na pieska<br \/>\nByle pretekst<br \/>\nPoz\u00f3r byle<br \/>\nBy psa unieszkodliwi\u0107<br \/>\nA przy okazji<br \/>\nWilka wpakowa\u0107 do <em>suki<\/em><\/p>\n<p>Mam wra\u017cenie zreszt\u0105<br \/>\n\u017be im po drodze<br \/>\nZ metod\u0105 ubeck\u0105<br \/>\nNa przyk\u0142ad bezbronnego<br \/>\nZ domowych pieleszy wsz\u0119dzie<br \/>\nGdzie by nie by\u0142o si\u0119<br \/>\nPod jakimkolwiek wybiegiem<br \/>\nKto\u015b wchodzi wychodzi<br \/>\nW\u0142amanie mo\u017ce<\/p>\n<p>Ta metoda ubecka<br \/>\nJest im zreszt\u0105 chyba bliska<br \/>\nWsz\u0119dzie i na zewn\u0105trz mieszka\u0144<br \/>\nDo <em>suki<\/em> mo\u017cna wpakowa\u0107 gdziekolwiek<br \/>\nA mo\u017ce i bez pozor\u00f3w<\/p>\n<p>Kochane misiaczki kolorowe<br \/>\nAch czemu\u017c nie odwzajemniaj\u0105<br \/>\nMi\u0142o\u015bci mojej i oni<br \/>\nTylko chc\u0105 koniecznie mnie zniewoli\u0107<br \/>\n\u017be o piesku dla piesk\u00f3w<br \/>\nJu\u017c nie wspomn\u0119<br \/>\nCzy o mojej \u017conie<br \/>\nPrzynajmniej w tej strofie<\/p>\n<p style=\"text-align: center;\"><a href=\"https:\/\/youtu.be\/A_7Ct_hVZO0\"><em><strong>Micha\u0142 Bajor &#8211; Moja mi\u0142o\u015b\u0107 najwi\u0119ksza\u00a0<\/strong><\/em><\/a><\/p>\n<p>Ale w tej owszem<br \/>\n<em>*An artist&#8217;s hub*<\/em><br \/>\n*An-na arty\u015bci i Hub &#8211; art*<br \/>\nOna zagro\u017cona ja zagro\u017cony<br \/>\nI nam bliscy<\/p>\n<p>A co do *Hub &#8211; <em>art<\/em>*<br \/>\nTo dzisiaj wspomnienie b\u0142. *Manny*<br \/>\n<em>Ach uprzykrzy\u0142 si\u0119 ju\u017c wam<br \/>\nTen pokarm mizerny<\/em><br \/>\nLecz je\u015bli go nie b\u0119dzie<br \/>\nTo b\u0119dzie nic wielkie<br \/>\nA pewnie \u017ce wiesz lepiej<\/p>\n<p><a href=\"http:\/\/hubertpietka.bialystok.pl\/wp-content\/uploads\/2022\/09\/IMG_20220916_000300.jpg\"><img loading=\"lazy\" decoding=\"async\" class=\"alignnone size-thumbnail wp-image-6160\" src=\"http:\/\/hubertpietka.bialystok.pl\/wp-content\/uploads\/2022\/09\/IMG_20220916_000300-150x150.jpg\" alt=\"\" width=\"150\" height=\"150\" srcset=\"https:\/\/hubertpietka.bialystok.pl\/wp-content\/uploads\/2022\/09\/IMG_20220916_000300-150x150.jpg 150w, https:\/\/hubertpietka.bialystok.pl\/wp-content\/uploads\/2022\/09\/IMG_20220916_000300-75x75.jpg 75w\" sizes=\"auto, (max-width: 150px) 100vw, 150px\" \/><\/a><\/p>\n<p>Na zdj. *Mir-a-belka* w Turo\u015bli<br \/>\n*<em>Mir<\/em> a <em>bella<\/em>* *pok\u00f3j a moja pi\u0119kna*<br \/>\nNie b\u0119dzie pokoju bez niej<br \/>\nPisz\u0119 to otwarcie<br \/>\nA beze mnie b\u0119dzie<br \/>\nNic a nic wielkie<br \/>\nA mo\u017cna nic zobaczy\u0107?<br \/>\nI co po nic b\u0119dzie?<\/p>\n<p>I je\u015bli cokolwiek cokolwieczunio<\/p>\n","protected":false},"excerpt":{"rendered":"<p>Wielkie \/ nic\u00a0 Polowanie Na psa szczekanie Pieski na pieska Byle pretekst Poz\u00f3r byle By psa unieszkodliwi\u0107 A przy okazji Wilka wpakowa\u0107 do suki Mam&hellip; <\/p>\n","protected":false},"author":1,"featured_media":0,"parent":0,"menu_order":0,"comment_status":"closed","ping_status":"closed","template":"","meta":{"footnotes":""},"class_list":["post-6159","page","type-page","status-publish","hentry"],"_links":{"self":[{"href":"https:\/\/hubertpietka.bialystok.pl\/index.php?rest_route=\/wp\/v2\/pages\/6159","targetHints":{"allow":["GET"]}}],"collection":[{"href":"https:\/\/hubertpietka.bialystok.pl\/index.php?rest_route=\/wp\/v2\/pages"}],"about":[{"href":"https:\/\/hubertpietka.bialystok.pl\/index.php?rest_route=\/wp\/v2\/types\/page"}],"author":[{"embeddable":true,"href":"https:\/\/hubertpietka.bialystok.pl\/index.php?rest_route=\/wp\/v2\/users\/1"}],"replies":[{"embeddable":true,"href":"https:\/\/hubertpietka.bialystok.pl\/index.php?rest_route=%2Fwp%2Fv2%2Fcomments&post=6159"}],"version-history":[{"count":1,"href":"https:\/\/hubertpietka.bialystok.pl\/index.php?rest_route=\/wp\/v2\/pages\/6159\/revisions"}],"predecessor-version":[{"id":6161,"href":"https:\/\/hubertpietka.bialystok.pl\/index.php?rest_route=\/wp\/v2\/pages\/6159\/revisions\/6161"}],"wp:attachment":[{"href":"https:\/\/hubertpietka.bialystok.pl\/index.php?rest_route=%2Fwp%2Fv2%2Fmedia&parent=6159"}],"curies":[{"name":"wp","href":"https:\/\/api.w.org\/{rel}","templated":true}]}}