{"id":6212,"date":"2022-09-30T12:14:28","date_gmt":"2022-09-30T12:14:28","guid":{"rendered":"http:\/\/hubertpietka.bialystok.pl\/?page_id=6212"},"modified":"2022-09-30T12:14:28","modified_gmt":"2022-09-30T12:14:28","slug":"her-o-here-on","status":"publish","type":"page","link":"https:\/\/hubertpietka.bialystok.pl\/?page_id=6212","title":{"rendered":"*Her-o* \/ *here On*"},"content":{"rendered":"<p>*<em>Her-o<\/em>* \/ *<em>here<\/em> On*<\/p>\n<p>Pi\u0119kne po prostu<br \/>\nOskar\u017ca\u0107 o k\u0142amstwa<br \/>\nBy \u015bmier\u0107 zadawa\u0107 komu\u015b<br \/>\nPi\u0119kne po prostu<br \/>\nBo za nimi prawo stoi<br \/>\nTo kt\u00f3re ma im s\u0142u\u017cy\u0107<br \/>\nBo przecie\u017c nie innemu komu\u015b<br \/>\nPi\u0119kne po prostu<\/p>\n<p>To tak jakby szatan<br \/>\nSta\u0142 si\u0119 nagle obro\u0144c\u0105 prawdy<br \/>\nOczywi\u015bcie by zabija\u0107 za k\u0142amstwa<br \/>\nKt\u00f3re mu nie s\u0142u\u017c\u0105 bynajmniej<\/p>\n<p>I je\u015bli cokolwieczunieczek<br \/>\nBo najlepiej uderza\u0107 w bezbronnych<br \/>\nTo co im nie s\u0142u\u017cy<br \/>\nJest przecie\u017c bezprawne<br \/>\nMimo nawet \u017ce jest dobre<\/p>\n<p>Przyj\u015b\u0107 maj\u0105 dalej<br \/>\nNie dziwi mnie to wcale<br \/>\nTu czy tam w drodze<br \/>\nDla nich wszystko jedno<br \/>\nByleby tylko wed\u0142ug nich by\u0142o<\/p>\n<p>Przyjd\u017a a oni nie<br \/>\nI je\u015bli cokolwieczuniek<\/p>\n<p>Dzi\u015b \u015bw. *Hiero-ni-ma*<br \/>\n*<em>Hero<\/em>* bohatera \u017cadnego *ni ma*?<br \/>\n*<em>Hero<\/em> On Nim*<br \/>\nChrystus teraz i zawsze<\/p>\n<p><a href=\"http:\/\/hubertpietka.bialystok.pl\/wp-content\/uploads\/2022\/09\/IMG_20220930_134546.jpg\"><img loading=\"lazy\" decoding=\"async\" class=\"alignnone size-thumbnail wp-image-6213\" src=\"http:\/\/hubertpietka.bialystok.pl\/wp-content\/uploads\/2022\/09\/IMG_20220930_134546-150x150.jpg\" alt=\"\" width=\"150\" height=\"150\" srcset=\"https:\/\/hubertpietka.bialystok.pl\/wp-content\/uploads\/2022\/09\/IMG_20220930_134546-150x150.jpg 150w, https:\/\/hubertpietka.bialystok.pl\/wp-content\/uploads\/2022\/09\/IMG_20220930_134546-75x75.jpg 75w\" sizes=\"auto, (max-width: 150px) 100vw, 150px\" \/><\/a><\/p>\n<p>Na zdj. Imi\u0119 <em>Hubertus<\/em> witryna pewnej restauracji<br \/>\nNa Boruty bia\u0142ostockiej<br \/>\nJa nie jestem \u017cadnym bohaterem<br \/>\nNim jest tylko Jezus<\/p>\n<p>Ale w sercu blisko s\u0105<br \/>\nZawsze ci wszyscy<br \/>\nZ kt\u00f3rymi z\u0142\u0105czy\u0142o mnie \u017cycie<br \/>\nI to nie zmieni si\u0119 nigdy i nigdzie<\/p>\n<p>Dzi\u0119kuj\u0119 \u017ce jeste\u015bcie<br \/>\nNiech serca odetchn\u0105 zieleni\u0105<br \/>\nA dobro kt\u00f3re si\u0119 czyni<br \/>\nNiech B\u00f3g sam tu i tam nagrodzi<br \/>\nW wieczno\u015bci i na ziemi<\/p>\n<p style=\"text-align: center;\"><a href=\"https:\/\/youtu.be\/Gcm-tOGiva0\"><em><strong>Tina Turner &#8211; We don&#8217;t need another hero (Thunderdome)<\/strong><\/em><\/a><\/p>\n<p style=\"text-align: right;\"><a href=\"https:\/\/youtu.be\/Rhi7Al5TU8Y\"><em><strong>Kamil Bednarek &#8211; Wojownik \u015bwiat\u0142a\u00a0<\/strong><\/em><\/a><\/p>\n","protected":false},"excerpt":{"rendered":"<p>*Her-o* \/ *here On* Pi\u0119kne po prostu Oskar\u017ca\u0107 o k\u0142amstwa By \u015bmier\u0107 zadawa\u0107 komu\u015b Pi\u0119kne po prostu Bo za nimi prawo stoi To kt\u00f3re ma&hellip; <\/p>\n","protected":false},"author":1,"featured_media":0,"parent":0,"menu_order":0,"comment_status":"closed","ping_status":"closed","template":"","meta":{"footnotes":""},"class_list":["post-6212","page","type-page","status-publish","hentry"],"_links":{"self":[{"href":"https:\/\/hubertpietka.bialystok.pl\/index.php?rest_route=\/wp\/v2\/pages\/6212","targetHints":{"allow":["GET"]}}],"collection":[{"href":"https:\/\/hubertpietka.bialystok.pl\/index.php?rest_route=\/wp\/v2\/pages"}],"about":[{"href":"https:\/\/hubertpietka.bialystok.pl\/index.php?rest_route=\/wp\/v2\/types\/page"}],"author":[{"embeddable":true,"href":"https:\/\/hubertpietka.bialystok.pl\/index.php?rest_route=\/wp\/v2\/users\/1"}],"replies":[{"embeddable":true,"href":"https:\/\/hubertpietka.bialystok.pl\/index.php?rest_route=%2Fwp%2Fv2%2Fcomments&post=6212"}],"version-history":[{"count":1,"href":"https:\/\/hubertpietka.bialystok.pl\/index.php?rest_route=\/wp\/v2\/pages\/6212\/revisions"}],"predecessor-version":[{"id":6214,"href":"https:\/\/hubertpietka.bialystok.pl\/index.php?rest_route=\/wp\/v2\/pages\/6212\/revisions\/6214"}],"wp:attachment":[{"href":"https:\/\/hubertpietka.bialystok.pl\/index.php?rest_route=%2Fwp%2Fv2%2Fmedia&parent=6212"}],"curies":[{"name":"wp","href":"https:\/\/api.w.org\/{rel}","templated":true}]}}