{"id":6221,"date":"2022-10-01T22:50:11","date_gmt":"2022-10-01T22:50:11","guid":{"rendered":"http:\/\/hubertpietka.bialystok.pl\/?page_id=6221"},"modified":"2022-10-01T22:50:11","modified_gmt":"2022-10-01T22:50:11","slug":"dojrzewanie-mlodosci-ku-doroslosci","status":"publish","type":"page","link":"https:\/\/hubertpietka.bialystok.pl\/?page_id=6221","title":{"rendered":"Dojrzewanie m\u0142odo\u015bci \/ ku doros\u0142o\u015bci"},"content":{"rendered":"<p><em><strong>Dojrzewanie m\u0142odo\u015bci \/ ku doros\u0142o\u015bci<\/strong><\/em><\/p>\n<p><em>Jezus wzrasta\u0142 w \u0142asce<\/em><br \/>\n<em> U Boga i u ludzi<\/em><br \/>\n<em> I w m\u0105dro\u015bci<\/em><br \/>\nZanim doszed\u0142 do doros\u0142o\u015bci<\/p>\n<p>Te trzy p\u0142aszczyzny horyzontalne<br \/>\nOdniesienie do Boga<br \/>\nRelacje z innymi lud\u017ami<br \/>\nI nabywanie wiedzy ku m\u0105dro\u015bci<br \/>\nOdpowiadaj\u0105 trzem porz\u0105dkom mi\u0142o\u015bci<br \/>\nDo Boga cz\u0142owieka i \u015bwiata<br \/>\nI nieprzypadkowo w orientacji pionowej<\/p>\n<p>Od nieba<br \/>\nTrzeba tam wznosi\u0107 wzrok<br \/>\nTak\u017ce duszy nie tylko fizyczny<br \/>\nPoprzez serce ku ludziom innym<br \/>\nPo chodzenie po ziemi<br \/>\nDo\u015bwiadczanie jej i porz\u0105dkowanie tego<br \/>\nPrzez wiedz\u0119 i rozum<\/p>\n<p>Nieprzypadkowo ludzkie cia\u0142o<br \/>\nJest zorientowane w wymiarze strzelisto\u015bci<br \/>\nW\u0105\u017c czo\u0142ga si\u0119 po ziemi<br \/>\nI to jest mu znane<br \/>\nDo tego si\u0119 odnosi<br \/>\nTe\u017c w\u0105\u017c jako symbol szatana<br \/>\nA cz\u0142owiek powinien si\u0119 wznosi\u0107<br \/>\nPonad to co ziemskie tylko<\/p>\n<p>Po to ma cia\u0142o dusz\u0119<br \/>\nBy nie zatrzymywa\u0107 si\u0119 wy\u0142\u0105cznie<br \/>\nNa tym co \u015bwiatowe ziemskie<\/p>\n<p><a href=\"http:\/\/hubertpietka.bialystok.pl\/wp-content\/uploads\/2022\/10\/IMG_20221002_002230.jpg\"><img loading=\"lazy\" decoding=\"async\" class=\"alignnone size-thumbnail wp-image-6223\" src=\"http:\/\/hubertpietka.bialystok.pl\/wp-content\/uploads\/2022\/10\/IMG_20221002_002230-150x150.jpg\" alt=\"\" width=\"150\" height=\"150\" srcset=\"https:\/\/hubertpietka.bialystok.pl\/wp-content\/uploads\/2022\/10\/IMG_20221002_002230-150x150.jpg 150w, https:\/\/hubertpietka.bialystok.pl\/wp-content\/uploads\/2022\/10\/IMG_20221002_002230-75x75.jpg 75w\" sizes=\"auto, (max-width: 150px) 100vw, 150px\" \/><\/a><\/p>\n<p><em>Na zdj. W *Rostkowie*<\/em><br \/>\n<em> Czyli miejscu *do-rastanie*<\/em><br \/>\n<em> \u015aw. Kostki Stanis\u0142awa<\/em><br \/>\n<em> Patrona m\u0142odzie\u017cy<\/em><br \/>\n<em> Kamie\u0144 na kt\u00f3rym wed\u0142ug tradycji<\/em><br \/>\n<em> Odci\u015bni\u0119ta zosta\u0142a stopa \u015bw. Stanis\u0142awa<\/em><br \/>\n<em> Bo to co materialne<\/em><br \/>\n<em> Temu co duchowe ma s\u0142u\u017cy\u0107<\/em><\/p>\n<p><em>Nazwa tego miejsca te\u017c symboliczna<\/em><br \/>\n<em> \u017bycz\u0119 dzieciom i m\u0142odzie\u017cy<\/em><br \/>\n<em> By wzrastali w trzech p\u0142aszczyznach<\/em><br \/>\n<em> I by w sobie to integrowali<\/em><br \/>\n<em> W mi\u0142o\u015bci wiedzy i m\u0105dro\u015bci<\/em><br \/>\n<em> Ku dojrza\u0142ej doros\u0142o\u015bci<\/em><br \/>\n<em> To nie znaczy by si\u0119 nie g\u0142upio bawi\u0107<\/em><br \/>\n<em> \u015aw. Stanis\u0142aw na przyk\u0142ad podobno<\/em><br \/>\n<em> Ucisza\u0142 \u017caby<\/em><br \/>\n<em> I wbrew pogl\u0105dowej opinii<\/em><br \/>\n<em> My\u015bl\u0119 \u017ce mog\u0142o go to bawi\u0107 troch\u0119<\/em><br \/>\n<em> Bo przecie\u017c \u017caby lubi\u0105 rechota\u0107<\/em><br \/>\n<em> Tak\u017ce do\u015b\u0107 przewrotnie \ud83d\ude09<\/em><\/p>\n<p><strong>Dzi\u015b \u015bw. Ma\u0142ej Tereski<\/strong><br \/>\n<strong> \u015awiat chc\u0105 zdobywa\u0107 m\u0142odzi<\/strong><br \/>\n<strong> Ale wa\u017cna jest droga pokory<\/strong><br \/>\n<strong> By si\u0119 nie zatraci\u0107<\/strong><br \/>\n<strong> I swej duszy<\/strong><br \/>\n<strong> W \u015bwiecie pe\u0142nym<\/strong><br \/>\n<strong> R\u00f3\u017cnorakich zagro\u017ce\u0144<\/strong><\/p>\n<p><strong><em>Ma\u0142a droga<\/em> wewn\u0119trznego wywa\u017cania<\/strong><br \/>\n<strong> Spraw wa\u017cnych i istotnych<\/strong><br \/>\n<strong> Od tych czczych i przemijaj\u0105cych<\/strong><br \/>\n<strong> Nudna by\u0107 nie musi<\/strong><br \/>\n<strong> Mo\u017ce by\u0107 przygod\u0105 \u017cycia<\/strong><br \/>\n<strong> By dobrze ukszta\u0142towanym<\/strong><br \/>\n<strong> Wej\u015b\u0107 w doros\u0142o\u015b\u0107<\/strong><br \/>\n<strong> Prze\u017cywa\u0107 dzieci\u0144stwo i m\u0142odo\u015b\u0107<\/strong><br \/>\n<strong> Mo\u017cna i trzeba by godnie<\/strong><\/p>\n<p><strong>Rozpocz\u0105\u0142 si\u0119 te\u017c pa\u017adziernik<\/strong><br \/>\n<strong> Czyli r\u00f3\u017ca\u0144cowy miesi\u0105c<\/strong><br \/>\n<strong> Nie gard\u017a t\u0105 modlitw\u0105 prost\u0105<\/strong><br \/>\n<strong> Ona jest ma\u0142\u0105 rzecz\u0105<\/strong><br \/>\n<strong> Kt\u00f3ra mo\u017ce prowadzi\u0107<\/strong><br \/>\n<strong> Do spraw naprawd\u0119 wielkich<\/strong><br \/>\n<strong> Do ocalenia cz\u0142owiecze\u0144stwa w cz\u0142owieku<\/strong><br \/>\n<strong> Czego sobie i wszystkim \u017cycz\u0119<\/strong><br \/>\n<strong> Bo nieustannie trzeba stara\u0107 si\u0119 wzrasta\u0107<\/strong><br \/>\n<strong> W mi\u0142o\u015bci m\u0105dro\u015bci i \u0142asce<\/strong><br \/>\n<strong> I trwa\u0107 w tym<\/strong><br \/>\n<strong> To mo\u017ce by\u0107<\/strong><br \/>\n<strong> Najpi\u0119kniejsza sprawa<\/strong><br \/>\n<strong> W tej sztuce<\/strong><br \/>\n<strong> \u017byciem zwanej<\/strong><\/p>\n","protected":false},"excerpt":{"rendered":"<p>Dojrzewanie m\u0142odo\u015bci \/ ku doros\u0142o\u015bci Jezus wzrasta\u0142 w \u0142asce U Boga i u ludzi I w m\u0105dro\u015bci Zanim doszed\u0142 do doros\u0142o\u015bci Te trzy p\u0142aszczyzny horyzontalne&hellip; <\/p>\n","protected":false},"author":1,"featured_media":0,"parent":0,"menu_order":0,"comment_status":"closed","ping_status":"closed","template":"","meta":{"footnotes":""},"class_list":["post-6221","page","type-page","status-publish","hentry"],"_links":{"self":[{"href":"https:\/\/hubertpietka.bialystok.pl\/index.php?rest_route=\/wp\/v2\/pages\/6221","targetHints":{"allow":["GET"]}}],"collection":[{"href":"https:\/\/hubertpietka.bialystok.pl\/index.php?rest_route=\/wp\/v2\/pages"}],"about":[{"href":"https:\/\/hubertpietka.bialystok.pl\/index.php?rest_route=\/wp\/v2\/types\/page"}],"author":[{"embeddable":true,"href":"https:\/\/hubertpietka.bialystok.pl\/index.php?rest_route=\/wp\/v2\/users\/1"}],"replies":[{"embeddable":true,"href":"https:\/\/hubertpietka.bialystok.pl\/index.php?rest_route=%2Fwp%2Fv2%2Fcomments&post=6221"}],"version-history":[{"count":2,"href":"https:\/\/hubertpietka.bialystok.pl\/index.php?rest_route=\/wp\/v2\/pages\/6221\/revisions"}],"predecessor-version":[{"id":6224,"href":"https:\/\/hubertpietka.bialystok.pl\/index.php?rest_route=\/wp\/v2\/pages\/6221\/revisions\/6224"}],"wp:attachment":[{"href":"https:\/\/hubertpietka.bialystok.pl\/index.php?rest_route=%2Fwp%2Fv2%2Fmedia&parent=6221"}],"curies":[{"name":"wp","href":"https:\/\/api.w.org\/{rel}","templated":true}]}}