{"id":6229,"date":"2022-10-02T17:01:37","date_gmt":"2022-10-02T17:01:37","guid":{"rendered":"http:\/\/hubertpietka.bialystok.pl\/?page_id=6229"},"modified":"2022-10-03T22:32:09","modified_gmt":"2022-10-03T22:32:09","slug":"prawa-niesprawiedliwosci-zaproszeniem-do-nieprawosci","status":"publish","type":"page","link":"https:\/\/hubertpietka.bialystok.pl\/?page_id=6229","title":{"rendered":"Prawa niesprawiedliwo\u015bci \/ zaproszeniem do nieprawo\u015bci"},"content":{"rendered":"<p><em><strong>Prawa niesprawiedliwo\u015bci \/ zaproszeniem do nieprawo\u015bci\u00a0<\/strong><\/em><\/p>\n<p>Czy mog\u0105 by\u0107<br \/>\nUjmuj\u0105c z grubsza spraw\u0119<br \/>\nNiesprawiedliwe mniej lub bardziej prawa<\/p>\n<p>Biedni s\u0105 ci kt\u00f3rzy s\u0142u\u017c\u0105 prawom takim<br \/>\nPrawa przeciwko dobru prawdzie pi\u0119knu mi\u0142o\u015bci<br \/>\nS\u0105 zaproszeniem do nieprawo\u015bci<\/p>\n<p>Czy wed\u0142ug prawa si\u0119 powinno<br \/>\n\u017bycie ocala\u0107 czy mo\u017ce zabija\u0107<br \/>\nKiedy za to nieprawa zap\u0142ata<\/p>\n<p>Dotyczy to cho\u0107by mojej \u017cony<br \/>\nA w innym przypadku<br \/>\nCzy dla poszanowania formalizmu prawa<br \/>\nMo\u017cna czyje\u015b \u017cycie pogr\u0105\u017ca\u0107 zatraca\u0107<\/p>\n<p><a href=\"http:\/\/hubertpietka.bialystok.pl\/wp-content\/uploads\/2022\/10\/IMG_20221002_185705.jpg\"><img loading=\"lazy\" decoding=\"async\" class=\"alignnone size-thumbnail wp-image-6231\" src=\"http:\/\/hubertpietka.bialystok.pl\/wp-content\/uploads\/2022\/10\/IMG_20221002_185705-150x150.jpg\" alt=\"\" width=\"150\" height=\"150\" srcset=\"https:\/\/hubertpietka.bialystok.pl\/wp-content\/uploads\/2022\/10\/IMG_20221002_185705-150x150.jpg 150w, https:\/\/hubertpietka.bialystok.pl\/wp-content\/uploads\/2022\/10\/IMG_20221002_185705-75x75.jpg 75w\" sizes=\"auto, (max-width: 150px) 100vw, 150px\" \/><\/a><\/p>\n<p><em>Na zdj. Posadzka w ko\u015bciele buskim<\/em><br \/>\n<em> W\u0119z\u0142y r\u00f3\u017cne czasem<\/em><br \/>\n<em> Nie do rozwi\u0105zania si\u0119 wydaj\u0105<\/em><br \/>\n<em> Mo\u017cna je przeci\u0105\u0107 mieczem Herkulesa<\/em><br \/>\n<em> A mo\u017cna metod\u0105 salomonow\u0105<\/em><br \/>\n<em> Stara\u0107 si\u0119 rozwi\u0105za\u0107 rzeczy pozornie<\/em><br \/>\n<em> Zbyt spl\u0105tane<\/em><br \/>\n<em> Wa\u017cne by to s\u0142u\u017cy\u0142o jednak<\/em><br \/>\n<em> Dobru pi\u0119knie i prawdzie<\/em><br \/>\n<em> Mo\u017cna rozwi\u0105za\u0107 i w\u0119ze\u0142 gordyjski<\/em><br \/>\n<em> Byleby m\u0105drze poci\u0105ga\u0107 za sznurki<\/em><\/p>\n<p><strong>Dzi\u015b \u015bw. Anio\u0142\u00f3w Str\u00f3\u017c\u00f3w<\/strong><br \/>\n<strong> Niech strzeg\u0105 one mojego anio\u0142a<\/strong><br \/>\n<strong> Czyli moj\u0105 \u017con\u0119<\/strong><br \/>\n<strong> I anio\u0142om innym<\/strong><br \/>\n<strong> Tak\u017ce\u00a0 z tego \u015bwiata<\/strong><br \/>\n<strong> Niech zawsze przychodz\u0105 w sukurs<\/strong><br \/>\n<strong> Ku w mi\u0142o\u015bci<\/strong><br \/>\n<strong> \u017byciu w dobru pi\u0119knie prawdzie<\/strong><\/p>\n<p><strong>Kr\u00f3lowo Anio\u0142\u00f3w<\/strong><br \/>\n<strong> Prowad\u017a dzieci swoje<\/strong><\/p>\n<p style=\"text-align: center;\"><a href=\"https:\/\/youtu.be\/QjZPUKVWZL0\"><em><strong>Sylwia Grzeszczak &amp; Mateusza\u00a0Zi\u00f3\u0142ko &#8211; Bezdro\u017ca<\/strong><\/em><\/a><\/p>\n<p style=\"text-align: center;\"><a href=\"https:\/\/youtu.be\/16qRSMelpuE\"><em><strong>Sylwia Grzeszczak &#8211; Bajka<\/strong><\/em><\/a><\/p>\n","protected":false},"excerpt":{"rendered":"<p>Prawa niesprawiedliwo\u015bci \/ zaproszeniem do nieprawo\u015bci\u00a0 Czy mog\u0105 by\u0107 Ujmuj\u0105c z grubsza spraw\u0119 Niesprawiedliwe mniej lub bardziej prawa Biedni s\u0105 ci kt\u00f3rzy s\u0142u\u017c\u0105 prawom takim&hellip; <\/p>\n","protected":false},"author":1,"featured_media":0,"parent":0,"menu_order":0,"comment_status":"closed","ping_status":"closed","template":"","meta":{"footnotes":""},"class_list":["post-6229","page","type-page","status-publish","hentry"],"_links":{"self":[{"href":"https:\/\/hubertpietka.bialystok.pl\/index.php?rest_route=\/wp\/v2\/pages\/6229","targetHints":{"allow":["GET"]}}],"collection":[{"href":"https:\/\/hubertpietka.bialystok.pl\/index.php?rest_route=\/wp\/v2\/pages"}],"about":[{"href":"https:\/\/hubertpietka.bialystok.pl\/index.php?rest_route=\/wp\/v2\/types\/page"}],"author":[{"embeddable":true,"href":"https:\/\/hubertpietka.bialystok.pl\/index.php?rest_route=\/wp\/v2\/users\/1"}],"replies":[{"embeddable":true,"href":"https:\/\/hubertpietka.bialystok.pl\/index.php?rest_route=%2Fwp%2Fv2%2Fcomments&post=6229"}],"version-history":[{"count":4,"href":"https:\/\/hubertpietka.bialystok.pl\/index.php?rest_route=\/wp\/v2\/pages\/6229\/revisions"}],"predecessor-version":[{"id":6237,"href":"https:\/\/hubertpietka.bialystok.pl\/index.php?rest_route=\/wp\/v2\/pages\/6229\/revisions\/6237"}],"wp:attachment":[{"href":"https:\/\/hubertpietka.bialystok.pl\/index.php?rest_route=%2Fwp%2Fv2%2Fmedia&parent=6229"}],"curies":[{"name":"wp","href":"https:\/\/api.w.org\/{rel}","templated":true}]}}