{"id":6252,"date":"2022-10-06T13:11:04","date_gmt":"2022-10-06T13:11:04","guid":{"rendered":"http:\/\/hubertpietka.bialystok.pl\/?page_id=6252"},"modified":"2022-10-06T13:37:30","modified_gmt":"2022-10-06T13:37:30","slug":"droga-wewnetrznej-wolnosci-ku-prawdzie-dobru","status":"publish","type":"page","link":"https:\/\/hubertpietka.bialystok.pl\/?page_id=6252","title":{"rendered":"Droga \/ wewn\u0119trznej wolno\u015bci \/\/ ku prawdzie dobra"},"content":{"rendered":"<p><em><strong>Droga \/ wewn\u0119trznej wolno\u015bci \/\/ ku prawdzie dobra<\/strong><\/em><\/p>\n<p>Wed\u0142ug s\u0142\u00f3w pewnego fircyka wczorajszych<br \/>\nKamieni troch\u0119 poprzerzuca\u0107 trzeba czasem<\/p>\n<p><em>Wczoraj te\u017c by\u0142 dzie\u0144 po\u015bwi\u0119cony \u015bw. *Faus-ty-nie*<\/em><br \/>\n<em> A przedprzedwczoraj w czasie mojej pi\u0142ki oldboyskiej<\/em><br \/>\n<em> Czy\u017c nie *faul ty nie* na niej<\/em><br \/>\n<em> I Bogu dzi\u0119kuj\u0119 \u017ce ona<\/em><br \/>\n<em> Nie podda\u0142a si\u0119 temu<\/em><br \/>\n<em> Przetrzyma\u0142a i podnios\u0142a si\u0119<\/em><br \/>\n<em> Do tego samozaparcia trzeba troch\u0119<\/em><\/p>\n<p>A na psa szczekanie<br \/>\nPsy by go uciszy\u0107<br \/>\nNiepo\u017c\u0105dane psa szczekanie<br \/>\nCzy mo\u017ce niepo\u017c\u0105dany dla nich pies ten<br \/>\nZapewne tak niepo\u017c\u0105dane jest<br \/>\nI moje pisanie dla nich<br \/>\nJak i ja niepo\u017c\u0105dany<br \/>\n\u017bona moi moje<\/p>\n<p><em>Dzi\u015b wspominany jest \u015bw. *Dy-dak*<\/em><br \/>\n<em> *Ty tak* to ja tak<\/em><\/p>\n<p>Czy\u017c ja jestem takim potworem<br \/>\n\u017be ludziom \u017cy\u0107 nie pozwol\u0119<br \/>\nCzy mo\u017ce raczej<br \/>\nPragn\u0119 tylko by wyzwalali si\u0119 w prawdzie<br \/>\nKu wolno\u015bci dzieci Bo\u017cych<br \/>\nI bynajmniej<br \/>\nNie tylko w kanonie chrze\u015bcija\u0144skim<\/p>\n<p><em>To prawda nie jestem doskona\u0142y<\/em><br \/>\n<em> Ale kt\u00f3\u017c jest na \u015bwiecie tym ca\u0142ym<\/em><br \/>\n<em> Dzi\u015b tak\u017ce \u015bw. Innocenty z *Barzo* wspominany<\/em><br \/>\n<em> Jego imi\u0119 znaczy niewinny *bardzo*<\/em><br \/>\n<em> Czy\u017c ja chc\u0119 komu\u015b co\u015b z\u0142ego uczyni\u0107<\/em><br \/>\n<em> Czy mo\u017ce tylko uwa\u017cam<\/em><br \/>\n<em> \u017be \u017cycie polega na tym<\/em><br \/>\n<em> By z\u0142a stara\u0107 si\u0119 unika\u0107<\/em><br \/>\n<em> Tak jak to mo\u017cliwe<\/em><\/p>\n<p><a href=\"http:\/\/hubertpietka.bialystok.pl\/wp-content\/uploads\/2022\/10\/IMG_20221006_150358.jpg\"><img loading=\"lazy\" decoding=\"async\" class=\"alignnone size-thumbnail wp-image-6253\" src=\"http:\/\/hubertpietka.bialystok.pl\/wp-content\/uploads\/2022\/10\/IMG_20221006_150358-150x150.jpg\" alt=\"\" width=\"150\" height=\"150\" srcset=\"https:\/\/hubertpietka.bialystok.pl\/wp-content\/uploads\/2022\/10\/IMG_20221006_150358-150x150.jpg 150w, https:\/\/hubertpietka.bialystok.pl\/wp-content\/uploads\/2022\/10\/IMG_20221006_150358-75x75.jpg 75w\" sizes=\"auto, (max-width: 150px) 100vw, 150px\" \/><\/a><\/p>\n<p><strong>Na zdj. \u015aw. J\u00f3zef symbol niewinno\u015bci ludzkiej<\/strong><br \/>\n<strong> Pierwszej po Maryi Pannie Naj\u015bwi\u0119tszej<\/strong><br \/>\n<strong> On na pewno te\u017c ze sw\u0105 ludzk\u0105 natur\u0105<\/strong><br \/>\n<strong> Si\u0119 zmaga\u0142<\/strong><br \/>\n<strong> Bo ka\u017cda ludzka natura<\/strong><br \/>\n<strong> Wystawiona jest na s\u0142abo\u015b\u0107<\/strong><br \/>\n<strong> A wytrwa\u0142 i Opiekunem Ko\u015bcio\u0142a \u015awi\u0119tego zosta\u0142<\/strong><\/p>\n<p><strong>M\u00f3dl si\u0119 za nami<\/strong><br \/>\n<strong> By\u015bmy d\u0105\u017cyli do wewn\u0119trznej wolno\u015bci<\/strong><br \/>\n<strong> Kt\u00f3rej miar\u0105 jest intencji czysto\u015b\u0107<\/strong><br \/>\n<strong> Opiekuj si\u0119 te\u017c nami naszym i naszymi<\/strong><br \/>\n<strong> Tak jak opiekowa\u0142e\u015b si\u0119 na ziemi Matk\u0105 Jezusem<\/strong><br \/>\n<strong> I zapewne te\u017c swoim domem<\/strong><br \/>\n<strong> I warsztatem pracy<\/strong><br \/>\n<strong> A Maryja niech nam sprzyja<\/strong><\/p>\n<p style=\"text-align: center;\">(\u00a0<a href=\"https:\/\/youtu.be\/pxX28bmDSGI\"><em><strong>Witaj Pani Matko Matki<\/strong><\/em><\/a>\u00a0&#8211; <em>Do \u015bw. Anny)<\/em><\/p>\n","protected":false},"excerpt":{"rendered":"<p>Droga \/ wewn\u0119trznej wolno\u015bci \/\/ ku prawdzie dobra Wed\u0142ug s\u0142\u00f3w pewnego fircyka wczorajszych Kamieni troch\u0119 poprzerzuca\u0107 trzeba czasem Wczoraj te\u017c by\u0142 dzie\u0144 po\u015bwi\u0119cony \u015bw. *Faus-ty-nie*&hellip; <\/p>\n","protected":false},"author":1,"featured_media":0,"parent":0,"menu_order":0,"comment_status":"closed","ping_status":"closed","template":"","meta":{"footnotes":""},"class_list":["post-6252","page","type-page","status-publish","hentry"],"_links":{"self":[{"href":"https:\/\/hubertpietka.bialystok.pl\/index.php?rest_route=\/wp\/v2\/pages\/6252","targetHints":{"allow":["GET"]}}],"collection":[{"href":"https:\/\/hubertpietka.bialystok.pl\/index.php?rest_route=\/wp\/v2\/pages"}],"about":[{"href":"https:\/\/hubertpietka.bialystok.pl\/index.php?rest_route=\/wp\/v2\/types\/page"}],"author":[{"embeddable":true,"href":"https:\/\/hubertpietka.bialystok.pl\/index.php?rest_route=\/wp\/v2\/users\/1"}],"replies":[{"embeddable":true,"href":"https:\/\/hubertpietka.bialystok.pl\/index.php?rest_route=%2Fwp%2Fv2%2Fcomments&post=6252"}],"version-history":[{"count":4,"href":"https:\/\/hubertpietka.bialystok.pl\/index.php?rest_route=\/wp\/v2\/pages\/6252\/revisions"}],"predecessor-version":[{"id":6259,"href":"https:\/\/hubertpietka.bialystok.pl\/index.php?rest_route=\/wp\/v2\/pages\/6252\/revisions\/6259"}],"wp:attachment":[{"href":"https:\/\/hubertpietka.bialystok.pl\/index.php?rest_route=%2Fwp%2Fv2%2Fmedia&parent=6252"}],"curies":[{"name":"wp","href":"https:\/\/api.w.org\/{rel}","templated":true}]}}