{"id":6276,"date":"2022-10-09T21:47:09","date_gmt":"2022-10-09T21:47:09","guid":{"rendered":"http:\/\/hubertpietka.bialystok.pl\/?page_id=6276"},"modified":"2022-10-09T21:47:09","modified_gmt":"2022-10-09T21:47:09","slug":"dla-ciebie-kocham-lubie-jestem","status":"publish","type":"page","link":"https:\/\/hubertpietka.bialystok.pl\/?page_id=6276","title":{"rendered":"Dla ciebie \/ kocham lubi\u0119 jestem"},"content":{"rendered":"<p><em><strong>Dla ciebie \/ kocham lubi\u0119 jestem<\/strong><\/em><\/p>\n<p>M\u00f3wisz \u017ce<br \/>\nNie kocham<br \/>\n\u017be nie lubi\u0119<br \/>\nA ja jestem po prostu<br \/>\nCzasem potrafi\u0119 tylko by\u0107<br \/>\nCho\u0107 nie tak mo\u017ce<br \/>\nJak chcia\u0142oby si\u0119<\/p>\n<p>Mog\u0119 by\u0107 czasem tylko<br \/>\nTak by przep\u0142ywa\u0142 przez mnie<br \/>\nStrumie\u0144 \u017cycia jak modlitwa<br \/>\nWiem \u017ce to ma\u0142o<br \/>\nAle zawsze doceniam w tobie<br \/>\nI z ciebie<br \/>\nWszystko<\/p>\n<p><a href=\"http:\/\/hubertpietka.bialystok.pl\/wp-content\/uploads\/2022\/10\/IMG_20221009_232202.jpg\"><img loading=\"lazy\" decoding=\"async\" class=\"alignnone size-thumbnail wp-image-6277\" src=\"http:\/\/hubertpietka.bialystok.pl\/wp-content\/uploads\/2022\/10\/IMG_20221009_232202-150x150.jpg\" alt=\"\" width=\"150\" height=\"150\" srcset=\"https:\/\/hubertpietka.bialystok.pl\/wp-content\/uploads\/2022\/10\/IMG_20221009_232202-150x150.jpg 150w, https:\/\/hubertpietka.bialystok.pl\/wp-content\/uploads\/2022\/10\/IMG_20221009_232202-75x75.jpg 75w\" sizes=\"auto, (max-width: 150px) 100vw, 150px\" \/><\/a><\/p>\n<p><em>Na zdj. W Rostkowie<\/em><br \/>\n<em> Staw nad kt\u00f3rym<\/em><br \/>\n<em> \u015aw. Stanis\u0142aw<\/em><br \/>\n<em> \u017baby ucisza\u0142<\/em><\/p>\n<p><em>Czasem musz\u0119 po prostu<\/em><br \/>\n<em> Poucisza\u0107 \u017caby w mojej duszy<\/em><br \/>\n<em> Ale serce zawsze jest wierne<\/em><br \/>\n<em> Bo strumie\u0144 modlitwy je oczyszcza<\/em><\/p>\n<p style=\"text-align: center;\"><em>\u00a0<a href=\"https:\/\/youtu.be\/oLAKfFsBpFM\"><strong>Ziemia Planeta Ludzi \/ Bez ciebie odchodz\u0119 &#8211; Romantycy Lekkich Obyczaj\u00f3w \/ Woodstock 2016<\/strong><\/a><\/em><\/p>\n<p style=\"text-align: right;\"><a href=\"https:\/\/youtu.be\/qj6m_6557Y8\"><em><strong>Anieli feat Katarzyna Nosowska &#8211; Ja\u015bniej\u0105ca\u00a0<\/strong><\/em><\/a><\/p>\n","protected":false},"excerpt":{"rendered":"<p>Dla ciebie \/ kocham lubi\u0119 jestem M\u00f3wisz \u017ce Nie kocham \u017be nie lubi\u0119 A ja jestem po prostu Czasem potrafi\u0119 tylko by\u0107 Cho\u0107 nie tak&hellip; <\/p>\n","protected":false},"author":1,"featured_media":0,"parent":0,"menu_order":0,"comment_status":"closed","ping_status":"closed","template":"","meta":{"footnotes":""},"class_list":["post-6276","page","type-page","status-publish","hentry"],"_links":{"self":[{"href":"https:\/\/hubertpietka.bialystok.pl\/index.php?rest_route=\/wp\/v2\/pages\/6276","targetHints":{"allow":["GET"]}}],"collection":[{"href":"https:\/\/hubertpietka.bialystok.pl\/index.php?rest_route=\/wp\/v2\/pages"}],"about":[{"href":"https:\/\/hubertpietka.bialystok.pl\/index.php?rest_route=\/wp\/v2\/types\/page"}],"author":[{"embeddable":true,"href":"https:\/\/hubertpietka.bialystok.pl\/index.php?rest_route=\/wp\/v2\/users\/1"}],"replies":[{"embeddable":true,"href":"https:\/\/hubertpietka.bialystok.pl\/index.php?rest_route=%2Fwp%2Fv2%2Fcomments&post=6276"}],"version-history":[{"count":2,"href":"https:\/\/hubertpietka.bialystok.pl\/index.php?rest_route=\/wp\/v2\/pages\/6276\/revisions"}],"predecessor-version":[{"id":6279,"href":"https:\/\/hubertpietka.bialystok.pl\/index.php?rest_route=\/wp\/v2\/pages\/6276\/revisions\/6279"}],"wp:attachment":[{"href":"https:\/\/hubertpietka.bialystok.pl\/index.php?rest_route=%2Fwp%2Fv2%2Fmedia&parent=6276"}],"curies":[{"name":"wp","href":"https:\/\/api.w.org\/{rel}","templated":true}]}}