{"id":6296,"date":"2022-10-15T22:30:35","date_gmt":"2022-10-15T22:30:35","guid":{"rendered":"http:\/\/hubertpietka.bialystok.pl\/?page_id=6296"},"modified":"2022-10-15T22:30:35","modified_gmt":"2022-10-15T22:30:35","slug":"te-tele-elemelki-tylko","status":"publish","type":"page","link":"https:\/\/hubertpietka.bialystok.pl\/?page_id=6296","title":{"rendered":"Te-tele-elemelki \/ tylko"},"content":{"rendered":"<p><em><strong>Te-tele-elemelki<\/strong><\/em> \/ tylko<\/p>\n<p>Je\u015bli oni nie maj\u0105 wgl\u0105du<br \/>\nDo mojego telefonu<br \/>\nTo co im przeszkadza<br \/>\nCo ja na nim robi\u0119<br \/>\nCzy\u017c tylko ja nie mog\u0119<br \/>\nZ nim robi\u0107 co chc\u0119<br \/>\nCzy te\u017c mo\u017ce raczej<br \/>\nI to w\u0142a\u015bnie<br \/>\nChc\u0105 oni wykorzystywa\u0107 w celach<br \/>\nNiecnych chyba raczej bardziej<\/p>\n<p>A ju\u017c i w ko\u015bcio\u0142ach<br \/>\nPoza domami<br \/>\nTo mo\u017ce zaraz<br \/>\nI w innych jaki\u015b miejscach<br \/>\nWyznaczane zakl\u0119te strefy<br \/>\nW kt\u00f3rych ma mnie co\u015b spotka\u0107<br \/>\nOczywi\u015bcie zapewne na kanwie choroby<br \/>\nNieszcz\u0119\u015bcie jakie\u015b<br \/>\nKt\u00f3re potwierdzi ich dzia\u0142a\u0144 tendencje<br \/>\nWykorzystuj\u0105ce \u015brodki im dost\u0119pne<br \/>\nR\u00f3wnie\u017c raczej etycznie mizerne<\/p>\n<p>Ach jak lubi\u0105 zreszt\u0105 oni<br \/>\nPretekst choroby<br \/>\nCzy\u017c to i nie dotyczy mojej \u017cony<br \/>\nZaraz zaraz tego psa<br \/>\nI jeszcze kogo tam<br \/>\nByle pretekst<br \/>\nTo jak zadzia\u0142a\u0107<br \/>\nB\u0119d\u0105 ju\u017c wiedzieli zapewne<br \/>\nWykorzystuj\u0105c te \u015brodki<br \/>\nKt\u00f3re akurat im pasuj\u0105<br \/>\nAby jak w szkolnej rozprawce<br \/>\nPotwierdzi\u0107 ich tezy za\u0142o\u017cone wcze\u015bniej<\/p>\n<p>I oczywi\u015bcie ja nie mog\u0119<br \/>\nSiebie swego swoich broni\u0107<br \/>\nBo wtedy jestem szalony<br \/>\nNawet bunt gniew<br \/>\nBy mi ch\u0119tnie odebrali<br \/>\nNie pasuje on im wcale<br \/>\nBo wtedy wyra\u017ca si\u0119 dosadniej<br \/>\nO r\u00f3\u017cnych sprawach<br \/>\nA to jest niepo\u017c\u0105dane zdecydowanie<br \/>\nWi\u0119c i w tym przypadku<br \/>\nNajlepiej szale\u0144stwo jakie\u015b straszne wykazywa\u0107<\/p>\n<p><a href=\"http:\/\/hubertpietka.bialystok.pl\/wp-content\/uploads\/2022\/10\/IMG_20221016_001501.jpg\"><img loading=\"lazy\" decoding=\"async\" class=\"alignnone size-thumbnail wp-image-6297\" src=\"http:\/\/hubertpietka.bialystok.pl\/wp-content\/uploads\/2022\/10\/IMG_20221016_001501-150x150.jpg\" alt=\"\" width=\"150\" height=\"150\" srcset=\"https:\/\/hubertpietka.bialystok.pl\/wp-content\/uploads\/2022\/10\/IMG_20221016_001501-150x150.jpg 150w, https:\/\/hubertpietka.bialystok.pl\/wp-content\/uploads\/2022\/10\/IMG_20221016_001501-75x75.jpg 75w\" sizes=\"auto, (max-width: 150px) 100vw, 150px\" \/><\/a><\/p>\n<p><em>Na zdj. Posadzka w ko\u015bciele Ducha \u015awi\u0119tego<\/em><br \/>\n<em> Czy\u017c serc przystawanie<\/em><br \/>\n<em> Opiera si\u0119 tylko na zewn\u0119trznym g\u0142adkim dopasowaniu<\/em><br \/>\n<em> Czy\u017c mo\u017ce raczej mi\u0142o\u015b\u0107<\/em><br \/>\n<em> Dociera serc przystawanie<\/em><br \/>\n<em> Tak\u017ce w dynamizmie zdarze\u0144<\/em><br \/>\n<em> A czasem i w r\u00f3\u017cnicach si\u0119 zderzeniu<\/em><br \/>\n<em> Kt\u00f3re w aspekcie g\u0142\u0119bszym<\/em><br \/>\n<em> Nie przecz\u0105 wcale powy\u017cszemu<\/em><\/p>\n<p><strong>I je\u015bli cokolwieczu-niuniu-nieczek<\/strong><br \/>\n<strong> Mi mojej naszemu i naszym<\/strong><br \/>\n<strong> To zobacz\u0105 co zobacz\u0105<\/strong><br \/>\n<strong> I przyjd\u017a a oni nie<\/strong><br \/>\n<strong> Nie jestem a\u017c tak szalony<\/strong><br \/>\n<strong> \u017beby o tym wszystkim<\/strong><br \/>\n<strong> Nie mie\u0107 \u015bwiadomo\u015bci<\/strong><\/p>\n<p><a href=\"https:\/\/youtu.be\/qEXyPSBYbMA\"><em><strong>Republika &#8211; Telefony\u00a0<\/strong><\/em><\/a><\/p>\n","protected":false},"excerpt":{"rendered":"<p>Te-tele-elemelki \/ tylko Je\u015bli oni nie maj\u0105 wgl\u0105du Do mojego telefonu To co im przeszkadza Co ja na nim robi\u0119 Czy\u017c tylko ja nie mog\u0119&hellip; <\/p>\n","protected":false},"author":1,"featured_media":0,"parent":0,"menu_order":0,"comment_status":"closed","ping_status":"closed","template":"","meta":{"footnotes":""},"class_list":["post-6296","page","type-page","status-publish","hentry"],"_links":{"self":[{"href":"https:\/\/hubertpietka.bialystok.pl\/index.php?rest_route=\/wp\/v2\/pages\/6296","targetHints":{"allow":["GET"]}}],"collection":[{"href":"https:\/\/hubertpietka.bialystok.pl\/index.php?rest_route=\/wp\/v2\/pages"}],"about":[{"href":"https:\/\/hubertpietka.bialystok.pl\/index.php?rest_route=\/wp\/v2\/types\/page"}],"author":[{"embeddable":true,"href":"https:\/\/hubertpietka.bialystok.pl\/index.php?rest_route=\/wp\/v2\/users\/1"}],"replies":[{"embeddable":true,"href":"https:\/\/hubertpietka.bialystok.pl\/index.php?rest_route=%2Fwp%2Fv2%2Fcomments&post=6296"}],"version-history":[{"count":1,"href":"https:\/\/hubertpietka.bialystok.pl\/index.php?rest_route=\/wp\/v2\/pages\/6296\/revisions"}],"predecessor-version":[{"id":6298,"href":"https:\/\/hubertpietka.bialystok.pl\/index.php?rest_route=\/wp\/v2\/pages\/6296\/revisions\/6298"}],"wp:attachment":[{"href":"https:\/\/hubertpietka.bialystok.pl\/index.php?rest_route=%2Fwp%2Fv2%2Fmedia&parent=6296"}],"curies":[{"name":"wp","href":"https:\/\/api.w.org\/{rel}","templated":true}]}}