{"id":6305,"date":"2022-10-18T16:33:02","date_gmt":"2022-10-18T16:33:02","guid":{"rendered":"http:\/\/hubertpietka.bialystok.pl\/?page_id=6305"},"modified":"2022-10-18T16:33:02","modified_gmt":"2022-10-18T16:33:02","slug":"abysmy-przetrwali-to-wszystko","status":"publish","type":"page","link":"https:\/\/hubertpietka.bialystok.pl\/?page_id=6305","title":{"rendered":"Aby\u015bmy \/ przetrwali to wszystko"},"content":{"rendered":"<p><em><strong>Aby\u015bmy<\/strong><\/em> \/ przetrwali to wszystko<\/p>\n<p><em>Dzi\u015b \u015bw. \u0141ukasza z *An-tiochii*<\/em><br \/>\n<em> *An-troch\u0119* radzi sobie za kierownic\u0105<\/em><br \/>\n<em> Ca\u0142kiem nie\u017ale w sumie<\/em><br \/>\n<em> Jest talent potrzebne tylko do\u015bwiadczenie<\/em><\/p>\n<p>W Bia\u0142ymstoku mieszkanie<br \/>\nZamach i na nie<br \/>\nAch nie a je\u015bli jednak<br \/>\nTo przypadek a jak\u017ce<\/p>\n<p>Z nami naszymi naszym<br \/>\nZapewne tak\u017ce jak i co\u015b<br \/>\nPodobnie w ten spos\u00f3b<\/p>\n<p>Ach oni nic<br \/>\nJak zreszt\u0105 zawsze i wsz\u0119dzie<br \/>\nPo prostu anio\u0142ki<br \/>\nTylko po kt\u00f3rej stronie mocy<\/p>\n<p><a href=\"http:\/\/hubertpietka.bialystok.pl\/wp-content\/uploads\/2022\/10\/IMG_20221018_181753.jpg\"><img loading=\"lazy\" decoding=\"async\" class=\"alignnone size-thumbnail wp-image-6306\" src=\"http:\/\/hubertpietka.bialystok.pl\/wp-content\/uploads\/2022\/10\/IMG_20221018_181753-150x150.jpg\" alt=\"\" width=\"150\" height=\"150\" srcset=\"https:\/\/hubertpietka.bialystok.pl\/wp-content\/uploads\/2022\/10\/IMG_20221018_181753-150x150.jpg 150w, https:\/\/hubertpietka.bialystok.pl\/wp-content\/uploads\/2022\/10\/IMG_20221018_181753-75x75.jpg 75w\" sizes=\"auto, (max-width: 150px) 100vw, 150px\" \/><\/a><\/p>\n<p><strong>Na zdj. \u015aw. J\u00f3zef w ko\u015bciele zambrowskim<\/strong><br \/>\n<strong> Tam gdzie ja nie mog\u0119<\/strong><br \/>\n<strong> Niech on dopomo\u017ce<\/strong><\/p>\n<p>I nie zak\u0142\u00f3cajcie spokoju naszego<br \/>\nAni Ani<br \/>\nTu ani nigdzie<br \/>\n\u017badnych misi\u00f3w kolorowych<br \/>\nNam nie trzeba bynajmniej<\/p>\n<p style=\"text-align: center;\"><a href=\"https:\/\/youtu.be\/P36IdI4JbQY\"><em><strong>Kiepurki &#8211; Szara cisza<\/strong><\/em><\/a><\/p>\n","protected":false},"excerpt":{"rendered":"<p>Aby\u015bmy \/ przetrwali to wszystko Dzi\u015b \u015bw. \u0141ukasza z *An-tiochii* *An-troch\u0119* radzi sobie za kierownic\u0105 Ca\u0142kiem nie\u017ale w sumie Jest talent potrzebne tylko do\u015bwiadczenie W&hellip; <\/p>\n","protected":false},"author":1,"featured_media":0,"parent":0,"menu_order":0,"comment_status":"closed","ping_status":"closed","template":"","meta":{"footnotes":""},"class_list":["post-6305","page","type-page","status-publish","hentry"],"_links":{"self":[{"href":"https:\/\/hubertpietka.bialystok.pl\/index.php?rest_route=\/wp\/v2\/pages\/6305","targetHints":{"allow":["GET"]}}],"collection":[{"href":"https:\/\/hubertpietka.bialystok.pl\/index.php?rest_route=\/wp\/v2\/pages"}],"about":[{"href":"https:\/\/hubertpietka.bialystok.pl\/index.php?rest_route=\/wp\/v2\/types\/page"}],"author":[{"embeddable":true,"href":"https:\/\/hubertpietka.bialystok.pl\/index.php?rest_route=\/wp\/v2\/users\/1"}],"replies":[{"embeddable":true,"href":"https:\/\/hubertpietka.bialystok.pl\/index.php?rest_route=%2Fwp%2Fv2%2Fcomments&post=6305"}],"version-history":[{"count":1,"href":"https:\/\/hubertpietka.bialystok.pl\/index.php?rest_route=\/wp\/v2\/pages\/6305\/revisions"}],"predecessor-version":[{"id":6307,"href":"https:\/\/hubertpietka.bialystok.pl\/index.php?rest_route=\/wp\/v2\/pages\/6305\/revisions\/6307"}],"wp:attachment":[{"href":"https:\/\/hubertpietka.bialystok.pl\/index.php?rest_route=%2Fwp%2Fv2%2Fmedia&parent=6305"}],"curies":[{"name":"wp","href":"https:\/\/api.w.org\/{rel}","templated":true}]}}