{"id":6344,"date":"2022-10-27T18:01:02","date_gmt":"2022-10-27T18:01:02","guid":{"rendered":"http:\/\/hubertpietka.bialystok.pl\/?page_id=6344"},"modified":"2022-10-27T18:01:02","modified_gmt":"2022-10-27T18:01:02","slug":"we-mgle","status":"publish","type":"page","link":"https:\/\/hubertpietka.bialystok.pl\/?page_id=6344","title":{"rendered":"We \/ mgle"},"content":{"rendered":"<p><em><strong>We \/ mgle<\/strong><\/em><\/p>\n<p>A tutaj na dworze teraz w nocy<br \/>\n(Ale i nie tylko)<br \/>\nMg\u0142a *smole*\u0144ska niczym<br \/>\nJak z czarnej *smo\u0142y*<br \/>\nCo mo\u017cna zrobi\u0107<br \/>\nPod takim mg\u0142y przykryciem<br \/>\nTo Ty\u00a0 wiesz Panie Bo\u017ce<br \/>\nI je\u015bli cokolwiek<br \/>\nPrzyjd\u017a a oni nie<\/p>\n<p><a href=\"http:\/\/hubertpietka.bialystok.pl\/wp-content\/uploads\/2022\/10\/IMG_20221027_194549.jpg\"><img loading=\"lazy\" decoding=\"async\" class=\"alignnone size-thumbnail wp-image-6345\" src=\"http:\/\/hubertpietka.bialystok.pl\/wp-content\/uploads\/2022\/10\/IMG_20221027_194549-150x150.jpg\" alt=\"\" width=\"150\" height=\"150\" srcset=\"https:\/\/hubertpietka.bialystok.pl\/wp-content\/uploads\/2022\/10\/IMG_20221027_194549-150x150.jpg 150w, https:\/\/hubertpietka.bialystok.pl\/wp-content\/uploads\/2022\/10\/IMG_20221027_194549-75x75.jpg 75w\" sizes=\"auto, (max-width: 150px) 100vw, 150px\" \/><\/a><\/p>\n<p><em>Na zdj. Kolegiata w Podlaskim *Soko\u0142o*wie<\/em><br \/>\n<em> Matka Bo\u017ca \u015bwieci w bramie<\/em><br \/>\n<em> Niczym w tej Ostrej<\/em><br \/>\n<em> Hej hej *soko\u0142y&#8221;<\/em><\/p>\n<p>Dzi\u015b wspominany \u015bw. *Fru-men-cjusz*<br \/>\n*Fru <em>man<\/em> ju\u017c*<br \/>\nNa pi\u0142k\u0119<\/p>\n<p style=\"text-align: center;\"><a href=\"https:\/\/youtu.be\/_JVQCbAScXw\"><em><strong>KSU &#8211; Za mg\u0142\u0105 \/ akustycznie na XXX-lecie \/\u00a0<\/strong><\/em><\/a><\/p>\n","protected":false},"excerpt":{"rendered":"<p>We \/ mgle A tutaj na dworze teraz w nocy (Ale i nie tylko) Mg\u0142a *smole*\u0144ska niczym Jak z czarnej *smo\u0142y* Co mo\u017cna zrobi\u0107 Pod&hellip; <\/p>\n","protected":false},"author":1,"featured_media":0,"parent":0,"menu_order":0,"comment_status":"closed","ping_status":"closed","template":"","meta":{"footnotes":""},"class_list":["post-6344","page","type-page","status-publish","hentry"],"_links":{"self":[{"href":"https:\/\/hubertpietka.bialystok.pl\/index.php?rest_route=\/wp\/v2\/pages\/6344","targetHints":{"allow":["GET"]}}],"collection":[{"href":"https:\/\/hubertpietka.bialystok.pl\/index.php?rest_route=\/wp\/v2\/pages"}],"about":[{"href":"https:\/\/hubertpietka.bialystok.pl\/index.php?rest_route=\/wp\/v2\/types\/page"}],"author":[{"embeddable":true,"href":"https:\/\/hubertpietka.bialystok.pl\/index.php?rest_route=\/wp\/v2\/users\/1"}],"replies":[{"embeddable":true,"href":"https:\/\/hubertpietka.bialystok.pl\/index.php?rest_route=%2Fwp%2Fv2%2Fcomments&post=6344"}],"version-history":[{"count":1,"href":"https:\/\/hubertpietka.bialystok.pl\/index.php?rest_route=\/wp\/v2\/pages\/6344\/revisions"}],"predecessor-version":[{"id":6346,"href":"https:\/\/hubertpietka.bialystok.pl\/index.php?rest_route=\/wp\/v2\/pages\/6344\/revisions\/6346"}],"wp:attachment":[{"href":"https:\/\/hubertpietka.bialystok.pl\/index.php?rest_route=%2Fwp%2Fv2%2Fmedia&parent=6344"}],"curies":[{"name":"wp","href":"https:\/\/api.w.org\/{rel}","templated":true}]}}