{"id":6350,"date":"2022-10-28T16:57:43","date_gmt":"2022-10-28T16:57:43","guid":{"rendered":"http:\/\/hubertpietka.bialystok.pl\/?page_id=6350"},"modified":"2022-10-28T16:57:43","modified_gmt":"2022-10-28T16:57:43","slug":"my-wy-oni","status":"publish","type":"page","link":"https:\/\/hubertpietka.bialystok.pl\/?page_id=6350","title":{"rendered":"My wy \/ oni"},"content":{"rendered":"<p><em><strong>My wy \/ oni<\/strong><\/em><\/p>\n<p>Dzisiaj wspominany \u015bw. *Ju-da Ta-deusz*<br \/>\nB\u00f3g powiedzia\u0142 *<em>You<\/em> dasz<br \/>\nTaa dasz* m\u00f3wi\u0105 oni<\/p>\n<p>Dzi\u015b te\u017c \u015bw. Aposto\u0142a Szymona<br \/>\nJego imi\u0119 znaczy <em>B\u00f3g wys\u0142ucha<\/em>\u0142<br \/>\nOn wys\u0142uchuje zawsze<br \/>\nJe\u015bli si\u0119 Go prosi odpowiednio<\/p>\n<p>Dzi\u015b te\u017c wspominanie \u015bw. *Afirmi-li-ana*<br \/>\n*Afirmowa\u0107 li-li An\u0119*<br \/>\nW jej czu\u0142o\u015bci nawet je\u015bli<br \/>\nCzasem bywam troch\u0119 szorstki<\/p>\n<p><a href=\"http:\/\/hubertpietka.bialystok.pl\/wp-content\/uploads\/2022\/10\/IMG_20221028_184916.jpg\"><img loading=\"lazy\" decoding=\"async\" class=\"alignnone size-thumbnail wp-image-6351\" src=\"http:\/\/hubertpietka.bialystok.pl\/wp-content\/uploads\/2022\/10\/IMG_20221028_184916-150x150.jpg\" alt=\"\" width=\"150\" height=\"150\" srcset=\"https:\/\/hubertpietka.bialystok.pl\/wp-content\/uploads\/2022\/10\/IMG_20221028_184916-150x150.jpg 150w, https:\/\/hubertpietka.bialystok.pl\/wp-content\/uploads\/2022\/10\/IMG_20221028_184916-75x75.jpg 75w\" sizes=\"auto, (max-width: 150px) 100vw, 150px\" \/><\/a><\/p>\n<p><em>Na zdj. Ko\u015bci\u00f3\u0142 w *Siemia-tyczach*<\/em><br \/>\n<em> Otoczka jak na celowniku<\/em><br \/>\n<em> *Siema &#8211; tycia*<\/em><\/p>\n<p><em>I cokolwieczunio je\u015bli\u00a0<\/em><\/p>\n<p style=\"text-align: center;\"><a href=\"https:\/\/youtu.be\/gzaFiX7R_Fw\"><em><strong>Video &amp; Anna Wyszkoni &#8211; Soft<\/strong><\/em><\/a><\/p>\n","protected":false},"excerpt":{"rendered":"<p>My wy \/ oni Dzisiaj wspominany \u015bw. *Ju-da Ta-deusz* B\u00f3g powiedzia\u0142 *You dasz Taa dasz* m\u00f3wi\u0105 oni Dzi\u015b te\u017c \u015bw. Aposto\u0142a Szymona Jego imi\u0119 znaczy&hellip; <\/p>\n","protected":false},"author":1,"featured_media":0,"parent":0,"menu_order":0,"comment_status":"closed","ping_status":"closed","template":"","meta":{"footnotes":""},"class_list":["post-6350","page","type-page","status-publish","hentry"],"_links":{"self":[{"href":"https:\/\/hubertpietka.bialystok.pl\/index.php?rest_route=\/wp\/v2\/pages\/6350","targetHints":{"allow":["GET"]}}],"collection":[{"href":"https:\/\/hubertpietka.bialystok.pl\/index.php?rest_route=\/wp\/v2\/pages"}],"about":[{"href":"https:\/\/hubertpietka.bialystok.pl\/index.php?rest_route=\/wp\/v2\/types\/page"}],"author":[{"embeddable":true,"href":"https:\/\/hubertpietka.bialystok.pl\/index.php?rest_route=\/wp\/v2\/users\/1"}],"replies":[{"embeddable":true,"href":"https:\/\/hubertpietka.bialystok.pl\/index.php?rest_route=%2Fwp%2Fv2%2Fcomments&post=6350"}],"version-history":[{"count":1,"href":"https:\/\/hubertpietka.bialystok.pl\/index.php?rest_route=\/wp\/v2\/pages\/6350\/revisions"}],"predecessor-version":[{"id":6352,"href":"https:\/\/hubertpietka.bialystok.pl\/index.php?rest_route=\/wp\/v2\/pages\/6350\/revisions\/6352"}],"wp:attachment":[{"href":"https:\/\/hubertpietka.bialystok.pl\/index.php?rest_route=%2Fwp%2Fv2%2Fmedia&parent=6350"}],"curies":[{"name":"wp","href":"https:\/\/api.w.org\/{rel}","templated":true}]}}