{"id":6361,"date":"2022-10-29T21:47:17","date_gmt":"2022-10-29T21:47:17","guid":{"rendered":"http:\/\/hubertpietka.bialystok.pl\/?page_id=6361"},"modified":"2022-10-29T21:47:17","modified_gmt":"2022-10-29T21:47:17","slug":"kwas-bynajmniej-niechlebowy","status":"publish","type":"page","link":"https:\/\/hubertpietka.bialystok.pl\/?page_id=6361","title":{"rendered":"Kwas \/ bynajmniej niechlebowy"},"content":{"rendered":"<p><em><strong>Kwas \/ bynajmniej niechlebowy\u00a0<\/strong><\/em><\/p>\n<p>Jezu<br \/>\nJak Ty mog\u0142e\u015b m\u00f3wi\u0107<br \/>\nDo swoich uczni\u00f3w<br \/>\nO jakim\u015b kwasie faryzeusz\u00f3w<\/p>\n<p>Poniewa\u017c<br \/>\nKapsel od oran\u017cady odkorkowany<br \/>\nA niekt\u00f3rym chyba przy okazji<br \/>\nTroch\u0119 woda sodowa uderzy\u0142a<br \/>\nTo co si\u0119 nale\u017cy napisa\u0107<\/p>\n<p>Religia nie jest bynajmniej<br \/>\nNiby bia\u0142\u0105 szatk\u0105<br \/>\nKt\u00f3r\u0105 zakrywa si\u0119 nieczysto\u015b\u0107 wszelak\u0105<br \/>\nA czysto\u015b\u0107 to nie bynajmniej stan samopoczucia<br \/>\nLecz kondycja ducha<br \/>\nA patriotyzm to nie<br \/>\n*Kosmaty polityzm*<br \/>\n*Kosmopolityzm*<br \/>\nI nie *naro*wisty *naro*dowizm<br \/>\nProsz\u0119 wybaczy\u0107 z\u0142o\u017cenia<br \/>\nLecz droga po \u015brodku<\/p>\n<p><em>Jutro \u015bw. Benwenuty *Bojani*<\/em><br \/>\n<em> A jej imi\u0119 dobrze \u017ce przysz\u0142a\u015b oznacza<\/em><br \/>\n<em> Pewnie ostrzejsze by\u0142yby moje s\u0142owa<\/em><br \/>\n<em> Ale dobrze \u017ce przysz\u0142a\u015b Maryjo<\/em><br \/>\n<em> Wa\u017cniejsza *boja\u017a\u0144* Bo\u017ca<\/em><\/p>\n<p><a href=\"http:\/\/hubertpietka.bialystok.pl\/wp-content\/uploads\/2022\/10\/IMG_20221029_233554.jpg\"><img loading=\"lazy\" decoding=\"async\" class=\"alignnone size-thumbnail wp-image-6362\" src=\"http:\/\/hubertpietka.bialystok.pl\/wp-content\/uploads\/2022\/10\/IMG_20221029_233554-150x150.jpg\" alt=\"\" width=\"150\" height=\"150\" srcset=\"https:\/\/hubertpietka.bialystok.pl\/wp-content\/uploads\/2022\/10\/IMG_20221029_233554-150x150.jpg 150w, https:\/\/hubertpietka.bialystok.pl\/wp-content\/uploads\/2022\/10\/IMG_20221029_233554-75x75.jpg 75w\" sizes=\"auto, (max-width: 150px) 100vw, 150px\" \/><\/a><\/p>\n<p><em>Na zdj. W *Rostkowie* ko\u015bciele \u015bw. Stanis\u0142awa<\/em><br \/>\n<em> Z Maryj\u0105 g\u0142\u00f3wna nawa<\/em><br \/>\n<em> *Wzrasta\u0107* trzeba zdrowo<\/em><br \/>\n<em> Ale nie zapominaj\u0105c boja\u017ani Bo\u017cej<\/em><br \/>\n<em> Kt\u00f3ra bynajmniej nie jest l\u0119kiem<\/em><br \/>\n<em> Kt\u00f3ry ma zabra\u0107 rado\u015b\u0107 \u017cycia<\/em><br \/>\n<em> Drog\u0119 po \u015brodku wyznacza<\/em><br \/>\n<em> A takiej drogi to Maryja najlepiej uczy<\/em><br \/>\n<em> Zrozumie kto ma zrozumie\u0107<\/em><\/p>\n<p><a href=\"https:\/\/youtu.be\/wjmkbxqISxc\"><strong><em>Patriotyzm &#8211; Lech Makowiecki\u00a0<\/em><\/strong><\/a><\/p>\n","protected":false},"excerpt":{"rendered":"<p>Kwas \/ bynajmniej niechlebowy\u00a0 Jezu Jak Ty mog\u0142e\u015b m\u00f3wi\u0107 Do swoich uczni\u00f3w O jakim\u015b kwasie faryzeusz\u00f3w Poniewa\u017c Kapsel od oran\u017cady odkorkowany A niekt\u00f3rym chyba przy&hellip; <\/p>\n","protected":false},"author":1,"featured_media":0,"parent":0,"menu_order":0,"comment_status":"closed","ping_status":"closed","template":"","meta":{"footnotes":""},"class_list":["post-6361","page","type-page","status-publish","hentry"],"_links":{"self":[{"href":"https:\/\/hubertpietka.bialystok.pl\/index.php?rest_route=\/wp\/v2\/pages\/6361","targetHints":{"allow":["GET"]}}],"collection":[{"href":"https:\/\/hubertpietka.bialystok.pl\/index.php?rest_route=\/wp\/v2\/pages"}],"about":[{"href":"https:\/\/hubertpietka.bialystok.pl\/index.php?rest_route=\/wp\/v2\/types\/page"}],"author":[{"embeddable":true,"href":"https:\/\/hubertpietka.bialystok.pl\/index.php?rest_route=\/wp\/v2\/users\/1"}],"replies":[{"embeddable":true,"href":"https:\/\/hubertpietka.bialystok.pl\/index.php?rest_route=%2Fwp%2Fv2%2Fcomments&post=6361"}],"version-history":[{"count":1,"href":"https:\/\/hubertpietka.bialystok.pl\/index.php?rest_route=\/wp\/v2\/pages\/6361\/revisions"}],"predecessor-version":[{"id":6363,"href":"https:\/\/hubertpietka.bialystok.pl\/index.php?rest_route=\/wp\/v2\/pages\/6361\/revisions\/6363"}],"wp:attachment":[{"href":"https:\/\/hubertpietka.bialystok.pl\/index.php?rest_route=%2Fwp%2Fv2%2Fmedia&parent=6361"}],"curies":[{"name":"wp","href":"https:\/\/api.w.org\/{rel}","templated":true}]}}