{"id":6373,"date":"2022-11-01T16:59:59","date_gmt":"2022-11-01T16:59:59","guid":{"rendered":"http:\/\/hubertpietka.bialystok.pl\/?page_id=6373"},"modified":"2022-11-01T16:59:59","modified_gmt":"2022-11-01T16:59:59","slug":"jesli-chcesz-wiecej-mozesz","status":"publish","type":"page","link":"https:\/\/hubertpietka.bialystok.pl\/?page_id=6373","title":{"rendered":"Je\u015bli chcesz \/ wi\u0119cej mo\u017cesz"},"content":{"rendered":"<p><em><strong>Je\u015bli chcesz \/ wi\u0119cej mo\u017cesz\u00a0<\/strong><\/em><\/p>\n<p>B\u00f3g powiedzia\u0142 do mnie<br \/>\n<em>Przecedzaj\u0105 komary a po\u0142ykaj\u0105 wielb\u0142\u0105dy<\/em><br \/>\n<em> Najwa\u017cniejsze jest niewidoczne dla oczu<\/em><\/p>\n<p><em>M\u00f3wi\u0105 ale sami nie czyni\u0105<\/em><\/p>\n<p>Popatrzcie na krowy cho\u0107by<br \/>\nCa\u0142y czas tak samo<br \/>\nKr\u0119c\u0105c mord\u0105 jedz\u0105 teraz traw\u0119<br \/>\nZim\u0105 siano<br \/>\nKo\u0144cem \u015bwiata jako\u015b niezainteresowane<\/p>\n<p>A oni<br \/>\n<em>Szukaj\u0105 ig\u0142y w stogu siana<\/em><br \/>\n<em>Dziury w ca\u0142ym<\/em><br \/>\nPrzecie\u017c <em>na ka\u017cdego jaki\u015b hak si\u0119 znajdzie<\/em><br \/>\nWiedz\u0105 to ju\u017c od <em>s\u0142u\u017cby<\/em> bezpieki komunistycznej<br \/>\nTrzeba tylko troch\u0119 najwy\u017cej poczeka\u0107<br \/>\nA jak nie<br \/>\nTo k\u0142amstwem nowe prawdy mo\u017cna stworzy\u0107 te\u017c<\/p>\n<p>A inni<br \/>\nW trawie ci\u0105gle szukaj\u0105<br \/>\nChyba czterolistnej koniczynki<br \/>\nKt\u00f3ra ma stworzy\u0107 nowy \u015bwiat<br \/>\nA tymczasem fundamenty s\u0105 dane<br \/>\nNiezmienne uniwersalne<br \/>\nWarto\u015bci na chrze\u015bcija\u0144stwa gruncie<br \/>\nRozumiane poprawnie w\u0142a\u015bciwie<\/p>\n<p>To teraz mo\u017ce obiektem nienawi\u015bci<br \/>\nB\u0119d\u0105 a tak chyba krowy<br \/>\nNiewskazana wo\u0142owina<br \/>\nA mo\u017ce jednak trawa<br \/>\nZim\u0105 j\u0105 \u015bnieg nakrywa delikatnie<br \/>\nA mo\u017ce ca\u0142\u0105 traw\u0119 trzeba by spali\u0107<br \/>\nAlbo powyrywa\u0107 po \u017adzibe\u0142ku<br \/>\nTak po\u00a0\u017adzibe\u0142ku mo\u017ce<\/p>\n<p>A co z moj\u0105 \u017con\u0105<br \/>\nZ nami naszymi naszym<br \/>\nCa\u0142y czas na cenzurowanym<br \/>\nAch ka\u017cdy nawet mo\u017ce si\u0119 odpowiednio przyczyni\u0107<br \/>\nBardzo prosz\u0119 innego ko\u0144ca \u015bwiata jednak mo\u017ce nie by\u0107<br \/>\nJa to te\u017c dla wszystkich co\u015b robi\u0119<br \/>\nNie tylko dla nas siebie<br \/>\nSprawd\u017acie zobaczycie<\/p>\n<p><a href=\"http:\/\/hubertpietka.bialystok.pl\/wp-content\/uploads\/2022\/11\/IMG_20221101_172946.jpg\"><img loading=\"lazy\" decoding=\"async\" class=\"alignnone size-thumbnail wp-image-6374\" src=\"http:\/\/hubertpietka.bialystok.pl\/wp-content\/uploads\/2022\/11\/IMG_20221101_172946-150x150.jpg\" alt=\"\" width=\"150\" height=\"150\" srcset=\"https:\/\/hubertpietka.bialystok.pl\/wp-content\/uploads\/2022\/11\/IMG_20221101_172946-150x150.jpg 150w, https:\/\/hubertpietka.bialystok.pl\/wp-content\/uploads\/2022\/11\/IMG_20221101_172946-75x75.jpg 75w\" sizes=\"auto, (max-width: 150px) 100vw, 150px\" \/><\/a><\/p>\n<p><strong>Na zdj. W Sok\u00f3\u0142ce by\u0142 Eucharystyczny Cud<\/strong><br \/>\n<strong> <em>Najwa\u017cniejsze niewidoczne dla oczu<\/em><\/strong><br \/>\n<strong> Jak to jest<\/strong><br \/>\n<strong> \u017be w takim Op\u0142atku ma\u0142ym<\/strong><br \/>\n<strong> Jest B\u00f3g ca\u0142y<\/strong><\/p>\n<p><em>Dzi\u015b \u015bw. *Rup-erta* jest te\u017c<\/em><br \/>\n<em> Dla was mo\u017ce *rupie\u0107 Bert*<\/em><br \/>\n<em> Za m\u0142ody za stary zawsze nie taki<\/em><br \/>\n<em> Za bardzo za ma\u0142o ci\u0105gle nie w por\u0119<\/em><br \/>\n<em> Dobrze<\/em><\/p>\n<p><a href=\"https:\/\/youtu.be\/zYrmvpwqZYI\"><em><strong>Lady Pank &#8211; Obcy<\/strong><\/em><\/a><\/p>\n<p><em>Doskona\u0142y nie jestem wiem<\/em><br \/>\n<em> A kt\u00f3\u017c jest<\/em><br \/>\n<em> Poza \u015bwi\u0119tymi<\/em><br \/>\n<em> Ale oni ju\u017c s\u0105 jednak<\/em><br \/>\n<em> Troch\u0119 chyba gdzie indziej<\/em><\/p>\n<p>A wczoraj wspominany \u015bw. *Al-fons*<br \/>\n*<em>All fons<\/em>* i wszystkie d\u017awi\u0119ki dla was<br \/>\nCho\u0107 zapewne i te\u017c zawsze nie takie<br \/>\nTrudno Bogu a ludziom <em>sobie a muzom<\/em><\/p>\n<p style=\"text-align: center;\"><a href=\"https:\/\/youtu.be\/TbF39bOQwuM\"><strong><em>Wiktor Dydu\u0142a &#8211; M\u00f3wi\u0105 mi \/ The Voice of Poland 12<\/em><\/strong><\/a><\/p>\n","protected":false},"excerpt":{"rendered":"<p>Je\u015bli chcesz \/ wi\u0119cej mo\u017cesz\u00a0 B\u00f3g powiedzia\u0142 do mnie Przecedzaj\u0105 komary a po\u0142ykaj\u0105 wielb\u0142\u0105dy Najwa\u017cniejsze jest niewidoczne dla oczu M\u00f3wi\u0105 ale sami nie czyni\u0105 Popatrzcie&hellip; <\/p>\n","protected":false},"author":1,"featured_media":0,"parent":0,"menu_order":0,"comment_status":"closed","ping_status":"closed","template":"","meta":{"footnotes":""},"class_list":["post-6373","page","type-page","status-publish","hentry"],"_links":{"self":[{"href":"https:\/\/hubertpietka.bialystok.pl\/index.php?rest_route=\/wp\/v2\/pages\/6373","targetHints":{"allow":["GET"]}}],"collection":[{"href":"https:\/\/hubertpietka.bialystok.pl\/index.php?rest_route=\/wp\/v2\/pages"}],"about":[{"href":"https:\/\/hubertpietka.bialystok.pl\/index.php?rest_route=\/wp\/v2\/types\/page"}],"author":[{"embeddable":true,"href":"https:\/\/hubertpietka.bialystok.pl\/index.php?rest_route=\/wp\/v2\/users\/1"}],"replies":[{"embeddable":true,"href":"https:\/\/hubertpietka.bialystok.pl\/index.php?rest_route=%2Fwp%2Fv2%2Fcomments&post=6373"}],"version-history":[{"count":1,"href":"https:\/\/hubertpietka.bialystok.pl\/index.php?rest_route=\/wp\/v2\/pages\/6373\/revisions"}],"predecessor-version":[{"id":6375,"href":"https:\/\/hubertpietka.bialystok.pl\/index.php?rest_route=\/wp\/v2\/pages\/6373\/revisions\/6375"}],"wp:attachment":[{"href":"https:\/\/hubertpietka.bialystok.pl\/index.php?rest_route=%2Fwp%2Fv2%2Fmedia&parent=6373"}],"curies":[{"name":"wp","href":"https:\/\/api.w.org\/{rel}","templated":true}]}}