{"id":6382,"date":"2022-11-02T19:52:44","date_gmt":"2022-11-02T19:52:44","guid":{"rendered":"http:\/\/hubertpietka.bialystok.pl\/?page_id=6382"},"modified":"2022-11-02T19:52:44","modified_gmt":"2022-11-02T19:52:44","slug":"dyktat-zaslepionej-nienawisci","status":"publish","type":"page","link":"https:\/\/hubertpietka.bialystok.pl\/?page_id=6382","title":{"rendered":"Dyktat \/ za\u015blepionej nienawi\u015bci"},"content":{"rendered":"<p><em><strong>Dyktat \/ za\u015blepionej nienawi\u015bci\u00a0<\/strong><\/em><\/p>\n<p>Jak mo\u017cna s\u0142ucha\u0107<br \/>\nDyktatu nienawi\u015bci<br \/>\nI czyni\u0107<br \/>\nTo co orzeka<br \/>\nGdy w bezbronnych niewinnych uderza<\/p>\n<p>Z moj\u0105 \u017con\u0105 czy\u017c w\u0142a\u015bnie nie tak<br \/>\nA ze mn\u0105 bliskimi<br \/>\nJak mo\u017cna s\u0142ucha\u0107 i czyni\u0107<br \/>\nTo co nienawi\u015b\u0107 m\u00f3wi<\/p>\n<p><a href=\"http:\/\/hubertpietka.bialystok.pl\/wp-content\/uploads\/2022\/11\/IMG_20221102_193143173.jpg\"><img loading=\"lazy\" decoding=\"async\" class=\"alignnone size-thumbnail wp-image-6383\" src=\"http:\/\/hubertpietka.bialystok.pl\/wp-content\/uploads\/2022\/11\/IMG_20221102_193143173-150x150.jpg\" alt=\"\" width=\"150\" height=\"150\" srcset=\"https:\/\/hubertpietka.bialystok.pl\/wp-content\/uploads\/2022\/11\/IMG_20221102_193143173-150x150.jpg 150w, https:\/\/hubertpietka.bialystok.pl\/wp-content\/uploads\/2022\/11\/IMG_20221102_193143173-75x75.jpg 75w\" sizes=\"auto, (max-width: 150px) 100vw, 150px\" \/><\/a><\/p>\n<p><strong>Na zdj. Kinkiet bli\u017aniaczy<\/strong><br \/>\n<strong> Zwr\u00f3cony w dw\u00f3ch przeciwnych kierunkach<\/strong><br \/>\n<strong> Mo\u017cna si\u0119 r\u00f3\u017cni\u0107<\/strong><br \/>\n<strong> Zapala\u0107 to jeden to drugi<\/strong><br \/>\n<strong> Ale tylko razem \u015bwiec\u0105 najja\u015bniej<\/strong><br \/>\n<strong> O\u015bwietlaj\u0105c \u0142\u0105cznie p\u0142aszczyzny inne<\/strong><br \/>\n<strong> I tak w ma\u0142\u017ce\u0144stwie<\/strong><br \/>\n<strong> Kt\u00f3re jest jedno\u015bci\u0105<\/strong><br \/>\n<strong> Kt\u00f3ra swych odmiennych perspektyw potrzebuje<\/strong><br \/>\n<strong> Jedna na drug\u0105 oddzia\u0142uje<\/strong><br \/>\n<strong> I wtedy dopiero jest pe\u0142nia<\/strong><\/p>\n<p>Dzi\u015b wspominany \u015bw. *Am-bro\u017cy*<br \/>\n<em>And I *am<\/em> bro\u017cka*<br \/>\nNa tej zasadzie jak ona<br \/>\nKto w ni\u0105 i we mnie uderza<br \/>\nJe\u015bli zgasi si\u0119 na zawsze<br \/>\nKinkiet jeden i drugi zgasn\u0105\u0107 mo\u017ce<br \/>\nA wtedy b\u0119dzie ciemno\u015b\u0107 nieopisana<\/p>\n<p><a href=\"https:\/\/youtu.be\/rZ2s81we7J4\"><em><strong>Sylwia Grzeszczak &#8211; Sen o przysz\u0142o\u015bci\u00a0<\/strong><\/em><\/a><\/p>\n<p style=\"text-align: center;\">\/<\/p>\n<p style=\"text-align: center;\"><a href=\"https:\/\/youtu.be\/fgpRTeKGl20\"><em><strong>Sylwia Grzeszczak &amp; Liber &#8211; Kiedy znajdziemy si\u0119 na zakr\u0119cie\u00a0<\/strong><\/em><\/a><\/p>\n","protected":false},"excerpt":{"rendered":"<p>Dyktat \/ za\u015blepionej nienawi\u015bci\u00a0 Jak mo\u017cna s\u0142ucha\u0107 Dyktatu nienawi\u015bci I czyni\u0107 To co orzeka Gdy w bezbronnych niewinnych uderza Z moj\u0105 \u017con\u0105 czy\u017c w\u0142a\u015bnie nie&hellip; <\/p>\n","protected":false},"author":1,"featured_media":0,"parent":0,"menu_order":0,"comment_status":"closed","ping_status":"closed","template":"","meta":{"footnotes":""},"class_list":["post-6382","page","type-page","status-publish","hentry"],"_links":{"self":[{"href":"https:\/\/hubertpietka.bialystok.pl\/index.php?rest_route=\/wp\/v2\/pages\/6382","targetHints":{"allow":["GET"]}}],"collection":[{"href":"https:\/\/hubertpietka.bialystok.pl\/index.php?rest_route=\/wp\/v2\/pages"}],"about":[{"href":"https:\/\/hubertpietka.bialystok.pl\/index.php?rest_route=\/wp\/v2\/types\/page"}],"author":[{"embeddable":true,"href":"https:\/\/hubertpietka.bialystok.pl\/index.php?rest_route=\/wp\/v2\/users\/1"}],"replies":[{"embeddable":true,"href":"https:\/\/hubertpietka.bialystok.pl\/index.php?rest_route=%2Fwp%2Fv2%2Fcomments&post=6382"}],"version-history":[{"count":1,"href":"https:\/\/hubertpietka.bialystok.pl\/index.php?rest_route=\/wp\/v2\/pages\/6382\/revisions"}],"predecessor-version":[{"id":6384,"href":"https:\/\/hubertpietka.bialystok.pl\/index.php?rest_route=\/wp\/v2\/pages\/6382\/revisions\/6384"}],"wp:attachment":[{"href":"https:\/\/hubertpietka.bialystok.pl\/index.php?rest_route=%2Fwp%2Fv2%2Fmedia&parent=6382"}],"curies":[{"name":"wp","href":"https:\/\/api.w.org\/{rel}","templated":true}]}}