{"id":6396,"date":"2022-11-07T00:23:20","date_gmt":"2022-11-07T00:23:20","guid":{"rendered":"http:\/\/hubertpietka.bialystok.pl\/?page_id=6396"},"modified":"2022-11-07T00:27:11","modified_gmt":"2022-11-07T00:27:11","slug":"bezwzgledna-wartosc-wzgledna","status":"publish","type":"page","link":"https:\/\/hubertpietka.bialystok.pl\/?page_id=6396","title":{"rendered":"Bezwzgl\u0119dna \/ warto\u015b\u0107 wzgl\u0119dna"},"content":{"rendered":"<p><em><strong>Bezwzgl\u0119dna \/ warto\u015b\u0107 wzgl\u0119dna<\/strong><\/em><\/p>\n<p>2 3 4 \u015brubki<br \/>\n2 3 4 fa\u0142szywe nutki<br \/>\n2 3 4 kotki<br \/>\n2 3 4 na Kurpiach kury<br \/>\n2 3 4 z\u0142ot\u00f3wki<br \/>\nKur znale\u017ali si\u0119 matematycy<br \/>\nTaka r\u00f3\u017cnica mnie nie zachwyca<br \/>\nCytuj\u0105c klasyka<\/p>\n<p>2 3 4 ocalone \u017cycia<br \/>\nCzy 234 zabitych<br \/>\nUmiej\u0105 liczy\u0107<br \/>\nW tym co im s\u0142u\u017cy<\/p>\n<p>2 3 4 podpady<br \/>\n\u017bycie ocali\u0107 czy zabi\u0107<\/p>\n<p>2 3 4 szyby nieumyte<br \/>\nBrudny samoch\u00f3d<br \/>\nA pr\u0119dko\u015b\u0107 123 na ekspres\u00f3wce<br \/>\nPrawid\u0142owa czy nie jak jest<br \/>\nZale\u017cy jaki masz licznik<\/p>\n<p><em>Dzi\u015b wspominany by\u0142 \u015bw. Leonard z *Li-moges*<\/em><br \/>\n<em> Jak *li* ty tak *mo\u017cesz*<\/em><br \/>\n<em> A mo\u017cesz<\/em><br \/>\n<em> Oni mog\u0105 wszystko<\/em><br \/>\n<em> To i ja troch\u0119 chyba<\/em><\/p>\n<p><em><a href=\"http:\/\/hubertpietka.bialystok.pl\/wp-content\/uploads\/2022\/11\/IMG_20221107_012626.jpg\"><img loading=\"lazy\" decoding=\"async\" class=\"alignnone size-thumbnail wp-image-6399\" src=\"http:\/\/hubertpietka.bialystok.pl\/wp-content\/uploads\/2022\/11\/IMG_20221107_012626-150x150.jpg\" alt=\"\" width=\"150\" height=\"150\" srcset=\"https:\/\/hubertpietka.bialystok.pl\/wp-content\/uploads\/2022\/11\/IMG_20221107_012626-150x150.jpg 150w, https:\/\/hubertpietka.bialystok.pl\/wp-content\/uploads\/2022\/11\/IMG_20221107_012626-75x75.jpg 75w\" sizes=\"auto, (max-width: 150px) 100vw, 150px\" \/><\/a><\/em><\/p>\n<p>Na zdj. *Kom-post*<br \/>\n*<em>Come post<\/em>*<br \/>\nMo\u017ce m\u00f3j angielski nie najlepszy<br \/>\nAle niech *przyjd\u0105 po*<br \/>\nNie nie oni bynajmniej<br \/>\nOni niech nie przychodz\u0105<br \/>\nI je\u015bli cokolwieczunio<\/p>\n<p><strong>A tak na koniec<\/strong><br \/>\n<strong> 2 3 4 minutki nauki<\/strong><br \/>\n<strong> 2 3 4 modlitwy<\/strong><br \/>\n<strong> 1 2 k\u0142amstewka \ud83d\ude42<\/strong><\/p>\n<p><a href=\"https:\/\/youtu.be\/aWQz6lrZ3Pw\"><em><strong>2+1 &#8211; I\u015b\u0107 w stron\u0119 s\u0142o\u0144ca\u00a0<\/strong><\/em><\/a><\/p>\n<p style=\"text-align: center;\"><em>or<\/em> | <em>also<\/em><\/p>\n<p style=\"text-align: right;\"><a href=\"https:\/\/youtu.be\/xA_I9OKv8Dw\"><em><strong>Kult &#8211; Psalm 151<\/strong><\/em><\/a><\/p>\n","protected":false},"excerpt":{"rendered":"<p>Bezwzgl\u0119dna \/ warto\u015b\u0107 wzgl\u0119dna 2 3 4 \u015brubki 2 3 4 fa\u0142szywe nutki 2 3 4 kotki 2 3 4 na Kurpiach kury 2 3&hellip; <\/p>\n","protected":false},"author":1,"featured_media":0,"parent":0,"menu_order":0,"comment_status":"closed","ping_status":"closed","template":"","meta":{"footnotes":""},"class_list":["post-6396","page","type-page","status-publish","hentry"],"_links":{"self":[{"href":"https:\/\/hubertpietka.bialystok.pl\/index.php?rest_route=\/wp\/v2\/pages\/6396","targetHints":{"allow":["GET"]}}],"collection":[{"href":"https:\/\/hubertpietka.bialystok.pl\/index.php?rest_route=\/wp\/v2\/pages"}],"about":[{"href":"https:\/\/hubertpietka.bialystok.pl\/index.php?rest_route=\/wp\/v2\/types\/page"}],"author":[{"embeddable":true,"href":"https:\/\/hubertpietka.bialystok.pl\/index.php?rest_route=\/wp\/v2\/users\/1"}],"replies":[{"embeddable":true,"href":"https:\/\/hubertpietka.bialystok.pl\/index.php?rest_route=%2Fwp%2Fv2%2Fcomments&post=6396"}],"version-history":[{"count":3,"href":"https:\/\/hubertpietka.bialystok.pl\/index.php?rest_route=\/wp\/v2\/pages\/6396\/revisions"}],"predecessor-version":[{"id":6401,"href":"https:\/\/hubertpietka.bialystok.pl\/index.php?rest_route=\/wp\/v2\/pages\/6396\/revisions\/6401"}],"wp:attachment":[{"href":"https:\/\/hubertpietka.bialystok.pl\/index.php?rest_route=%2Fwp%2Fv2%2Fmedia&parent=6396"}],"curies":[{"name":"wp","href":"https:\/\/api.w.org\/{rel}","templated":true}]}}