{"id":6425,"date":"2022-11-11T02:13:52","date_gmt":"2022-11-11T02:13:52","guid":{"rendered":"http:\/\/hubertpietka.bialystok.pl\/?page_id=6425"},"modified":"2022-11-11T02:13:52","modified_gmt":"2022-11-11T02:13:52","slug":"uderzac-falszywym-swiadectwem","status":"publish","type":"page","link":"https:\/\/hubertpietka.bialystok.pl\/?page_id=6425","title":{"rendered":"Uderza\u0107 \/ fa\u0142szywym \u015bwiadectwem"},"content":{"rendered":"<p><em><strong>Uderza\u0107 \/ fa\u0142szywym \u015bwiadectwem\u00a0<\/strong><\/em><\/p>\n<p><em>Wczoraj wspominany \u015bw. *A-ida*<\/em><br \/>\n<em> *A id\u0105*<\/em><br \/>\n<em> Spa\u0107 nie mog\u0119 *a id\u0105*<\/em><br \/>\n<em> Poruszenia serca *a id\u0105* wi\u0119c<\/em><br \/>\n<em> Nie trzeba wcale ich tu<\/em><\/p>\n<p>A na co to jeszcze<br \/>\nFa\u0142szywi \u015bwiadkowie pojawi\u0105 si\u0119 nagle<\/p>\n<p>Nie spa\u0142em z kobiet\u0105 nigdy<br \/>\nNa ten spos\u00f3b w\u0142a\u015bciwy<br \/>\nJestem tak zwanym prawiczkiem<br \/>\nTym bardziej brr z m\u0119\u017cczyzn\u0105 czy dzieckiem<br \/>\nNigdy te\u017c nie by\u0142em a\u017c tak zamroczony<br \/>\nBym nie wiedzia\u0142 co robi\u0119<br \/>\nNie nigdy mi si\u0119 nie urwa\u0142<br \/>\nTak zwany film jakby co<\/p>\n<p>To na co si\u0119 jeszcze<br \/>\nNagle pojawi\u0105<br \/>\nTak zwani \u015bwiadkowie fa\u0142szywi<\/p>\n<p><em>*A id\u0105*<\/em><br \/>\n<em> Dzisiaj ju\u017c \u015bw. Wiktorii<\/em><br \/>\n<em> Niech to ju\u017c b\u0119dzie<\/em><br \/>\n<em> Samo za si\u0119<\/em><br \/>\n<em> Nie trzeba ich tu<\/em><\/p>\n<p><em><a href=\"http:\/\/hubertpietka.bialystok.pl\/wp-content\/uploads\/2022\/11\/IMG_20221111_025633.jpg\"><img loading=\"lazy\" decoding=\"async\" class=\"alignnone size-thumbnail wp-image-6426\" src=\"http:\/\/hubertpietka.bialystok.pl\/wp-content\/uploads\/2022\/11\/IMG_20221111_025633-150x150.jpg\" alt=\"\" width=\"150\" height=\"150\" srcset=\"https:\/\/hubertpietka.bialystok.pl\/wp-content\/uploads\/2022\/11\/IMG_20221111_025633-150x150.jpg 150w, https:\/\/hubertpietka.bialystok.pl\/wp-content\/uploads\/2022\/11\/IMG_20221111_025633-75x75.jpg 75w\" sizes=\"auto, (max-width: 150px) 100vw, 150px\" \/><\/a><\/em><\/p>\n<p><strong>Na zdj. W sanktuarium Bo\u017cego Cia\u0142a sok\u00f3lskim<\/strong><br \/>\n<strong> \u015aw. Jan Pawe\u0142 II i Maryja<\/strong><br \/>\n<strong> Ja si\u0119 wcale nie chwal\u0119<\/strong><br \/>\n<strong> To Boga nie moja zas\u0142uga<\/strong><\/p>\n<p><strong>A mo\u017ce zaraz si\u0119 oka\u017ce<\/strong><br \/>\n<strong> \u017be dziecko mia\u0142 \u015bw. II Jan Pawe\u0142<\/strong><br \/>\n<strong> Albo co tam jeszcze<\/strong><br \/>\n<strong> Kreacjonizm zapewne ma du\u017ce mo\u017cliwo\u015bci<\/strong><br \/>\n<strong> Szczeg\u00f3lnie ten fa\u0142szywy<\/strong><\/p>\n<p><strong>Ave Maryja<\/strong><br \/>\n<strong> Ty znasz mnie i moje<\/strong><\/p>\n<p><strong>I je\u015bli cokolwieczunio<\/strong><\/p>\n<p><strong>I czego to tam jeszcze<\/strong><br \/>\n<strong>Ja nie wiem<\/strong><br \/>\n<strong>Wcale nie musz\u0119<\/strong><br \/>\n<strong>Wszystko wiedzie\u0107<\/strong><\/p>\n","protected":false},"excerpt":{"rendered":"<p>Uderza\u0107 \/ fa\u0142szywym \u015bwiadectwem\u00a0 Wczoraj wspominany \u015bw. *A-ida* *A id\u0105* Spa\u0107 nie mog\u0119 *a id\u0105* Poruszenia serca *a id\u0105* wi\u0119c Nie trzeba wcale ich tu&hellip; <\/p>\n","protected":false},"author":1,"featured_media":0,"parent":0,"menu_order":0,"comment_status":"closed","ping_status":"closed","template":"","meta":{"footnotes":""},"class_list":["post-6425","page","type-page","status-publish","hentry"],"_links":{"self":[{"href":"https:\/\/hubertpietka.bialystok.pl\/index.php?rest_route=\/wp\/v2\/pages\/6425","targetHints":{"allow":["GET"]}}],"collection":[{"href":"https:\/\/hubertpietka.bialystok.pl\/index.php?rest_route=\/wp\/v2\/pages"}],"about":[{"href":"https:\/\/hubertpietka.bialystok.pl\/index.php?rest_route=\/wp\/v2\/types\/page"}],"author":[{"embeddable":true,"href":"https:\/\/hubertpietka.bialystok.pl\/index.php?rest_route=\/wp\/v2\/users\/1"}],"replies":[{"embeddable":true,"href":"https:\/\/hubertpietka.bialystok.pl\/index.php?rest_route=%2Fwp%2Fv2%2Fcomments&post=6425"}],"version-history":[{"count":1,"href":"https:\/\/hubertpietka.bialystok.pl\/index.php?rest_route=\/wp\/v2\/pages\/6425\/revisions"}],"predecessor-version":[{"id":6427,"href":"https:\/\/hubertpietka.bialystok.pl\/index.php?rest_route=\/wp\/v2\/pages\/6425\/revisions\/6427"}],"wp:attachment":[{"href":"https:\/\/hubertpietka.bialystok.pl\/index.php?rest_route=%2Fwp%2Fv2%2Fmedia&parent=6425"}],"curies":[{"name":"wp","href":"https:\/\/api.w.org\/{rel}","templated":true}]}}