{"id":6437,"date":"2022-11-13T00:03:13","date_gmt":"2022-11-13T00:03:13","guid":{"rendered":"http:\/\/hubertpietka.bialystok.pl\/?page_id=6437"},"modified":"2022-11-13T00:03:13","modified_gmt":"2022-11-13T00:03:13","slug":"skaza-na-niej","status":"publish","type":"page","link":"https:\/\/hubertpietka.bialystok.pl\/?page_id=6437","title":{"rendered":"*Skaza-na* \/ niej"},"content":{"rendered":"<p><em><strong>*Skaza-na* \/ niej\u00a0<\/strong><\/em><\/p>\n<p>Nawet je\u015bli czasem ona<br \/>\nW rozumieniu niekt\u00f3rych<br \/>\nStrzela sobie przys\u0142owiowo w kolano<br \/>\n(Komu\u017c to si\u0119 nie zdarza)<\/p>\n<p>To ja mam wra\u017cenie<br \/>\n\u017be niekt\u00f3rzy niejako si\u0119 trudni\u0105<br \/>\nW wyszukiwaniu skaz na niej<br \/>\n(Na mnie bliskich itd)<\/p>\n<p>Jakby sami byli bez \u017cadnej<br \/>\nNajmniejszej skazy<\/p>\n<p>Sami pope\u0142niaj\u0105 sto razy gorsze<br \/>\nZapewne rzeczy<br \/>\nAle ach przecie\u017c nie w tym temacie<\/p>\n<p><a href=\"http:\/\/hubertpietka.bialystok.pl\/wp-content\/uploads\/2022\/11\/IMG_20221113_005847.jpg\"><img loading=\"lazy\" decoding=\"async\" class=\"alignnone size-thumbnail wp-image-6438\" src=\"http:\/\/hubertpietka.bialystok.pl\/wp-content\/uploads\/2022\/11\/IMG_20221113_005847-150x150.jpg\" alt=\"\" width=\"150\" height=\"150\" srcset=\"https:\/\/hubertpietka.bialystok.pl\/wp-content\/uploads\/2022\/11\/IMG_20221113_005847-150x150.jpg 150w, https:\/\/hubertpietka.bialystok.pl\/wp-content\/uploads\/2022\/11\/IMG_20221113_005847-75x75.jpg 75w\" sizes=\"auto, (max-width: 150px) 100vw, 150px\" \/><\/a><\/p>\n<p><em>Na zdj. Ciasteczka dla pewnego jegomo\u015bcia<\/em><br \/>\n<em> Zrobione przez \u017con\u0119<\/em><br \/>\n<em> Z niema\u0142ym po\u015bwi\u0119ceniem i trudem<\/em><br \/>\n<em> Kt\u00f3\u017c tak umie si\u0119 po\u015bwi\u0119ca\u0107 jak ona<\/em><br \/>\n<em> Skoro zauwa\u017caj\u0105 ma\u0142e skazy<\/em><br \/>\n<em> To niech i plusy zauwa\u017c\u0105<\/em><br \/>\n<em> (Nawiasem m\u00f3wi\u0105c<\/em><br \/>\n<em> Na kt\u00f3re sta\u0107 niewielu)<\/em><br \/>\n<em> Wtedy bilans na pewno b\u0119dzie<\/em><br \/>\n<em> Inny i korzystny<\/em><br \/>\n<em> Bynajmniej nie dla nich<\/em><\/p>\n<p><em>Ale to przecie\u017c<\/em><br \/>\n<em> W gruncie rzeczy o to tu chodzi<\/em><br \/>\n<em> By mi tak czy inaczej<\/em><br \/>\n<em> Ale jednak zaszkodzi\u0107<\/em><br \/>\n<em> Ach nie mo\u017ce<\/em><br \/>\n<em> To dlaczego uderza si\u0119<\/em><br \/>\n<em> We wszystko co mi s\u0142u\u017cy<\/em><br \/>\n<em> Lub s\u0142u\u017cy\u0107 mo\u017ce<\/em><br \/>\n<em> I bynajmniej nie w aspekcie<\/em><br \/>\n<em> Siebie wywy\u017cszania<\/em><\/p>\n<p><em>Ale przecie\u017c o Panie<\/em><br \/>\n<em> Skaza na niej<\/em><\/p>\n<p><strong>Jutro Matki Bo\u017cej Fatimskiej<\/strong><br \/>\n<strong> Nie <em>stricte<\/em> ale trzynasty<\/strong><br \/>\n<strong> I w niej zapewne znajd\u0105 r\u00f3\u017cne skazy<\/strong><br \/>\n<strong> Ci kt\u00f3rzy si\u0119 w tym niejako wyspecjalizowali<\/strong><br \/>\n<strong> Mimo \u017ce ona Niepokalana<\/strong><\/p>\n","protected":false},"excerpt":{"rendered":"<p>*Skaza-na* \/ niej\u00a0 Nawet je\u015bli czasem ona W rozumieniu niekt\u00f3rych Strzela sobie przys\u0142owiowo w kolano (Komu\u017c to si\u0119 nie zdarza) To ja mam wra\u017cenie \u017be&hellip; <\/p>\n","protected":false},"author":1,"featured_media":0,"parent":0,"menu_order":0,"comment_status":"closed","ping_status":"closed","template":"","meta":{"footnotes":""},"class_list":["post-6437","page","type-page","status-publish","hentry"],"_links":{"self":[{"href":"https:\/\/hubertpietka.bialystok.pl\/index.php?rest_route=\/wp\/v2\/pages\/6437","targetHints":{"allow":["GET"]}}],"collection":[{"href":"https:\/\/hubertpietka.bialystok.pl\/index.php?rest_route=\/wp\/v2\/pages"}],"about":[{"href":"https:\/\/hubertpietka.bialystok.pl\/index.php?rest_route=\/wp\/v2\/types\/page"}],"author":[{"embeddable":true,"href":"https:\/\/hubertpietka.bialystok.pl\/index.php?rest_route=\/wp\/v2\/users\/1"}],"replies":[{"embeddable":true,"href":"https:\/\/hubertpietka.bialystok.pl\/index.php?rest_route=%2Fwp%2Fv2%2Fcomments&post=6437"}],"version-history":[{"count":1,"href":"https:\/\/hubertpietka.bialystok.pl\/index.php?rest_route=\/wp\/v2\/pages\/6437\/revisions"}],"predecessor-version":[{"id":6439,"href":"https:\/\/hubertpietka.bialystok.pl\/index.php?rest_route=\/wp\/v2\/pages\/6437\/revisions\/6439"}],"wp:attachment":[{"href":"https:\/\/hubertpietka.bialystok.pl\/index.php?rest_route=%2Fwp%2Fv2%2Fmedia&parent=6437"}],"curies":[{"name":"wp","href":"https:\/\/api.w.org\/{rel}","templated":true}]}}