{"id":6442,"date":"2022-11-13T09:32:45","date_gmt":"2022-11-13T09:32:45","guid":{"rendered":"http:\/\/hubertpietka.bialystok.pl\/?page_id=6442"},"modified":"2022-11-13T09:32:45","modified_gmt":"2022-11-13T09:32:45","slug":"tropia-ciele-psy-goncze-bynajmniej-niepasterskie","status":"publish","type":"page","link":"https:\/\/hubertpietka.bialystok.pl\/?page_id=6442","title":{"rendered":"*Tropi(\u0105)-ciele* \/ psy go\u0144cze bynajmniej niepasterskie"},"content":{"rendered":"<p><em><strong>*Tropi(\u0105)-ciele* \/ psy go\u0144cze bynajmniej niepasterskie\u00a0<\/strong><\/em><\/p>\n<p>Kiedy rolnikowi ucieknie<br \/>\nCzy ja\u0142\u00f3wka czy byczek<br \/>\nStaje si\u0119 kowbojem<br \/>\nW obronie \u017cywiny swojej<br \/>\nA oni to chyba *tropi-ciele*<br \/>\nKiedy wymyka im si\u0119<br \/>\nZ r\u0105k jaka\u015b ofiara<br \/>\nDu\u017ca czy ma\u0142a<\/p>\n<p>Broni\u0107 s\u0142abszego przed silnymi<br \/>\nCzy mo\u017ce pozwoli\u0107 pogn\u0119bi\u0107<\/p>\n<p>I we wszystkim pewnie<br \/>\nMo\u017cna doszuka\u0107 si\u0119 nie\u015bwiadomo\u015bci<br \/>\nKiedy ma si\u0119 tak\u0105 tendencj\u0119<br \/>\nSic nawet we \u015bnie<\/p>\n<p>Dzi\u015b i wczoraj b\u0142. i\/a \u015bw. *Jo-za-fata&#8221;<br \/>\n*<em>Your<\/em> zoo fatum*<br \/>\nNad twoim zoo fatum<br \/>\nTak nad nim nad nami naszymi naszym<br \/>\nFatum kt\u00f3re oni chc\u0105 tworzy\u0107<\/p>\n<p>I je\u015bli cokolwiek cokolwieczunio<br \/>\nPrzyjd\u017a a oni nie<\/p>\n<p><a href=\"http:\/\/hubertpietka.bialystok.pl\/wp-content\/uploads\/2022\/11\/IMG-20221113-WA0000.jpg\"><img loading=\"lazy\" decoding=\"async\" class=\"alignnone size-thumbnail wp-image-6443\" src=\"http:\/\/hubertpietka.bialystok.pl\/wp-content\/uploads\/2022\/11\/IMG-20221113-WA0000-150x150.jpg\" alt=\"\" width=\"150\" height=\"150\" srcset=\"https:\/\/hubertpietka.bialystok.pl\/wp-content\/uploads\/2022\/11\/IMG-20221113-WA0000-150x150.jpg 150w, https:\/\/hubertpietka.bialystok.pl\/wp-content\/uploads\/2022\/11\/IMG-20221113-WA0000-75x75.jpg 75w\" sizes=\"auto, (max-width: 150px) 100vw, 150px\" \/><\/a><\/p>\n<p><strong>Na zdj. Nasze zwierz\u0105tka<\/strong><br \/>\n<strong> To prawda<\/strong><br \/>\n<strong> Maj\u0105 swoje niedomagania<\/strong><br \/>\n<strong> Jak ka\u017cdy<\/strong><br \/>\n<strong> Ale \u017ce si\u0119 tak wyra\u017c\u0119<\/strong><br \/>\n<strong> Jak ma si\u0119 specjalne \u015brodki<\/strong><br \/>\n<strong> To mo\u017cna <em>wyprodukowa\u0107<\/em> efekt ka\u017cdy<\/strong><\/p>\n","protected":false},"excerpt":{"rendered":"<p>*Tropi(\u0105)-ciele* \/ psy go\u0144cze bynajmniej niepasterskie\u00a0 Kiedy rolnikowi ucieknie Czy ja\u0142\u00f3wka czy byczek Staje si\u0119 kowbojem W obronie \u017cywiny swojej A oni to chyba *tropi-ciele*&hellip; <\/p>\n","protected":false},"author":1,"featured_media":0,"parent":0,"menu_order":0,"comment_status":"closed","ping_status":"closed","template":"","meta":{"footnotes":""},"class_list":["post-6442","page","type-page","status-publish","hentry"],"_links":{"self":[{"href":"https:\/\/hubertpietka.bialystok.pl\/index.php?rest_route=\/wp\/v2\/pages\/6442","targetHints":{"allow":["GET"]}}],"collection":[{"href":"https:\/\/hubertpietka.bialystok.pl\/index.php?rest_route=\/wp\/v2\/pages"}],"about":[{"href":"https:\/\/hubertpietka.bialystok.pl\/index.php?rest_route=\/wp\/v2\/types\/page"}],"author":[{"embeddable":true,"href":"https:\/\/hubertpietka.bialystok.pl\/index.php?rest_route=\/wp\/v2\/users\/1"}],"replies":[{"embeddable":true,"href":"https:\/\/hubertpietka.bialystok.pl\/index.php?rest_route=%2Fwp%2Fv2%2Fcomments&post=6442"}],"version-history":[{"count":1,"href":"https:\/\/hubertpietka.bialystok.pl\/index.php?rest_route=\/wp\/v2\/pages\/6442\/revisions"}],"predecessor-version":[{"id":6444,"href":"https:\/\/hubertpietka.bialystok.pl\/index.php?rest_route=\/wp\/v2\/pages\/6442\/revisions\/6444"}],"wp:attachment":[{"href":"https:\/\/hubertpietka.bialystok.pl\/index.php?rest_route=%2Fwp%2Fv2%2Fmedia&parent=6442"}],"curies":[{"name":"wp","href":"https:\/\/api.w.org\/{rel}","templated":true}]}}