{"id":6449,"date":"2022-11-15T12:07:02","date_gmt":"2022-11-15T12:07:02","guid":{"rendered":"http:\/\/hubertpietka.bialystok.pl\/?page_id=6449"},"modified":"2022-11-15T12:07:02","modified_gmt":"2022-11-15T12:07:02","slug":"stawanie-w-prawdzie","status":"publish","type":"page","link":"https:\/\/hubertpietka.bialystok.pl\/?page_id=6449","title":{"rendered":"Stawanie \/ w prawdzie"},"content":{"rendered":"<p><em><strong>Stawanie<\/strong><\/em> \/ w prawdzie<\/p>\n<p><em>Tiu\u00a0tiu tiu<\/em><br \/>\nCzy\u017c tylko \u017cycie nasze<br \/>\nPolega\u0107 by mia\u0142o na tiutuaniu<br \/>\nA na nas dla nas wobec nas<br \/>\nTo ju\u017c wszystko mo\u017cna<\/p>\n<p>Nie jestem jeste\u015bmy monumentem<br \/>\nI Bogu dzi\u0119ki<br \/>\nBo my niestety wolimy<br \/>\nBy\u0107 z krwii i ko\u015bci lud\u017ami po prostu<br \/>\nNo c\u00f3\u017c a wy przecie\u017c lubicie zapewne monumenty<\/p>\n<p>Dzi\u0119kuj\u0119 Bogu za nasze s\u0142abo\u015bci<br \/>\nBez nich byliby\u015bmy pomnikami pychy<br \/>\nA jacy by\u0107 powinni\u015bmy<br \/>\nA tak czy inaczej na pewno nie tacy<br \/>\nA dla misi\u00f3w zapewne najch\u0119tniej martwi<\/p>\n<p>I co\u015b jeszcze<br \/>\nCzy Jezus tiutia\u0142 tylko<br \/>\nNie stara\u0142 si\u0119 obra\u017ca\u0107 faryzeuszy<br \/>\nLepiej jest stawa\u0107 w prawdzie<br \/>\nNi\u017c budowa\u0107 <em>grobowce pobielane\u00a0<\/em><\/p>\n<p><a href=\"http:\/\/hubertpietka.bialystok.pl\/wp-content\/uploads\/2022\/11\/IMG_20221115_130235.jpg\"><img loading=\"lazy\" decoding=\"async\" class=\"alignnone size-thumbnail wp-image-6450\" src=\"http:\/\/hubertpietka.bialystok.pl\/wp-content\/uploads\/2022\/11\/IMG_20221115_130235-150x150.jpg\" alt=\"\" width=\"150\" height=\"150\" srcset=\"https:\/\/hubertpietka.bialystok.pl\/wp-content\/uploads\/2022\/11\/IMG_20221115_130235-150x150.jpg 150w, https:\/\/hubertpietka.bialystok.pl\/wp-content\/uploads\/2022\/11\/IMG_20221115_130235-75x75.jpg 75w\" sizes=\"auto, (max-width: 150px) 100vw, 150px\" \/><\/a><\/p>\n<p><strong>Na zdj. Domek i narodowa flaga<br \/>\nZ okazji 11 listopada<br \/>\nFlaga \u0142opocze na wietrze godnie<br \/>\nA niekt\u00f3rzy s\u0105 jak na wietrze tasiemki<br \/>\nNa kszta\u0142t w\u0119\u017ca w r\u00f3\u017cne strony si\u0119 kr\u0119c\u0105<\/strong><\/p>\n<p>Dzi\u015b wspominany \u015bw. *Al-bert*<br \/>\n*<em>All<\/em> &#8211; Bert* to jeszcze ode mnie nie wszystko jednak<br \/>\nWszystko w swoim czasie<br \/>\nNiech nie przychodz\u0105<br \/>\nI je\u015bli cokolwiek cokolwieczuniek<\/p>\n","protected":false},"excerpt":{"rendered":"<p>Stawanie \/ w prawdzie Tiu\u00a0tiu tiu Czy\u017c tylko \u017cycie nasze Polega\u0107 by mia\u0142o na tiutuaniu A na nas dla nas wobec nas To ju\u017c wszystko&hellip; <\/p>\n","protected":false},"author":1,"featured_media":0,"parent":0,"menu_order":0,"comment_status":"closed","ping_status":"closed","template":"","meta":{"footnotes":""},"class_list":["post-6449","page","type-page","status-publish","hentry"],"_links":{"self":[{"href":"https:\/\/hubertpietka.bialystok.pl\/index.php?rest_route=\/wp\/v2\/pages\/6449","targetHints":{"allow":["GET"]}}],"collection":[{"href":"https:\/\/hubertpietka.bialystok.pl\/index.php?rest_route=\/wp\/v2\/pages"}],"about":[{"href":"https:\/\/hubertpietka.bialystok.pl\/index.php?rest_route=\/wp\/v2\/types\/page"}],"author":[{"embeddable":true,"href":"https:\/\/hubertpietka.bialystok.pl\/index.php?rest_route=\/wp\/v2\/users\/1"}],"replies":[{"embeddable":true,"href":"https:\/\/hubertpietka.bialystok.pl\/index.php?rest_route=%2Fwp%2Fv2%2Fcomments&post=6449"}],"version-history":[{"count":1,"href":"https:\/\/hubertpietka.bialystok.pl\/index.php?rest_route=\/wp\/v2\/pages\/6449\/revisions"}],"predecessor-version":[{"id":6451,"href":"https:\/\/hubertpietka.bialystok.pl\/index.php?rest_route=\/wp\/v2\/pages\/6449\/revisions\/6451"}],"wp:attachment":[{"href":"https:\/\/hubertpietka.bialystok.pl\/index.php?rest_route=%2Fwp%2Fv2%2Fmedia&parent=6449"}],"curies":[{"name":"wp","href":"https:\/\/api.w.org\/{rel}","templated":true}]}}