{"id":645,"date":"2017-07-14T11:24:11","date_gmt":"2017-07-14T11:24:11","guid":{"rendered":"http:\/\/hubertpietka.bialystok.pl\/?page_id=645"},"modified":"2017-07-14T13:20:38","modified_gmt":"2017-07-14T13:20:38","slug":"kropka-nad-i-poemat-o-ypsylonie","status":"publish","type":"page","link":"https:\/\/hubertpietka.bialystok.pl\/?page_id=645","title":{"rendered":"Kropka nad i \/Poemat o Ypsylonie\/"},"content":{"rendered":"<p style=\"text-align: right;\"><em>\u201eYpsylon to wielki cz\u0142owieczek!\u201d<\/em><\/p>\n<p style=\"text-align: right;\"><em>\/S. J. Lec\/<\/em><\/p>\n<p>&nbsp;<\/p>\n<p>odejd\u017acie ju\u017c zamilknijcie<\/p>\n<p>po raz trzeci ostatni m\u00f3wi\u0119<\/p>\n<p>&#8211; zamilknijcie<\/p>\n<p>&nbsp;<\/p>\n<p style=\"text-align: center;\">\/oby si\u0119 nie okaza\u0142o<\/p>\n<p style=\"text-align: center;\">\u017ce z Bogiem walczycie\/<\/p>\n<p>&nbsp;<\/p>\n<p>ja c\u00f3\u017c p\u0142\u00f3d poroniony<\/p>\n<p>ale to B\u00f3g wyznaczy\u0142 mi cel<\/p>\n<p>&#8211; abym pod\u0105\u017ca\u0142 w t\u0119 stron\u0119<\/p>\n<p>&nbsp;<\/p>\n<p style=\"text-align: center;\">\/dla czystych wszystko jest czyste<\/p>\n<p style=\"text-align: center;\">nieczysto\u015b\u0107 pochodzi z serc nieczystych\/<\/p>\n<p>&nbsp;<\/p>\n<p>je\u015bli opowiadasz si\u0119 za prze\u015bladowc\u0105<\/p>\n<p>a nie za ofiar\u0105<\/p>\n<p>nie unikniesz swej kary<\/p>\n<p>&nbsp;<\/p>\n<p style=\"text-align: center;\">\/nie jest to czynem mi\u0142osierdzia<\/p>\n<p style=\"text-align: center;\">lecz b\u0142\u0119dem rozumowania\/<\/p>\n<p>&nbsp;<\/p>\n<p style=\"text-align: right;\"><strong>sam wybierasz<\/strong><\/p>\n<p style=\"text-align: right;\"><strong>po kt\u00f3rej stronie stajesz<\/strong><\/p>\n<p style=\"text-align: right;\"><strong>Boga czy \u015bwiata<\/strong><\/p>\n<p style=\"text-align: right;\"><strong>ofiary czy kata<\/strong><\/p>\n<p>&nbsp;<\/p>\n<p>ja nic wi\u0119cej do powiedzenia<\/p>\n<p>nie mam<\/p>\n<p>tu ko\u0144czy si\u0119 ten poemat<\/p>\n<p>&nbsp;<\/p>\n<p style=\"text-align: center;\">\/kropk\u0119 nad i stawiam<\/p>\n<p style=\"text-align: center;\">nic wi\u0119cej nie dopowiadam\/<\/p>\n<p>&nbsp;<\/p>\n<p><a href=\"https:\/\/www.youtube.com\/watch?v=MCVxe5vA2i8&amp;spfreload=1\">T.Love &#8211; Poeci umieraj\u0105<\/a><\/p>\n<p><a href=\"https:\/\/www.youtube.com\/watch?v=CriAq1n1dGo\">M. Grechuta &#8211; Korow\u00f3d<\/a><\/p>\n<p><a href=\"https:\/\/www.youtube.com\/watch?v=kOzQ7yR7w74\">M. Grechuta &#8211; Dni, kt\u00f3rych nie znamy<\/a><\/p>\n<p><a href=\"https:\/\/www.youtube.com\/watch?v=Kxm680KrkOE\">M. Ga\u0142\u0105zka &#8211; \u017bycie to nie teatr<\/a><\/p>\n<p><a href=\"https:\/\/www.youtube.com\/watch?v=z8C-lypKZ30\">SDM &#8211; Opad\u0142y mg\u0142y, wstaje nowy dzie\u0144<\/a><\/p>\n<p style=\"text-align: right;\">Bia\u0142ystok, 14.07.2017 r.<\/p>\n","protected":false},"excerpt":{"rendered":"<p>\u201eYpsylon to wielki cz\u0142owieczek!\u201d \/S. J. Lec\/ &nbsp; odejd\u017acie ju\u017c zamilknijcie po raz trzeci ostatni m\u00f3wi\u0119 &#8211; zamilknijcie &nbsp; \/oby si\u0119 nie okaza\u0142o \u017ce z&hellip; <\/p>\n","protected":false},"author":1,"featured_media":0,"parent":0,"menu_order":0,"comment_status":"closed","ping_status":"closed","template":"","meta":{"footnotes":""},"class_list":["post-645","page","type-page","status-publish","hentry"],"_links":{"self":[{"href":"https:\/\/hubertpietka.bialystok.pl\/index.php?rest_route=\/wp\/v2\/pages\/645","targetHints":{"allow":["GET"]}}],"collection":[{"href":"https:\/\/hubertpietka.bialystok.pl\/index.php?rest_route=\/wp\/v2\/pages"}],"about":[{"href":"https:\/\/hubertpietka.bialystok.pl\/index.php?rest_route=\/wp\/v2\/types\/page"}],"author":[{"embeddable":true,"href":"https:\/\/hubertpietka.bialystok.pl\/index.php?rest_route=\/wp\/v2\/users\/1"}],"replies":[{"embeddable":true,"href":"https:\/\/hubertpietka.bialystok.pl\/index.php?rest_route=%2Fwp%2Fv2%2Fcomments&post=645"}],"version-history":[{"count":6,"href":"https:\/\/hubertpietka.bialystok.pl\/index.php?rest_route=\/wp\/v2\/pages\/645\/revisions"}],"predecessor-version":[{"id":670,"href":"https:\/\/hubertpietka.bialystok.pl\/index.php?rest_route=\/wp\/v2\/pages\/645\/revisions\/670"}],"wp:attachment":[{"href":"https:\/\/hubertpietka.bialystok.pl\/index.php?rest_route=%2Fwp%2Fv2%2Fmedia&parent=645"}],"curies":[{"name":"wp","href":"https:\/\/api.w.org\/{rel}","templated":true}]}}