{"id":6474,"date":"2022-11-19T10:03:20","date_gmt":"2022-11-19T10:03:20","guid":{"rendered":"http:\/\/hubertpietka.bialystok.pl\/?page_id=6474"},"modified":"2022-11-19T10:03:20","modified_gmt":"2022-11-19T10:03:20","slug":"naprzeciw-falom","status":"publish","type":"page","link":"https:\/\/hubertpietka.bialystok.pl\/?page_id=6474","title":{"rendered":"Naprzeciw \/ falom"},"content":{"rendered":"<p><em><strong>Naprzeciw \/ falom\u00a0<\/strong><\/em><\/p>\n<p>Ach nie maj\u0105 zrozumienia<br \/>\nDla nas naszych<br \/>\nSytuacja przypomina boksera wagi ci\u0119\u017ckiej<br \/>\nPunktuj\u0105cego bezlito\u015bnie tego z pi\u00f3rkowej<br \/>\nA sk\u0105d na jednym ringu razem oni<\/p>\n<p>Psy szczekaj\u0105 kiedy musz\u0105<br \/>\nA ludzie inaczej czasem<br \/>\nUjadaj\u0105 bezlito\u015bnie w k\u00f3\u0142ko<br \/>\nA czy sami cho\u0107 palcem<br \/>\nPodobny ci\u0119\u017car rusz\u0105<\/p>\n<p><em>Dzi\u015b wspomnienie b\u0142. *Salo-my*<\/em><br \/>\n<em> Celowo odmieniam b\u0142\u0119dnie<\/em><br \/>\n<em> \u017beby nie by\u0142o \u017ce to<\/em><br \/>\n<em> *Salom* pok\u00f3j to *my*<\/em><br \/>\n<em> I je\u015bli cokolwieczuniek<\/em><\/p>\n<p><em><a href=\"http:\/\/hubertpietka.bialystok.pl\/wp-content\/uploads\/2022\/11\/IMG_20221119_104611.jpg\"><img loading=\"lazy\" decoding=\"async\" class=\"alignnone size-thumbnail wp-image-6475\" src=\"http:\/\/hubertpietka.bialystok.pl\/wp-content\/uploads\/2022\/11\/IMG_20221119_104611-150x150.jpg\" alt=\"\" width=\"150\" height=\"150\" srcset=\"https:\/\/hubertpietka.bialystok.pl\/wp-content\/uploads\/2022\/11\/IMG_20221119_104611-150x150.jpg 150w, https:\/\/hubertpietka.bialystok.pl\/wp-content\/uploads\/2022\/11\/IMG_20221119_104611-75x75.jpg 75w\" sizes=\"auto, (max-width: 150px) 100vw, 150px\" \/><\/a><\/em><\/p>\n<p><strong>Na zdj. Wybrze\u017ce powstrzymuj\u0105ce morze<\/strong><br \/>\n<strong> Obraz w pewnym domu<\/strong><br \/>\n<strong> Nie wiem czyjego autorstwa<\/strong><br \/>\n<strong> Wybrze\u017ce przypomina psa<\/strong><br \/>\n<strong> Jak si\u0119 patrzy odpowiednio na ten obraz<\/strong><br \/>\n<strong> Psa kt\u00f3ry powstrzymuje morza fale<\/strong><br \/>\n<strong> A je\u015bli ten kundel pogardzany<\/strong><br \/>\n<strong> Powstrzymuje fale gorsze ni\u017c tsunami<\/strong><br \/>\n<strong> \u017beby tego \u015bwiata nie zala\u0142y<\/strong><br \/>\n<strong> To co wtedy gdy go ju\u017c nie b\u0119dzie<\/strong><br \/>\n<strong> A powstrzymuje je on<\/strong><br \/>\n<strong> Jak ten pies na obrazie<\/strong><br \/>\n<strong> Ca\u0142ym swoim cia\u0142em<\/strong><br \/>\n<strong> \u017be ju\u017c nawet nie wspomn\u0119<\/strong><br \/>\n<strong> O reakcji tasiemcowej potem<\/strong><br \/>\n<strong> Od tych bli\u017cej po tych dalej najdalej<\/strong><br \/>\n<strong> Je\u015bli po nim<\/strong><\/p>\n<p><a href=\"https:\/\/youtu.be\/TgdF5mw9ea8\"><em><strong>Wybrze\u017ca pe\u0142ne ciszy &#8211; Mi\u0142o\u015b\u0107 mi wszystko wyja\u015bni\u0142a\u00a0<\/strong><\/em><\/a><\/p>\n<p style=\"text-align: center;\">\/<\/p>\n<p style=\"text-align: right;\"><a href=\"https:\/\/youtu.be\/AN8UfCArRP8\"><em><strong>Marek Dyjak &#8211; Na wzg\u00f3rzu rozpaczy\u00a0<\/strong><\/em><\/a><\/p>\n","protected":false},"excerpt":{"rendered":"<p>Naprzeciw \/ falom\u00a0 Ach nie maj\u0105 zrozumienia Dla nas naszych Sytuacja przypomina boksera wagi ci\u0119\u017ckiej Punktuj\u0105cego bezlito\u015bnie tego z pi\u00f3rkowej A sk\u0105d na jednym ringu&hellip; <\/p>\n","protected":false},"author":1,"featured_media":0,"parent":0,"menu_order":0,"comment_status":"closed","ping_status":"closed","template":"","meta":{"footnotes":""},"class_list":["post-6474","page","type-page","status-publish","hentry"],"_links":{"self":[{"href":"https:\/\/hubertpietka.bialystok.pl\/index.php?rest_route=\/wp\/v2\/pages\/6474","targetHints":{"allow":["GET"]}}],"collection":[{"href":"https:\/\/hubertpietka.bialystok.pl\/index.php?rest_route=\/wp\/v2\/pages"}],"about":[{"href":"https:\/\/hubertpietka.bialystok.pl\/index.php?rest_route=\/wp\/v2\/types\/page"}],"author":[{"embeddable":true,"href":"https:\/\/hubertpietka.bialystok.pl\/index.php?rest_route=\/wp\/v2\/users\/1"}],"replies":[{"embeddable":true,"href":"https:\/\/hubertpietka.bialystok.pl\/index.php?rest_route=%2Fwp%2Fv2%2Fcomments&post=6474"}],"version-history":[{"count":1,"href":"https:\/\/hubertpietka.bialystok.pl\/index.php?rest_route=\/wp\/v2\/pages\/6474\/revisions"}],"predecessor-version":[{"id":6476,"href":"https:\/\/hubertpietka.bialystok.pl\/index.php?rest_route=\/wp\/v2\/pages\/6474\/revisions\/6476"}],"wp:attachment":[{"href":"https:\/\/hubertpietka.bialystok.pl\/index.php?rest_route=%2Fwp%2Fv2%2Fmedia&parent=6474"}],"curies":[{"name":"wp","href":"https:\/\/api.w.org\/{rel}","templated":true}]}}