{"id":6494,"date":"2022-11-23T00:34:07","date_gmt":"2022-11-23T00:34:07","guid":{"rendered":"http:\/\/hubertpietka.bialystok.pl\/?page_id=6494"},"modified":"2022-11-23T00:34:07","modified_gmt":"2022-11-23T00:34:07","slug":"co-jest-tu","status":"publish","type":"page","link":"https:\/\/hubertpietka.bialystok.pl\/?page_id=6494","title":{"rendered":"Co \/ jest tu?"},"content":{"rendered":"<p><em><strong>Co \/ jest tu?<\/strong><\/em><\/p>\n<p>Jest wyrok czy nie<br \/>\nMniejsza o to \u017ce niesprawiedliwy<br \/>\nJest czy nie<\/p>\n<p>A zapomnia\u0142em<br \/>\n<em>Pok\u00f3j i bezpiecze\u0144stwo<\/em> przecie\u017c<br \/>\nJakby kto\u015b nie wiedzia\u0142<\/p>\n<p>Poniewa\u017c nie mam prawa zbytnio<br \/>\nAby si\u0119 broni\u0107<br \/>\nTo jestem szalony<br \/>\nMartwy mo\u017ce bym by\u0142 zdrowy<br \/>\n\u017be si\u0119 wyra\u017c\u0119 paradoksalnie<br \/>\nAle jestem szalony<br \/>\nBo si\u0119 niestety broni\u0119<\/p>\n<p>Totalitarne systemu mia\u0142y dwie<br \/>\nZasadniczo podstawowe metody<br \/>\nBy si\u0119 rozprawia\u0107 z nieprawomy\u015blnymi<br \/>\nZabijanie bezpo\u015brednie i po\u015brednie<br \/>\n(Cho\u0107by przez niesprawiedliwe s\u0105dy)<br \/>\nI metoda wybitna w swej wyrafinowanej perfidii<br \/>\nCzyli psychuszka<br \/>\nGdzie trafiali tak zwani wrogowie<br \/>\nJedynie s\u0142usznej opcji \u015bwiatopogl\u0105dowej<br \/>\nZnamy to z historii<br \/>\nW jakiej my \u017cyjemy<br \/>\nTu teraz Polsce<\/p>\n<p>I jeszcze jedno<br \/>\n\u017be si\u0119 tak wyra\u017c\u0119<br \/>\nJe\u015bli kto\u015b wymienia wszystkie<br \/>\nTakie czy inne sk\u0142adniki paradygmatu<br \/>\nA nazywa to jak nazywa<br \/>\nTo czy\u017c to jest choroba<br \/>\nA mo\u017ce po prostu w nazwie chybia<\/p>\n<p><strong>Dzi\u015b \u015bw. Cecylii by\u0142o<\/strong><br \/>\n<strong> Patronki muzyki nie tylko ko\u015bcielnej<\/strong><br \/>\n<strong> Czy\u017c muzyka si\u0119 sprowadza<\/strong><br \/>\n<strong> Tylko do jednego gatunku<\/strong><br \/>\n<strong> Czy\u017c nie ma r\u00f3\u017cnej dynamiki<\/strong><\/p>\n<p><strong>Czy\u017c \u017cycie jest tylko pastelowe<\/strong><br \/>\n<strong> Przypomnia\u0142 mi si\u0119 pewien film<\/strong><br \/>\n<strong> <em>Milczenie owiec<\/em><\/strong><br \/>\n<strong> Gdzie pewien psychopata<\/strong><br \/>\n<strong> Kt\u00f3ry mordowa\u0142 bez pardonu ludzi<\/strong><br \/>\n<strong> S\u0142ucha\u0142 muzyki powa\u017cnej<\/strong><br \/>\n<strong> Mniejsza o to jakiej<\/strong><br \/>\n<strong> Bacha Beethovena a mo\u017ce Mozarta<\/strong><br \/>\n<strong> Ju\u017c dobrze nie pami\u0119tam<\/strong><br \/>\n<strong> I by\u0142 bardzo spokojny uk\u0142adny<\/strong><br \/>\n<strong> W perfidii pope\u0142niania zbrodni<\/strong><br \/>\n<strong> Taki psychopata kulturalny<\/strong><\/p>\n<p><strong><a href=\"http:\/\/hubertpietka.bialystok.pl\/wp-content\/uploads\/2022\/11\/IMG_20221123_011912.jpg\"><img loading=\"lazy\" decoding=\"async\" class=\"alignnone size-thumbnail wp-image-6495\" src=\"http:\/\/hubertpietka.bialystok.pl\/wp-content\/uploads\/2022\/11\/IMG_20221123_011912-150x150.jpg\" alt=\"\" width=\"150\" height=\"150\" srcset=\"https:\/\/hubertpietka.bialystok.pl\/wp-content\/uploads\/2022\/11\/IMG_20221123_011912-150x150.jpg 150w, https:\/\/hubertpietka.bialystok.pl\/wp-content\/uploads\/2022\/11\/IMG_20221123_011912-75x75.jpg 75w\" sizes=\"auto, (max-width: 150px) 100vw, 150px\" \/><\/a><\/strong><\/p>\n<p>Na zdj. Maryja kr\u00f3luje<br \/>\nNie tylko w ko\u015bciele pi\u0105tnickim<br \/>\nKr\u00f3luj Maryjo<br \/>\nBy ludzie zrozumieli<br \/>\nCo jest czym i jakie jest co<\/p>\n<p><em>Totus Tuus<\/em><\/p>\n<p style=\"text-align: center;\"><a href=\"https:\/\/youtu.be\/rGZaFEyOy5s\"><strong><em>Feel &amp; Lanberry &#8211; Gotowi na wszystko\u00a0<\/em><\/strong><\/a><\/p>\n<p style=\"text-align: right;\"><a href=\"https:\/\/youtu.be\/DHRCsUxCOfw\"><em><strong>Maria Sadowska &amp; Kayah &#8211; Kocham Ci\u0119\u00a0<\/strong><\/em><\/a><\/p>\n","protected":false},"excerpt":{"rendered":"<p>Co \/ jest tu? Jest wyrok czy nie Mniejsza o to \u017ce niesprawiedliwy Jest czy nie A zapomnia\u0142em Pok\u00f3j i bezpiecze\u0144stwo przecie\u017c Jakby kto\u015b nie&hellip; <\/p>\n","protected":false},"author":1,"featured_media":0,"parent":0,"menu_order":0,"comment_status":"closed","ping_status":"closed","template":"","meta":{"footnotes":""},"class_list":["post-6494","page","type-page","status-publish","hentry"],"_links":{"self":[{"href":"https:\/\/hubertpietka.bialystok.pl\/index.php?rest_route=\/wp\/v2\/pages\/6494","targetHints":{"allow":["GET"]}}],"collection":[{"href":"https:\/\/hubertpietka.bialystok.pl\/index.php?rest_route=\/wp\/v2\/pages"}],"about":[{"href":"https:\/\/hubertpietka.bialystok.pl\/index.php?rest_route=\/wp\/v2\/types\/page"}],"author":[{"embeddable":true,"href":"https:\/\/hubertpietka.bialystok.pl\/index.php?rest_route=\/wp\/v2\/users\/1"}],"replies":[{"embeddable":true,"href":"https:\/\/hubertpietka.bialystok.pl\/index.php?rest_route=%2Fwp%2Fv2%2Fcomments&post=6494"}],"version-history":[{"count":1,"href":"https:\/\/hubertpietka.bialystok.pl\/index.php?rest_route=\/wp\/v2\/pages\/6494\/revisions"}],"predecessor-version":[{"id":6496,"href":"https:\/\/hubertpietka.bialystok.pl\/index.php?rest_route=\/wp\/v2\/pages\/6494\/revisions\/6496"}],"wp:attachment":[{"href":"https:\/\/hubertpietka.bialystok.pl\/index.php?rest_route=%2Fwp%2Fv2%2Fmedia&parent=6494"}],"curies":[{"name":"wp","href":"https:\/\/api.w.org\/{rel}","templated":true}]}}