{"id":6501,"date":"2022-11-23T16:23:07","date_gmt":"2022-11-23T16:23:07","guid":{"rendered":"http:\/\/hubertpietka.bialystok.pl\/?page_id=6501"},"modified":"2022-11-23T16:23:07","modified_gmt":"2022-11-23T16:23:07","slug":"wykaraskac-sie-z-potrzaskow","status":"publish","type":"page","link":"https:\/\/hubertpietka.bialystok.pl\/?page_id=6501","title":{"rendered":"Wykaraska\u0107 si\u0119 \/ z potrzask\u00f3w"},"content":{"rendered":"<p><em><strong>Wykaraska\u0107 si\u0119 \/ z potrzask\u00f3w<\/strong><\/em><\/p>\n<p>Nigdy si\u0119 nie pogodz\u0119<br \/>\nZ *wyrokami &#8211; wykrokami* niesprawiedliwymi<br \/>\nKogokolwiek mia\u0142yby one dotyczy\u0107<br \/>\nA tam bardziej tej <em>najbli\u017cszej cia\u0142u koszuli<\/em><\/p>\n<p>Nigdy si\u0119 nie pogodz\u0119<br \/>\nBy niewinnych mia\u0142 spotka\u0107 los z\u0142oczy\u0144c\u00f3w<\/p>\n<p><a href=\"http:\/\/hubertpietka.bialystok.pl\/wp-content\/uploads\/2022\/11\/IMG_20221123_170109.jpg\"><img loading=\"lazy\" decoding=\"async\" class=\"alignnone size-thumbnail wp-image-6502\" src=\"http:\/\/hubertpietka.bialystok.pl\/wp-content\/uploads\/2022\/11\/IMG_20221123_170109-150x150.jpg\" alt=\"\" width=\"150\" height=\"150\" srcset=\"https:\/\/hubertpietka.bialystok.pl\/wp-content\/uploads\/2022\/11\/IMG_20221123_170109-150x150.jpg 150w, https:\/\/hubertpietka.bialystok.pl\/wp-content\/uploads\/2022\/11\/IMG_20221123_170109-75x75.jpg 75w\" sizes=\"auto, (max-width: 150px) 100vw, 150px\" \/><\/a><\/p>\n<p><em>Na zdj. Kaplica Adoracji<\/em><br \/>\n<em> Ko\u015bci\u00f3\u0142 w *Kol-nie*<\/em><br \/>\n<em> *Kolcem w ni\u0105* o nie<\/em><br \/>\n<em> Tu czy tam<\/em><br \/>\n<em> Gdy z ni\u0105 czy sama<\/em><br \/>\n<em> Nigdy si\u0119 nie pogodz\u0119<\/em><br \/>\n<em> Z niesprawiedliwo\u015bci\u0105 pora\u017caj\u0105c\u0105 serce<\/em><br \/>\n<em> Poch\u0142aniaj\u0105c\u0105 dobro i pi\u0119kno<\/em><\/p>\n<p><em>Dzi\u015b \u015bw. *Kajetana*<\/em><br \/>\n<em> *Kaja\u0107* si\u0119 maj\u0105 ci<\/em><br \/>\n<em> Kt\u00f3rzy nic z\u0142ego nie zrobili<\/em><br \/>\n<em> Czy\u017c nie na odwr\u00f3t czasem<\/em><br \/>\n<em> Kaja\u0107 si\u0119 powinni prawdziwi zbrodniarze<\/em><\/p>\n<p><em>I je\u015bli&#8230;<\/em><\/p>\n<p><a href=\"https:\/\/youtu.be\/Yt1VKYG3Uys\"><em><strong>Szcz\u0119\u015bliwy kto sobie patrona<\/strong><\/em><\/a><\/p>\n","protected":false},"excerpt":{"rendered":"<p>Wykaraska\u0107 si\u0119 \/ z potrzask\u00f3w Nigdy si\u0119 nie pogodz\u0119 Z *wyrokami &#8211; wykrokami* niesprawiedliwymi Kogokolwiek mia\u0142yby one dotyczy\u0107 A tam bardziej tej najbli\u017cszej cia\u0142u koszuli&hellip; <\/p>\n","protected":false},"author":1,"featured_media":0,"parent":0,"menu_order":0,"comment_status":"closed","ping_status":"closed","template":"","meta":{"footnotes":""},"class_list":["post-6501","page","type-page","status-publish","hentry"],"_links":{"self":[{"href":"https:\/\/hubertpietka.bialystok.pl\/index.php?rest_route=\/wp\/v2\/pages\/6501","targetHints":{"allow":["GET"]}}],"collection":[{"href":"https:\/\/hubertpietka.bialystok.pl\/index.php?rest_route=\/wp\/v2\/pages"}],"about":[{"href":"https:\/\/hubertpietka.bialystok.pl\/index.php?rest_route=\/wp\/v2\/types\/page"}],"author":[{"embeddable":true,"href":"https:\/\/hubertpietka.bialystok.pl\/index.php?rest_route=\/wp\/v2\/users\/1"}],"replies":[{"embeddable":true,"href":"https:\/\/hubertpietka.bialystok.pl\/index.php?rest_route=%2Fwp%2Fv2%2Fcomments&post=6501"}],"version-history":[{"count":1,"href":"https:\/\/hubertpietka.bialystok.pl\/index.php?rest_route=\/wp\/v2\/pages\/6501\/revisions"}],"predecessor-version":[{"id":6503,"href":"https:\/\/hubertpietka.bialystok.pl\/index.php?rest_route=\/wp\/v2\/pages\/6501\/revisions\/6503"}],"wp:attachment":[{"href":"https:\/\/hubertpietka.bialystok.pl\/index.php?rest_route=%2Fwp%2Fv2%2Fmedia&parent=6501"}],"curies":[{"name":"wp","href":"https:\/\/api.w.org\/{rel}","templated":true}]}}