{"id":6510,"date":"2022-11-24T23:57:46","date_gmt":"2022-11-24T23:57:46","guid":{"rendered":"http:\/\/hubertpietka.bialystok.pl\/?page_id=6510"},"modified":"2022-11-25T00:02:07","modified_gmt":"2022-11-25T00:02:07","slug":"kula-w-mena-czy-cool-man-a-sw-koleman-tu-ten","status":"publish","type":"page","link":"https:\/\/hubertpietka.bialystok.pl\/?page_id=6510","title":{"rendered":"*Kul\u0105 w mena* czy *cool-man* \/ a \u015bw. Kolman tu ten"},"content":{"rendered":"<p><strong>*Kul\u0105 w <em>mena<\/em>* czy *<em>cool-man<\/em>* \/ a \u015bw. Kolman tu ten\u00a0<\/strong><\/p>\n<p>Dzi\u015b podobno \u015bw. *Kol-<em>mana<\/em>*<br \/>\n*Kolcem w <em>mana<\/em>* w m\u0119\u017cczyzn\u0119<br \/>\nW kobiet\u0119 w cz\u0142owieka<br \/>\nCzy mo\u017ce *Kole-\u017ce\u0144stwo <em>mana<\/em>* cz\u0142owieka<br \/>\nOni ich<\/p>\n<p>I je\u015bli cokolwieczunio jeszcze<br \/>\nPoza tym co ju\u017c<br \/>\nUfam Tobie Panie<br \/>\nPrzyjd\u017a a oni nie<br \/>\nUfam zawsze Tobie<\/p>\n<p>Dzi\u015b te\u017c podobnie\u017c \u015bw. *Bal-sam-ona*<br \/>\n*Bal sam one-go* bal samego<br \/>\nCzy mo\u017ce *Bal Salomona*<br \/>\nA mo\u017ce na wszystko najlepszy<br \/>\n*Balsam ona*<\/p>\n<p>Ave Maryja<br \/>\nProwad\u017a c\u00f3rk\u0119 swoj\u0105<br \/>\nKt\u00f3r\u0105 Jezus dobrze pozna\u0142<br \/>\nPrzez czas jaki\u015b zanim<br \/>\nMi j\u0105 da\u0142 On niegodnemu<\/p>\n<p><a href=\"http:\/\/hubertpietka.bialystok.pl\/wp-content\/uploads\/2022\/11\/IMG_20221125_002655.jpg\"><img loading=\"lazy\" decoding=\"async\" class=\"alignnone size-thumbnail wp-image-6511\" src=\"http:\/\/hubertpietka.bialystok.pl\/wp-content\/uploads\/2022\/11\/IMG_20221125_002655-150x150.jpg\" alt=\"\" width=\"150\" height=\"150\" srcset=\"https:\/\/hubertpietka.bialystok.pl\/wp-content\/uploads\/2022\/11\/IMG_20221125_002655-150x150.jpg 150w, https:\/\/hubertpietka.bialystok.pl\/wp-content\/uploads\/2022\/11\/IMG_20221125_002655-75x75.jpg 75w\" sizes=\"auto, (max-width: 150px) 100vw, 150px\" \/><\/a><\/p>\n<p><em>Na zdj. Kobieta u *stu-dni* z Jezusem<\/em><br \/>\n<em> On z ni\u0105 rozmawia a uczniowie si\u0119 dziwi\u0105<\/em><br \/>\n<em> Czas pewien okre\u015blony wystarczy\u0142<\/em><br \/>\n<em> Aby ona rozpozna\u0142a w Nim \u015bwiata Zbawiciele<\/em><br \/>\n<em> I posz\u0142a aby to g\u0142osi\u0107<\/em><\/p>\n<p><em>Czas obrazowo przedstawiony<\/em><br \/>\n<em> Jako pewien okres zamkni\u0119ty<\/em><br \/>\n<em> Przeznaczony na rozpoznanie<\/em><br \/>\n<em> Ma s\u0142u\u017cy\u0107 pe\u0142nemu s\u0142u\u017ceniu Panu<\/em><br \/>\n<em> Tak jak to jest dane<\/em><\/p>\n<p><strong>I zwierz\u0119ta kto ma wie<\/strong><br \/>\n<strong> Iskr\u0119 w sobie Bo\u017c\u0105 maj\u0105<\/strong><br \/>\n<strong> Te kt\u00f3re mamy bezpo\u015brednio potencjalnie<\/strong><br \/>\n<strong> Kt\u00f3ra ich odpowiednio prowadzi<\/strong><br \/>\n<strong> W s\u0142u\u017cbie Bogu i ludziom<\/strong><\/p>\n<p style=\"text-align: center;\"><strong>\/<\/strong><\/p>\n<p style=\"text-align: right;\"><a href=\"https:\/\/youtu.be\/TdYS0fzv4tc\"><em><strong>Do serca przytul psa &#8211; Jan Kaczmarek &amp; Kabaret Elita\u00a0<\/strong><\/em><\/a><\/p>\n","protected":false},"excerpt":{"rendered":"<p>*Kul\u0105 w mena* czy *cool-man* \/ a \u015bw. Kolman tu ten\u00a0 Dzi\u015b podobno \u015bw. *Kol-mana* *Kolcem w mana* w m\u0119\u017cczyzn\u0119 W kobiet\u0119 w cz\u0142owieka Czy&hellip; <\/p>\n","protected":false},"author":1,"featured_media":0,"parent":0,"menu_order":0,"comment_status":"closed","ping_status":"closed","template":"","meta":{"footnotes":""},"class_list":["post-6510","page","type-page","status-publish","hentry"],"_links":{"self":[{"href":"https:\/\/hubertpietka.bialystok.pl\/index.php?rest_route=\/wp\/v2\/pages\/6510","targetHints":{"allow":["GET"]}}],"collection":[{"href":"https:\/\/hubertpietka.bialystok.pl\/index.php?rest_route=\/wp\/v2\/pages"}],"about":[{"href":"https:\/\/hubertpietka.bialystok.pl\/index.php?rest_route=\/wp\/v2\/types\/page"}],"author":[{"embeddable":true,"href":"https:\/\/hubertpietka.bialystok.pl\/index.php?rest_route=\/wp\/v2\/users\/1"}],"replies":[{"embeddable":true,"href":"https:\/\/hubertpietka.bialystok.pl\/index.php?rest_route=%2Fwp%2Fv2%2Fcomments&post=6510"}],"version-history":[{"count":2,"href":"https:\/\/hubertpietka.bialystok.pl\/index.php?rest_route=\/wp\/v2\/pages\/6510\/revisions"}],"predecessor-version":[{"id":6515,"href":"https:\/\/hubertpietka.bialystok.pl\/index.php?rest_route=\/wp\/v2\/pages\/6510\/revisions\/6515"}],"wp:attachment":[{"href":"https:\/\/hubertpietka.bialystok.pl\/index.php?rest_route=%2Fwp%2Fv2%2Fmedia&parent=6510"}],"curies":[{"name":"wp","href":"https:\/\/api.w.org\/{rel}","templated":true}]}}