{"id":652,"date":"2017-07-14T11:31:26","date_gmt":"2017-07-14T11:31:26","guid":{"rendered":"http:\/\/hubertpietka.bialystok.pl\/?page_id=652"},"modified":"2017-07-14T11:41:11","modified_gmt":"2017-07-14T11:41:11","slug":"quo-vadis-miasto","status":"publish","type":"page","link":"https:\/\/hubertpietka.bialystok.pl\/?page_id=652","title":{"rendered":"Quo vadis&#8230; Miasto?"},"content":{"rendered":"<p><em><strong>Quo vadis\u2026 Miasto?<\/strong><\/em><\/p>\n<p>&nbsp;<\/p>\n<p style=\"text-align: center;\"><strong>Czy chcecie \u017cy\u0107 w zbrodniczym mie\u015bcie?<\/strong><\/p>\n<p><a href=\"http:\/\/hubertpietka.bialystok.pl\/?page_id=655\">\u201eQuo vadis\u201d H. Sienkiewicza \u2013 Rzym Nerona<\/a><\/p>\n<p>&nbsp;<\/p>\n<p style=\"text-align: center;\"><strong>Czy w mie\u015bcie pokoju?<\/strong><\/p>\n<p><a href=\"http:\/\/hubertpietka.bialystok.pl\/?page_id=658\">Nowe Jeruzalem &#8211; Apokalipsa \u015aw. Jana<\/a><\/p>\n<p>&nbsp;<\/p>\n<p style=\"text-align: right;\"><strong>Sami o tym decydujecie.<\/strong><\/p>\n<p style=\"text-align: right;\"><strong>Czy chcecie, czy nie chcecie.<\/strong><\/p>\n<p style=\"text-align: right;\"><strong>Swoimi czynami przysz\u0142o\u015b\u0107 sw\u0105 definiujecie.<\/strong><\/p>\n<p style=\"text-align: right;\"><strong>Je\u015bli si\u0119 nie odmienicie, zginiecie\u2026<\/strong><\/p>\n<p>&nbsp;<\/p>\n<p><a href=\"https:\/\/www.youtube.com\/watch?v=tVlqcpvbnds\">KSU \u2013 \u201eNa kraw\u0119dzi snu\u201d \/Miasto i szok\/<\/a><\/p>\n<p><a href=\"https:\/\/www.youtube.com\/watch?v=bR9dGWmmbyc\">Houk \u2013 \u201e\u017byj\u0119 w tym mie\u015bcie\u201d<\/a><\/p>\n<p style=\"text-align: right;\">Bia\u0142ystok, 14.07.21017 r.<\/p>\n","protected":false},"excerpt":{"rendered":"<p>Quo vadis\u2026 Miasto? &nbsp; Czy chcecie \u017cy\u0107 w zbrodniczym mie\u015bcie? \u201eQuo vadis\u201d H. Sienkiewicza \u2013 Rzym Nerona &nbsp; Czy w mie\u015bcie pokoju? Nowe Jeruzalem &#8211;&hellip; <\/p>\n","protected":false},"author":1,"featured_media":0,"parent":0,"menu_order":0,"comment_status":"closed","ping_status":"closed","template":"","meta":{"footnotes":""},"class_list":["post-652","page","type-page","status-publish","hentry"],"_links":{"self":[{"href":"https:\/\/hubertpietka.bialystok.pl\/index.php?rest_route=\/wp\/v2\/pages\/652","targetHints":{"allow":["GET"]}}],"collection":[{"href":"https:\/\/hubertpietka.bialystok.pl\/index.php?rest_route=\/wp\/v2\/pages"}],"about":[{"href":"https:\/\/hubertpietka.bialystok.pl\/index.php?rest_route=\/wp\/v2\/types\/page"}],"author":[{"embeddable":true,"href":"https:\/\/hubertpietka.bialystok.pl\/index.php?rest_route=\/wp\/v2\/users\/1"}],"replies":[{"embeddable":true,"href":"https:\/\/hubertpietka.bialystok.pl\/index.php?rest_route=%2Fwp%2Fv2%2Fcomments&post=652"}],"version-history":[{"count":3,"href":"https:\/\/hubertpietka.bialystok.pl\/index.php?rest_route=\/wp\/v2\/pages\/652\/revisions"}],"predecessor-version":[{"id":660,"href":"https:\/\/hubertpietka.bialystok.pl\/index.php?rest_route=\/wp\/v2\/pages\/652\/revisions\/660"}],"wp:attachment":[{"href":"https:\/\/hubertpietka.bialystok.pl\/index.php?rest_route=%2Fwp%2Fv2%2Fmedia&parent=652"}],"curies":[{"name":"wp","href":"https:\/\/api.w.org\/{rel}","templated":true}]}}